{"id":339685,"date":"2026-05-15T09:42:38","date_gmt":"2026-05-15T13:42:38","guid":{"rendered":"https:\/\/peilishop.com\/?post_type=product&#038;p=339685"},"modified":"2026-05-15T10:32:12","modified_gmt":"2026-05-15T14:32:12","slug":"sciarpa-in-cashmere-kiana-featherlight-arancione-copy","status":"publish","type":"product","link":"https:\/\/peilishop.com\/it\/prodotto\/sciarpa-in-cashmere-kiana-featherlight-arancione-copy\/","title":{"rendered":"Sciarpa in cashmere Kiana Featherlight &#8211; Arancione (Copy)"},"content":{"rendered":"\t\t<div data-elementor-type=\"wp-post\" data-elementor-id=\"339685\" class=\"elementor elementor-339685 elementor-339682\" data-elementor-post-type=\"product\">\n\t\t\t\t\t\t<section class=\"wd-negative-gap elementor-section elementor-top-section elementor-element elementor-element-309ee49 elementor-section-boxed elementor-section-height-default elementor-section-height-default\" data-id=\"309ee49\" data-element_type=\"section\" data-e-type=\"section\">\n\t\t\t\t\t\t<div class=\"elementor-container elementor-column-gap-default\">\n\t\t\t\t\t<div class=\"elementor-column elementor-col-100 elementor-top-column elementor-element elementor-element-27c6e88\" data-id=\"27c6e88\" data-element_type=\"column\" data-e-type=\"column\">\n\t\t\t<div class=\"elementor-widget-wrap elementor-element-populated\">\n\t\t\t\t\t\t<div class=\"elementor-element elementor-element-ffd11f9 color-scheme-inherit text-left elementor-widget elementor-widget-text-editor\" data-id=\"ffd11f9\" data-element_type=\"widget\" data-e-type=\"widget\" data-widget_type=\"text-editor.default\">\n\t\t\t\t<div class=\"elementor-widget-container\">\n\t\t\t\t\t\t\t\t\t<p>Avvolgiti nel pi\u00f9 morbido dei colori con la sciarpa Kiana. Realizzata in cashmere di prima qualit\u00e0, questa sciarpa passa da una calda tonalit\u00e0 arancione a un beige neutro, aggiungendo un tocco di calore sofisticato a qualsiasi ensemble. Grazie alla sua sensazione di leggerezza, non ti surriscalderai nei mesi pi\u00f9 freddi quando sei in giro.    <\/p><ul><li><span data-preserver-spaces=\"true\">Materiale: <\/span><span data-preserver-spaces=\"true\">100% Cashmere mongolo di grado A <\/span> <\/li><li><span data-preserver-spaces=\"true\">  Comfort: Morbidissimo e traspirante, non pizzica e non si surriscalda.<\/span><\/li><li><span data-preserver-spaces=\"true\">Dimensioni: 220cm x 75cm\/ 87&#8243; x 30&#8243;<br><\/span><\/li><li><span data-preserver-spaces=\"true\">Piuma leggera: 90 grammi<\/span><\/li><li><span data-preserver-spaces=\"true\">Realizzato con cura nella Mongolia interna<\/span><\/li><\/ul>\t\t\t\t\t\t\t\t<\/div>\n\t\t\t\t<\/div>\n\t\t\t\t\t<\/div>\n\t\t<\/div>\n\t\t\t\t\t<\/div>\n\t\t<\/section>\n\t\t\t\t<\/div>\n\t\t","protected":false},"excerpt":{"rendered":"<p>Avvolgiti nel pi\u00f9 morbido dei colori con la sciarpa Kiana. Realizzata in cashmere di prima qualit\u00e0, questa sciarpa passa da<\/p>\n","protected":false},"featured_media":339697,"comment_status":"open","ping_status":"closed","template":"","meta":[],"product_brand":[],"product_cat":[1119,1612],"product_tag":[1767,1733],"class_list":{"0":"post-339685","1":"product","2":"type-product","3":"status-publish","4":"has-post-thumbnail","6":"product_cat-sciarpe-e-fasce","7":"product_cat-sciarpe-in-cashmere-featherlight","8":"product_tag-gradiente","9":"product_tag-lightweight-scarves","10":"product_shipping_class-foldable","11":"pa_color-arancione-brillante","12":"pa_color-blu-navy","13":"pa_color-viola-perlato","14":"pa_material-cashmere-it","15":"pa_pattern-gradient","17":"first","18":"instock","19":"shipping-taxable","20":"purchasable","21":"product-type-variable"},"_links":{"self":[{"href":"https:\/\/peilishop.com\/it\/wp-json\/wp\/v2\/product\/339685","targetHints":{"allow":["GET"]}}],"collection":[{"href":"https:\/\/peilishop.com\/it\/wp-json\/wp\/v2\/product"}],"about":[{"href":"https:\/\/peilishop.com\/it\/wp-json\/wp\/v2\/types\/product"}],"replies":[{"embeddable":true,"href":"https:\/\/peilishop.com\/it\/wp-json\/wp\/v2\/comments?post=339685"}],"version-history":[{"count":1,"href":"https:\/\/peilishop.com\/it\/wp-json\/wp\/v2\/product\/339685\/revisions"}],"predecessor-version":[{"id":339752,"href":"https:\/\/peilishop.com\/it\/wp-json\/wp\/v2\/product\/339685\/revisions\/339752"}],"wp:featuredmedia":[{"embeddable":true,"href":"https:\/\/peilishop.com\/it\/wp-json\/wp\/v2\/media\/339697"}],"wp:attachment":[{"href":"https:\/\/peilishop.com\/it\/wp-json\/wp\/v2\/media?parent=339685"}],"wp:term":[{"taxonomy":"product_brand","embeddable":true,"href":"https:\/\/peilishop.com\/it\/wp-json\/wp\/v2\/product_brand?post=339685"},{"taxonomy":"product_cat","embeddable":true,"href":"https:\/\/peilishop.com\/it\/wp-json\/wp\/v2\/product_cat?post=339685"},{"taxonomy":"product_tag","embeddable":true,"href":"https:\/\/peilishop.com\/it\/wp-json\/wp\/v2\/product_tag?post=339685"}],"curies":[{"name":"wp","href":"https:\/\/api.w.org\/{rel}","templated":true}]}}