{"id":339224,"date":"2026-03-23T10:24:47","date_gmt":"2026-03-23T14:24:47","guid":{"rendered":"https:\/\/peilishop.com\/product\/tote-in-rafia-beth\/"},"modified":"2026-05-08T09:48:47","modified_gmt":"2026-05-08T13:48:47","slug":"tote-in-rafia-beth","status":"publish","type":"product","link":"https:\/\/peilishop.com\/it\/prodotto\/tote-in-rafia-beth\/","title":{"rendered":"Tote in rafia Beth"},"content":{"rendered":"\t\t<div data-elementor-type=\"wp-post\" data-elementor-id=\"339224\" class=\"elementor elementor-339224 elementor-13617\" data-elementor-post-type=\"product\">\n\t\t\t\t\t\t<section class=\"wd-negative-gap elementor-section elementor-top-section elementor-element elementor-element-309ee49 elementor-section-boxed elementor-section-height-default elementor-section-height-default\" data-id=\"309ee49\" data-element_type=\"section\" data-e-type=\"section\">\n\t\t\t\t\t\t<div class=\"elementor-container elementor-column-gap-default\">\n\t\t\t\t\t<div class=\"elementor-column elementor-col-100 elementor-top-column elementor-element elementor-element-27c6e88\" data-id=\"27c6e88\" data-element_type=\"column\" data-e-type=\"column\">\n\t\t\t<div class=\"elementor-widget-wrap elementor-element-populated\">\n\t\t\t\t\t\t<div class=\"elementor-element elementor-element-ffd11f9 color-scheme-inherit text-left elementor-widget elementor-widget-text-editor\" data-id=\"ffd11f9\" data-element_type=\"widget\" data-e-type=\"widget\" data-widget_type=\"text-editor.default\">\n\t\t\t\t<div class=\"elementor-widget-container\">\n\t\t\t\t\t\t\t\t\t<p style=\"text-align: left;\"><span data-preserver-spaces=\"true\">Realizzata in rafia di alta qualit\u00e0, la tote Beth \u00e8 un capolavoro di artigianato. L&#8217;esterno \u00e8 impreziosito da un intricato motivo floreale che aggiunge un tocco di fascino romantico, mentre l&#8217;interno spazioso \u00e8 perfetto per trasportare tutti i tuoi oggetti quotidiani, dalla bottiglia d&#8217;acqua al computer portatile, rendendola tanto funzionale quanto elegante. <\/span><\/p><ul><li style=\"text-align: left;\"><span data-preserver-spaces=\"true\">Materiale: Rafia del Madagascar<\/span><\/li><li style=\"text-align: left;\"><span data-preserver-spaces=\"true\">Dettagli interni: sfoderato<\/span><\/li><\/ul>\t\t\t\t\t\t\t\t<\/div>\n\t\t\t\t<\/div>\n\t\t\t\t\t<\/div>\n\t\t<\/div>\n\t\t\t\t\t<\/div>\n\t\t<\/section>\n\t\t\t\t<\/div>\n\t\t","protected":false},"excerpt":{"rendered":"<p>Realizzata in rafia di alta qualit\u00e0, la tote Beth \u00e8 un capolavoro di artigianato. L&#8217;esterno \u00e8 impreziosito da un intricato<\/p>\n","protected":false},"featured_media":338077,"comment_status":"open","ping_status":"closed","template":"","meta":[],"product_brand":[],"product_cat":[1684,1789,1790],"product_tag":[1663],"class_list":{"0":"post-339224","1":"product","2":"type-product","3":"status-publish","4":"has-post-thumbnail","6":"product_cat-borse","7":"product_cat-borse-a-tracolla","8":"product_cat-borse-in-rafia","9":"product_tag-rafia","10":"product_shipping_class-borsa-a-cesto-cappello-grande","11":"pa_color-beige-it","12":"pa_color-rosso","13":"pa_material-rafia","14":"pa_pattern-floral","16":"first","17":"instock","18":"shipping-taxable","19":"purchasable","20":"product-type-variable","21":"has-default-attributes"},"_links":{"self":[{"href":"https:\/\/peilishop.com\/it\/wp-json\/wp\/v2\/product\/339224","targetHints":{"allow":["GET"]}}],"collection":[{"href":"https:\/\/peilishop.com\/it\/wp-json\/wp\/v2\/product"}],"about":[{"href":"https:\/\/peilishop.com\/it\/wp-json\/wp\/v2\/types\/product"}],"replies":[{"embeddable":true,"href":"https:\/\/peilishop.com\/it\/wp-json\/wp\/v2\/comments?post=339224"}],"version-history":[{"count":0,"href":"https:\/\/peilishop.com\/it\/wp-json\/wp\/v2\/product\/339224\/revisions"}],"wp:featuredmedia":[{"embeddable":true,"href":"https:\/\/peilishop.com\/it\/wp-json\/wp\/v2\/media\/338077"}],"wp:attachment":[{"href":"https:\/\/peilishop.com\/it\/wp-json\/wp\/v2\/media?parent=339224"}],"wp:term":[{"taxonomy":"product_brand","embeddable":true,"href":"https:\/\/peilishop.com\/it\/wp-json\/wp\/v2\/product_brand?post=339224"},{"taxonomy":"product_cat","embeddable":true,"href":"https:\/\/peilishop.com\/it\/wp-json\/wp\/v2\/product_cat?post=339224"},{"taxonomy":"product_tag","embeddable":true,"href":"https:\/\/peilishop.com\/it\/wp-json\/wp\/v2\/product_tag?post=339224"}],"curies":[{"name":"wp","href":"https:\/\/api.w.org\/{rel}","templated":true}]}}