{"id":335708,"date":"2025-10-17T10:02:00","date_gmt":"2025-10-17T14:02:00","guid":{"rendered":"https:\/\/peilishop.com\/product\/sciarpa-avvolgente-in-cashmere-naya-featherlight\/"},"modified":"2026-01-31T02:08:43","modified_gmt":"2026-01-31T07:08:43","slug":"sciarpa-avvolgente-in-cashmere-naya-featherlight","status":"publish","type":"product","link":"https:\/\/peilishop.com\/it\/prodotto\/sciarpa-avvolgente-in-cashmere-naya-featherlight\/","title":{"rendered":"Sciarpa avvolgente in cashmere Naya Featherlight"},"content":{"rendered":"\t\t<div data-elementor-type=\"wp-post\" data-elementor-id=\"335708\" class=\"elementor elementor-335708 elementor-330319\" data-elementor-post-type=\"product\">\n\t\t\t\t\t\t<section class=\"wd-negative-gap elementor-section elementor-top-section elementor-element elementor-element-309ee49 elementor-section-boxed elementor-section-height-default elementor-section-height-default\" data-id=\"309ee49\" data-element_type=\"section\" data-e-type=\"section\">\n\t\t\t\t\t\t<div class=\"elementor-container elementor-column-gap-default\">\n\t\t\t\t\t<div class=\"elementor-column elementor-col-100 elementor-top-column elementor-element elementor-element-27c6e88\" data-id=\"27c6e88\" data-element_type=\"column\" data-e-type=\"column\">\n\t\t\t<div class=\"elementor-widget-wrap elementor-element-populated\">\n\t\t\t\t\t\t<div class=\"elementor-element elementor-element-ffd11f9 elementor-widget-laptop__width-initial color-scheme-inherit text-left elementor-widget elementor-widget-text-editor\" data-id=\"ffd11f9\" data-element_type=\"widget\" data-e-type=\"widget\" data-widget_type=\"text-editor.default\">\n\t\t\t\t<div class=\"elementor-widget-container\">\n\t\t\t\t\t\t\t\t\t<p>Con un&#8217;eleganza senza sforzo, la sciarpa Naya \u00e8 realizzata in pregiato cashmere che si sente come un soffio sulla pelle. Il design \u00e8 caratterizzato da uno sfondo neutro color crema ornato da un esclusivo motivo a pois. Di proporzioni generose, pu\u00f2 essere indossata come un elegante involucro o come un&#8217;accogliente sciarpa, aggiungendo un tocco artistico a qualsiasi ensemble.  <\/p><ul><li><span data-preserver-spaces=\"true\">Materiale: <\/span><span data-preserver-spaces=\"true\">100% Cashmere mongolo di grado A <\/span> <\/li><li><span data-preserver-spaces=\"true\">  Comfort: Morbidissimo e traspirante, non pizzica e non si surriscalda.<\/span><\/li><li><span data-preserver-spaces=\"true\"><span data-preserver-spaces=\"true\"><span data-preserver-spaces=\"true\"><span data-preserver-spaces=\"true\"><span data-preserver-spaces=\"true\">Dimensioni: 200cm x 90cm\/ 79&#8243; x 35.4&#8243;<\/span><\/span><\/span><\/span><\/span><\/li><li>Peso: 60g<\/li><li><span data-preserver-spaces=\"true\"><span data-preserver-spaces=\"true\"><span data-preserver-spaces=\"true\"><span data-preserver-spaces=\"true\"><span data-preserver-spaces=\"true\">Realizzato con cura nella Mongolia interna<\/span><\/span><\/span><\/span><\/span><\/li><\/ul>\t\t\t\t\t\t\t\t<\/div>\n\t\t\t\t<\/div>\n\t\t\t\t\t<\/div>\n\t\t<\/div>\n\t\t\t\t\t<\/div>\n\t\t<\/section>\n\t\t\t\t<\/div>\n\t\t","protected":false},"excerpt":{"rendered":"<p>Con un&#8217;eleganza senza sforzo, la sciarpa Naya \u00e8 realizzata in pregiato cashmere che si sente come un soffio sulla pelle.<\/p>\n","protected":false},"featured_media":330388,"comment_status":"open","ping_status":"closed","template":"","meta":[],"product_brand":[],"product_cat":[1612,1119],"product_tag":[1121,1733],"class_list":{"0":"post-335708","1":"product","2":"type-product","3":"status-publish","4":"has-post-thumbnail","6":"product_cat-sciarpe-in-cashmere-featherlight","7":"product_cat-sciarpe-e-fasce","8":"product_tag-frangiato","9":"product_tag-lightweight-scarves","10":"product_shipping_class-foldable","11":"pa_color-bianco-avorio","12":"pa_material-cashmere-it","13":"pa_pattern-polka-dots","15":"first","16":"instock","17":"shipping-taxable","18":"purchasable","19":"product-type-simple"},"_links":{"self":[{"href":"https:\/\/peilishop.com\/it\/wp-json\/wp\/v2\/product\/335708","targetHints":{"allow":["GET"]}}],"collection":[{"href":"https:\/\/peilishop.com\/it\/wp-json\/wp\/v2\/product"}],"about":[{"href":"https:\/\/peilishop.com\/it\/wp-json\/wp\/v2\/types\/product"}],"replies":[{"embeddable":true,"href":"https:\/\/peilishop.com\/it\/wp-json\/wp\/v2\/comments?post=335708"}],"version-history":[{"count":0,"href":"https:\/\/peilishop.com\/it\/wp-json\/wp\/v2\/product\/335708\/revisions"}],"wp:featuredmedia":[{"embeddable":true,"href":"https:\/\/peilishop.com\/it\/wp-json\/wp\/v2\/media\/330388"}],"wp:attachment":[{"href":"https:\/\/peilishop.com\/it\/wp-json\/wp\/v2\/media?parent=335708"}],"wp:term":[{"taxonomy":"product_brand","embeddable":true,"href":"https:\/\/peilishop.com\/it\/wp-json\/wp\/v2\/product_brand?post=335708"},{"taxonomy":"product_cat","embeddable":true,"href":"https:\/\/peilishop.com\/it\/wp-json\/wp\/v2\/product_cat?post=335708"},{"taxonomy":"product_tag","embeddable":true,"href":"https:\/\/peilishop.com\/it\/wp-json\/wp\/v2\/product_tag?post=335708"}],"curies":[{"name":"wp","href":"https:\/\/api.w.org\/{rel}","templated":true}]}}