{"id":324645,"date":"2023-05-21T10:11:00","date_gmt":"2023-05-21T14:11:00","guid":{"rendered":"https:\/\/peilishop.com\/product\/ariella-triangle-line-print-square-silk-scarf\/"},"modified":"2025-07-03T05:35:30","modified_gmt":"2025-07-03T09:35:30","slug":"ariella-triangle-line-print-square-silk-scarf","status":"publish","type":"product","link":"https:\/\/peilishop.com\/it\/prodotto\/ariella-triangle-line-print-square-silk-scarf\/","title":{"rendered":"Sciarpa di seta quadrata con stampa a triangolo Ariella"},"content":{"rendered":"\t\t<div data-elementor-type=\"wp-post\" data-elementor-id=\"324645\" class=\"elementor elementor-324645 elementor-55854\" data-elementor-post-type=\"product\">\n\t\t\t\t\t\t<section class=\"wd-negative-gap elementor-section elementor-top-section elementor-element elementor-element-309ee49 elementor-section-boxed elementor-section-height-default elementor-section-height-default\" data-id=\"309ee49\" data-element_type=\"section\" data-e-type=\"section\">\n\t\t\t\t\t\t<div class=\"elementor-container elementor-column-gap-default\">\n\t\t\t\t\t<div class=\"elementor-column elementor-col-100 elementor-top-column elementor-element elementor-element-27c6e88\" data-id=\"27c6e88\" data-element_type=\"column\" data-e-type=\"column\">\n\t\t\t<div class=\"elementor-widget-wrap elementor-element-populated\">\n\t\t\t\t\t\t<div class=\"elementor-element elementor-element-ffd11f9 color-scheme-inherit text-left elementor-widget elementor-widget-text-editor\" data-id=\"ffd11f9\" data-element_type=\"widget\" data-e-type=\"widget\" data-widget_type=\"text-editor.default\">\n\t\t\t\t<div class=\"elementor-widget-container\">\n\t\t\t\t\t\t\t\t\t<p style=\"text-align: left;\"><span data-preserver-spaces=\"true\">Questa splendida sciarpa di seta \u00e8 un accessorio versatile ed elegante che pu\u00f2 essere indossato in diversi modi. Presenta una stampa geometrica a linee triangolari che aggiunger\u00e0 un tocco di lusso e raffinatezza a qualsiasi abbigliamento.   <br><\/span><\/p><ul><li style=\"text-align: left;\"><span data-preserver-spaces=\"true\">Materiale: <\/span><span data-preserver-spaces=\"true\">100%<\/span> seta di gelso di grado 6A <span data-preserver-spaces=\"true\">(14 momme)<br><\/span><\/li><li style=\"text-align: left;\">Dimensioni: 53cm x 53cm\/ 20.86&#8243; x 20.86&#8243;.<\/li><li style=\"text-align: left;\">Forma quadrata<\/li><li style=\"text-align: left;\">Peso: 90 grammi<\/li><li>Realizzato con cura a Hangzhou<\/li><\/ul>\t\t\t\t\t\t\t\t<\/div>\n\t\t\t\t<\/div>\n\t\t\t\t\t<\/div>\n\t\t<\/div>\n\t\t\t\t\t<\/div>\n\t\t<\/section>\n\t\t\t\t<\/div>\n\t\t","protected":false},"excerpt":{"rendered":"<p>Questa splendida sciarpa di seta \u00e8 un accessorio versatile ed elegante che pu\u00f2 essere indossato in diversi modi. Presenta una<\/p>\n","protected":false},"featured_media":323236,"comment_status":"open","ping_status":"closed","template":"","meta":[],"product_brand":[],"product_cat":[1461,1459,1119],"product_tag":[],"class_list":{"0":"post-324645","1":"product","2":"type-product","3":"status-publish","4":"has-post-thumbnail","6":"product_cat-bendaggi-di-seta","7":"product_cat-sciarpe-di-seta","8":"product_cat-sciarpe-e-fasce","9":"product_shipping_class-foldable","10":"pa_color-azzurro-it","11":"pa_color-nero","12":"pa_color-verde-acqua","13":"pa_material-seta","14":"pa_pattern-abstract","16":"first","17":"instock","18":"shipping-taxable","19":"purchasable","20":"product-type-variable"},"_links":{"self":[{"href":"https:\/\/peilishop.com\/it\/wp-json\/wp\/v2\/product\/324645","targetHints":{"allow":["GET"]}}],"collection":[{"href":"https:\/\/peilishop.com\/it\/wp-json\/wp\/v2\/product"}],"about":[{"href":"https:\/\/peilishop.com\/it\/wp-json\/wp\/v2\/types\/product"}],"replies":[{"embeddable":true,"href":"https:\/\/peilishop.com\/it\/wp-json\/wp\/v2\/comments?post=324645"}],"version-history":[{"count":0,"href":"https:\/\/peilishop.com\/it\/wp-json\/wp\/v2\/product\/324645\/revisions"}],"wp:featuredmedia":[{"embeddable":true,"href":"https:\/\/peilishop.com\/it\/wp-json\/wp\/v2\/media\/323236"}],"wp:attachment":[{"href":"https:\/\/peilishop.com\/it\/wp-json\/wp\/v2\/media?parent=324645"}],"wp:term":[{"taxonomy":"product_brand","embeddable":true,"href":"https:\/\/peilishop.com\/it\/wp-json\/wp\/v2\/product_brand?post=324645"},{"taxonomy":"product_cat","embeddable":true,"href":"https:\/\/peilishop.com\/it\/wp-json\/wp\/v2\/product_cat?post=324645"},{"taxonomy":"product_tag","embeddable":true,"href":"https:\/\/peilishop.com\/it\/wp-json\/wp\/v2\/product_tag?post=324645"}],"curies":[{"name":"wp","href":"https:\/\/api.w.org\/{rel}","templated":true}]}}