{"id":324608,"date":"2023-05-22T08:27:00","date_gmt":"2023-05-22T12:27:00","guid":{"rendered":"https:\/\/peilishop.com\/product\/avia-buffalo-fringed-silk-scarf-wrap\/"},"modified":"2025-07-03T05:35:26","modified_gmt":"2025-07-03T09:35:26","slug":"avia-buffalo-fringed-silk-scarf-wrap","status":"publish","type":"product","link":"https:\/\/peilishop.com\/it\/prodotto\/avia-buffalo-fringed-silk-scarf-wrap\/","title":{"rendered":"Avia Buffalo &#8211; Sciarpa di seta con frange &#8211; Wrap"},"content":{"rendered":"\t\t<div data-elementor-type=\"wp-post\" data-elementor-id=\"324608\" class=\"elementor elementor-324608 elementor-55942\" data-elementor-post-type=\"product\">\n\t\t\t\t\t\t<section class=\"wd-negative-gap elementor-section elementor-top-section elementor-element elementor-element-309ee49 elementor-section-boxed elementor-section-height-default elementor-section-height-default\" data-id=\"309ee49\" data-element_type=\"section\" data-e-type=\"section\">\n\t\t\t\t\t\t<div class=\"elementor-container elementor-column-gap-default\">\n\t\t\t\t\t<div class=\"elementor-column elementor-col-100 elementor-top-column elementor-element elementor-element-27c6e88\" data-id=\"27c6e88\" data-element_type=\"column\" data-e-type=\"column\">\n\t\t\t<div class=\"elementor-widget-wrap elementor-element-populated\">\n\t\t\t\t\t\t<div class=\"elementor-element elementor-element-ffd11f9 color-scheme-inherit text-left elementor-widget elementor-widget-text-editor\" data-id=\"ffd11f9\" data-element_type=\"widget\" data-e-type=\"widget\" data-widget_type=\"text-editor.default\">\n\t\t\t\t<div class=\"elementor-widget-container\">\n\t\t\t\t\t\t\t\t\t<p style=\"text-align: left;\">La sciarpa Avia \u00e8 un accessorio lussuoso ed elegante realizzato in seta di alta qualit\u00e0. Presenta un&#8217;audace stampa bufalo ed \u00e8 rifinita con delicati bordi a frange. Pu\u00f2 essere indossata come sciarpa, scialle o involucro, rendendola un&#8217;aggiunta versatile a qualsiasi guardaroba. Il tessuto di seta, morbido e leggero, si drappeggia magnificamente e si sente a proprio agio sulla pelle, rendendolo perfetto per ogni stagione.   <\/p><ul><li style=\"text-align: left;\"><span data-preserver-spaces=\"true\">Materiale: <\/span><span data-preserver-spaces=\"true\">100%<\/span> seta di gelso di grado 6A <span data-preserver-spaces=\"true\">(9 momme)<br><\/span><\/li><li style=\"text-align: left;\">Dimensioni: 65 cm x 200 cm (25,6&#8243; x 78,7&#8243;)<\/li><li style=\"text-align: left;\">Forma rettangolare<\/li><li style=\"text-align: left;\">Peso: 60 grammi<\/li><li style=\"text-align: left;\">Realizzato con cura a Hangzhou<\/li><\/ul>\t\t\t\t\t\t\t\t<\/div>\n\t\t\t\t<\/div>\n\t\t\t\t\t<\/div>\n\t\t<\/div>\n\t\t\t\t\t<\/div>\n\t\t<\/section>\n\t\t\t\t<\/div>\n\t\t","protected":false},"excerpt":{"rendered":"<p>La sciarpa Avia \u00e8 un accessorio lussuoso ed elegante realizzato in seta di alta qualit\u00e0. Presenta un&#8217;audace stampa bufalo ed<\/p>\n","protected":false},"featured_media":257736,"comment_status":"open","ping_status":"closed","template":"","meta":[],"product_brand":[],"product_cat":[1461,1459,1460,1119],"product_tag":[1522],"class_list":{"0":"post-324608","1":"product","2":"type-product","3":"status-publish","4":"has-post-thumbnail","6":"product_cat-bendaggi-di-seta","7":"product_cat-sciarpe-di-seta","8":"product_cat-sciarpe-di-seta-ultraleggere","9":"product_cat-sciarpe-e-fasce","10":"product_tag-animale","11":"product_shipping_class-foldable","12":"pa_color-abbronzatura","13":"pa_color-verde-cacciatore","14":"pa_material-seta","15":"pa_pattern-animal","16":"pa_pattern-patterned","18":"first","19":"instock","20":"shipping-taxable","21":"purchasable","22":"product-type-variable"},"_links":{"self":[{"href":"https:\/\/peilishop.com\/it\/wp-json\/wp\/v2\/product\/324608","targetHints":{"allow":["GET"]}}],"collection":[{"href":"https:\/\/peilishop.com\/it\/wp-json\/wp\/v2\/product"}],"about":[{"href":"https:\/\/peilishop.com\/it\/wp-json\/wp\/v2\/types\/product"}],"replies":[{"embeddable":true,"href":"https:\/\/peilishop.com\/it\/wp-json\/wp\/v2\/comments?post=324608"}],"version-history":[{"count":0,"href":"https:\/\/peilishop.com\/it\/wp-json\/wp\/v2\/product\/324608\/revisions"}],"wp:featuredmedia":[{"embeddable":true,"href":"https:\/\/peilishop.com\/it\/wp-json\/wp\/v2\/media\/257736"}],"wp:attachment":[{"href":"https:\/\/peilishop.com\/it\/wp-json\/wp\/v2\/media?parent=324608"}],"wp:term":[{"taxonomy":"product_brand","embeddable":true,"href":"https:\/\/peilishop.com\/it\/wp-json\/wp\/v2\/product_brand?post=324608"},{"taxonomy":"product_cat","embeddable":true,"href":"https:\/\/peilishop.com\/it\/wp-json\/wp\/v2\/product_cat?post=324608"},{"taxonomy":"product_tag","embeddable":true,"href":"https:\/\/peilishop.com\/it\/wp-json\/wp\/v2\/product_tag?post=324608"}],"curies":[{"name":"wp","href":"https:\/\/api.w.org\/{rel}","templated":true}]}}