{"id":324420,"date":"2023-10-07T00:17:00","date_gmt":"2023-10-07T04:17:00","guid":{"rendered":"https:\/\/peilishop.com\/product\/lyla-reversible-cashmere-scarf\/"},"modified":"2025-07-16T05:01:32","modified_gmt":"2025-07-16T09:01:32","slug":"lyla-reversible-cashmere-scarf","status":"publish","type":"product","link":"https:\/\/peilishop.com\/it\/prodotto\/lyla-reversible-cashmere-scarf\/","title":{"rendered":"Sciarpa Lyla reversibile in cashmere"},"content":{"rendered":"\t\t<div data-elementor-type=\"wp-post\" data-elementor-id=\"324420\" class=\"elementor elementor-324420 elementor-60238\" data-elementor-post-type=\"product\">\n\t\t\t\t\t\t<section class=\"wd-negative-gap elementor-section elementor-top-section elementor-element elementor-element-309ee49 elementor-section-boxed elementor-section-height-default elementor-section-height-default\" data-id=\"309ee49\" data-element_type=\"section\" data-e-type=\"section\">\n\t\t\t\t\t\t<div class=\"elementor-container elementor-column-gap-default\">\n\t\t\t\t\t<div class=\"elementor-column elementor-col-100 elementor-top-column elementor-element elementor-element-27c6e88\" data-id=\"27c6e88\" data-element_type=\"column\" data-e-type=\"column\">\n\t\t\t<div class=\"elementor-widget-wrap elementor-element-populated\">\n\t\t\t\t\t\t<div class=\"elementor-element elementor-element-ffd11f9 color-scheme-inherit text-left elementor-widget elementor-widget-text-editor\" data-id=\"ffd11f9\" data-element_type=\"widget\" data-e-type=\"widget\" data-widget_type=\"text-editor.default\">\n\t\t\t\t<div class=\"elementor-widget-container\">\n\t\t\t\t\t\t\t\t\t<p>Realizzata in lussuoso cashmere, ogni sciarpa ha due splendide tonalit\u00e0 di colore, per darti pi\u00f9 possibilit\u00e0 di coordinare i tuoi outfit. Le deliziose estremit\u00e0 con nappe aggiungono la giusta dose di fascino e divertimento. Qualunque sia l&#8217;occasione, Lyla sar\u00e0 l&#8217;aggiunta definitiva al tuo look.  <\/p><ul><li><span data-preserver-spaces=\"true\">Materiale: <\/span><span data-preserver-spaces=\"true\">100% Cashmere mongolo di grado A <\/span> <\/li><li>Tinti naturalmente, senza sostanze chimiche nocive<\/li><li><span data-preserver-spaces=\"true\">Dimensioni: <\/span><span data-preserver-spaces=\"true\">180cm (164cm+2x8cm di frangia) x 30cm \/ 70.87\u2033 (64.56\u2033+ 2\u00d73.15\u2033 frangia) x 11.8\u2033<\/span><\/li><li><span data-preserver-spaces=\"true\">Peso: 125 grammi<\/span><\/li><li><span data-preserver-spaces=\"true\">Realizzato con cura nella Mongolia interna<\/span><\/li><\/ul>\t\t\t\t\t\t\t\t<\/div>\n\t\t\t\t<\/div>\n\t\t\t\t\t<\/div>\n\t\t<\/div>\n\t\t\t\t\t<\/div>\n\t\t<\/section>\n\t\t\t\t<\/div>\n\t\t","protected":false},"excerpt":{"rendered":"<p>Realizzata in lussuoso cashmere, ogni sciarpa ha due splendide tonalit\u00e0 di colore, per darti pi\u00f9 possibilit\u00e0 di coordinare i tuoi<\/p>\n","protected":false},"featured_media":265428,"comment_status":"open","ping_status":"closed","template":"","meta":[],"product_brand":[],"product_cat":[1745],"product_tag":[1224],"class_list":{"0":"post-324420","1":"product","2":"type-product","3":"status-publish","4":"has-post-thumbnail","6":"product_cat-sciarpe-classiche-in-cashmere","7":"product_tag-semplice","8":"product_shipping_class-foldable","9":"pa_color-blu-piccione","10":"pa_color-blu-polvere","11":"pa_color-cammello","12":"pa_color-khaki-it","13":"pa_color-pedale-rosa","14":"pa_material-cashmere-it","15":"pa_pattern-fringe","16":"pa_pattern-plain","18":"first","19":"instock","20":"shipping-taxable","21":"purchasable","22":"product-type-variable"},"_links":{"self":[{"href":"https:\/\/peilishop.com\/it\/wp-json\/wp\/v2\/product\/324420","targetHints":{"allow":["GET"]}}],"collection":[{"href":"https:\/\/peilishop.com\/it\/wp-json\/wp\/v2\/product"}],"about":[{"href":"https:\/\/peilishop.com\/it\/wp-json\/wp\/v2\/types\/product"}],"replies":[{"embeddable":true,"href":"https:\/\/peilishop.com\/it\/wp-json\/wp\/v2\/comments?post=324420"}],"version-history":[{"count":0,"href":"https:\/\/peilishop.com\/it\/wp-json\/wp\/v2\/product\/324420\/revisions"}],"wp:featuredmedia":[{"embeddable":true,"href":"https:\/\/peilishop.com\/it\/wp-json\/wp\/v2\/media\/265428"}],"wp:attachment":[{"href":"https:\/\/peilishop.com\/it\/wp-json\/wp\/v2\/media?parent=324420"}],"wp:term":[{"taxonomy":"product_brand","embeddable":true,"href":"https:\/\/peilishop.com\/it\/wp-json\/wp\/v2\/product_brand?post=324420"},{"taxonomy":"product_cat","embeddable":true,"href":"https:\/\/peilishop.com\/it\/wp-json\/wp\/v2\/product_cat?post=324420"},{"taxonomy":"product_tag","embeddable":true,"href":"https:\/\/peilishop.com\/it\/wp-json\/wp\/v2\/product_tag?post=324420"}],"curies":[{"name":"wp","href":"https:\/\/api.w.org\/{rel}","templated":true}]}}