{"id":324316,"date":"2025-11-12T12:19:00","date_gmt":"2025-11-12T17:19:00","guid":{"rendered":"https:\/\/peilishop.com\/product\/aani-pure-cashmere-featherlight-scarf-wrap\/"},"modified":"2026-05-07T10:03:46","modified_gmt":"2026-05-07T14:03:46","slug":"aani-pure-cashmere-featherlight-scarf-wrap","status":"publish","type":"product","link":"https:\/\/peilishop.com\/it\/prodotto\/aani-pure-cashmere-featherlight-scarf-wrap\/","title":{"rendered":"Sciarpa a portafoglio in puro cashmere di Aani"},"content":{"rendered":"<p>Ti presentiamo la sciarpa in cashmere Aani Featherlight &#8211; l&#8217;accessorio perfetto per ogni occasione, in ogni periodo dell&#8217;anno! Questa lussuosa sciarpa \u00e8 realizzata con il migliore cashmere, che la rende incredibilmente morbida e leggera ogni volta che la indossi. Nei mesi pi\u00f9 freddi, \u00e8 ideale da indossare a strati per tenerti al caldo, mentre nei mesi pi\u00f9 caldi \u00e8 sufficientemente traspirante per rinfrescarti.  <\/p>\n<ul>\n<li>Materiale: 100% Cashmere mongolo di grado A<\/li>\n<li>Tinti naturalmente, senza sostanze chimiche nocive<\/li>\n<li>Comfort: Morbidissimo e traspirante, non pizzica e non si surriscalda.<\/li>\n<li style=\"text-align: left;\">Dimensioni: 230cm x 100cm\/ 90.5&#8243; x 39.4&#8243;.<\/li>\n<li style=\"text-align: left;\">300 filati<\/li>\n<li>Piuma leggera: 60 grammi<\/li>\n<li>Realizzato con cura nella Mongolia interna<\/li>\n<li>Scatola regalo GRATUITA inclusa con messaggi regalo opzionali<\/li>\n<\/ul>\n","protected":false},"excerpt":{"rendered":"<p>Ti presentiamo la sciarpa in cashmere Aani Featherlight &#8211; l&#8217;accessorio perfetto per ogni occasione, in ogni periodo dell&#8217;anno! Questa lussuosa<\/p>\n","protected":false},"featured_media":211453,"comment_status":"open","ping_status":"closed","template":"","meta":[],"product_brand":[],"product_cat":[1119,1612],"product_tag":[1733,1224],"class_list":{"0":"post-324316","1":"product","2":"type-product","3":"status-publish","4":"has-post-thumbnail","6":"product_cat-sciarpe-e-fasce","7":"product_cat-sciarpe-in-cashmere-featherlight","8":"product_tag-lightweight-scarves","9":"product_tag-semplice","10":"product_shipping_class-foldable","11":"pa_color-abbronzatura","12":"pa_color-air-force-blu","13":"pa_color-arancione-brillante","14":"pa_color-arancione-bruciato","15":"pa_color-argento","16":"pa_color-azzurro-it","17":"pa_color-azzurro","18":"pa_color-azzurro-cielo","19":"pa_color-beige-it","20":"pa_color-bianco","21":"pa_color-bianco-avorio","22":"pa_color-blu","23":"pa_color-blu-fiordaliso","24":"pa_color-blu-inchiostro","25":"pa_color-blu-scuro","26":"pa_color-champagne-it","27":"pa_color-crepuscolo","28":"pa_color-curry","29":"pa_color-giallo","30":"pa_color-giallo-oro","31":"pa_color-giallo-rosa","32":"pa_color-giallo-senape","33":"pa_color-giallo-verde","34":"pa_color-grano","35":"pa_color-grigio-chiaro","36":"pa_color-grigio-scuro","37":"pa_color-khaki-it","38":"pa_color-mandarino","39":"pa_color-mandorla","40":"pa_color-marrone","41":"pa_color-marrone-scuro","42":"pa_color-nero","43":"pa_color-nudo","44":"pa_color-pedale-rosa","45":"pa_color-rosa-it","46":"pa_color-rosa-argento","47":"pa_color-rosa-caldo","48":"pa_color-rosa-chiaro-e-caldo","49":"pa_color-rosa-corallo","50":"pa_color-rosa-del-deserto","51":"pa_color-rosa-pallido","52":"pa_color-rosa-rossa","53":"pa_color-rosso","54":"pa_color-rosso-borgogna","55":"pa_color-rosso-peperoncino","56":"pa_color-verde-it","57":"pa_color-verde-alloro","58":"pa_color-verde-cacciatore","59":"pa_color-verde-felce","60":"pa_color-verde-melata","61":"pa_color-verde-menta-it","62":"pa_color-verde-oliva-it","63":"pa_color-verde-pino","64":"pa_color-viola","65":"pa_color-viola-chiaro","66":"pa_color-viola-perlato","67":"pa_color-zaffiro","68":"pa_material-cashmere-it","69":"pa_pattern-fringe","70":"pa_pattern-plain","72":"first","73":"instock","74":"featured","75":"shipping-taxable","76":"purchasable","77":"product-type-variable","78":"has-default-attributes"},"_links":{"self":[{"href":"https:\/\/peilishop.com\/it\/wp-json\/wp\/v2\/product\/324316","targetHints":{"allow":["GET"]}}],"collection":[{"href":"https:\/\/peilishop.com\/it\/wp-json\/wp\/v2\/product"}],"about":[{"href":"https:\/\/peilishop.com\/it\/wp-json\/wp\/v2\/types\/product"}],"replies":[{"embeddable":true,"href":"https:\/\/peilishop.com\/it\/wp-json\/wp\/v2\/comments?post=324316"}],"version-history":[{"count":0,"href":"https:\/\/peilishop.com\/it\/wp-json\/wp\/v2\/product\/324316\/revisions"}],"wp:featuredmedia":[{"embeddable":true,"href":"https:\/\/peilishop.com\/it\/wp-json\/wp\/v2\/media\/211453"}],"wp:attachment":[{"href":"https:\/\/peilishop.com\/it\/wp-json\/wp\/v2\/media?parent=324316"}],"wp:term":[{"taxonomy":"product_brand","embeddable":true,"href":"https:\/\/peilishop.com\/it\/wp-json\/wp\/v2\/product_brand?post=324316"},{"taxonomy":"product_cat","embeddable":true,"href":"https:\/\/peilishop.com\/it\/wp-json\/wp\/v2\/product_cat?post=324316"},{"taxonomy":"product_tag","embeddable":true,"href":"https:\/\/peilishop.com\/it\/wp-json\/wp\/v2\/product_tag?post=324316"}],"curies":[{"name":"wp","href":"https:\/\/api.w.org\/{rel}","templated":true}]}}