{"id":279401,"date":"2022-09-24T03:44:00","date_gmt":"2022-09-24T07:44:00","guid":{"rendered":"https:\/\/peilishop.com\/product\/sciarpa-in-cashmere-reversibile-deva-verde-oliva\/"},"modified":"2025-04-13T22:48:11","modified_gmt":"2025-04-14T02:48:11","slug":"sciarpa-in-cashmere-reversibile-deva-verde-oliva","status":"publish","type":"product","link":"https:\/\/peilishop.com\/it\/prodotto\/sciarpa-in-cashmere-reversibile-deva-verde-oliva\/","title":{"rendered":"Sciarpa in cashmere reversibile Deva &#8211; Verde oliva"},"content":{"rendered":"\t\t<div data-elementor-type=\"wp-post\" data-elementor-id=\"279401\" class=\"elementor elementor-279401 elementor-30711\" data-elementor-post-type=\"product\">\n\t\t\t\t\t\t<section class=\"wd-negative-gap elementor-section elementor-top-section elementor-element elementor-element-309ee49 elementor-section-boxed elementor-section-height-default elementor-section-height-default\" data-id=\"309ee49\" data-element_type=\"section\" data-e-type=\"section\">\n\t\t\t\t\t\t<div class=\"elementor-container elementor-column-gap-default\">\n\t\t\t\t\t<div class=\"elementor-column elementor-col-100 elementor-top-column elementor-element elementor-element-27c6e88\" data-id=\"27c6e88\" data-element_type=\"column\" data-e-type=\"column\">\n\t\t\t<div class=\"elementor-widget-wrap elementor-element-populated\">\n\t\t\t\t\t\t<div class=\"elementor-element elementor-element-ffd11f9 color-scheme-inherit text-left elementor-widget elementor-widget-text-editor\" data-id=\"ffd11f9\" data-element_type=\"widget\" data-e-type=\"widget\" data-widget_type=\"text-editor.default\">\n\t\t\t\t<div class=\"elementor-widget-container\">\n\t\t\t\t\t\t\t\t\t<p>Realizzata in lussuoso cashmere, ogni sciarpa ha due splendide tonalit\u00e0 di colore, per darti pi\u00f9 possibilit\u00e0 di coordinare i tuoi outfit. Le deliziose estremit\u00e0 con nappe aggiungono la giusta dose di fascino e divertimento. Qualunque sia l&#8217;occasione, Deva sar\u00e0 l&#8217;aggiunta definitiva al tuo look.  <\/p><ul><li><span data-preserver-spaces=\"true\">Materiale: <\/span><span data-preserver-spaces=\"true\">100% Cashmere mongolo di grado A <\/span> <\/li><li>Tinti naturalmente, senza sostanze chimiche nocive<\/li><li><span data-preserver-spaces=\"true\">Dimensioni: <\/span><span data-preserver-spaces=\"true\">180cm (164cm+2x8cm nappina) x 30cm \/ 70.87\u2033 (64.5\u2033+ 2\u00d73.15\u2033 nappina) x 11.8\u2033<\/span><\/li><li><span data-preserver-spaces=\"true\"><span data-preserver-spaces=\"true\"><span data-preserver-spaces=\"true\"><span data-preserver-spaces=\"true\">Leggero: 133 grammi<\/span><\/span><\/span><\/span><\/li><li><span data-preserver-spaces=\"true\"><span data-preserver-spaces=\"true\"><span data-preserver-spaces=\"true\"><span data-preserver-spaces=\"true\"><span data-preserver-spaces=\"true\">Realizzato con cura nella Mongolia interna<\/span><\/span><\/span><\/span><\/span><\/li><\/ul>\t\t\t\t\t\t\t\t<\/div>\n\t\t\t\t<\/div>\n\t\t\t\t\t<\/div>\n\t\t<\/div>\n\t\t\t\t\t<\/div>\n\t\t<\/section>\n\t\t\t\t<\/div>\n\t\t","protected":false},"excerpt":{"rendered":"<p>Realizzata in lussuoso cashmere, ogni sciarpa ha due splendide tonalit\u00e0 di colore, per darti pi\u00f9 possibilit\u00e0 di coordinare i tuoi<\/p>\n","protected":false},"featured_media":63564,"comment_status":"open","ping_status":"closed","template":"","meta":[],"product_brand":[],"product_cat":[1745],"product_tag":[1400,1224],"class_list":{"0":"post-279401","1":"product","2":"type-product","3":"status-publish","4":"has-post-thumbnail","6":"product_cat-sciarpe-classiche-in-cashmere","7":"product_tag-colorblock-it","8":"product_tag-semplice","9":"product_shipping_class-foldable","10":"pa_color-verde-oliva-it","11":"pa_material-cashmere-it","12":"pa_pattern-colorblock","13":"pa_pattern-fringe","14":"pa_pattern-plain","16":"first","17":"instock","18":"shipping-taxable","19":"purchasable","20":"product-type-simple"},"_links":{"self":[{"href":"https:\/\/peilishop.com\/it\/wp-json\/wp\/v2\/product\/279401","targetHints":{"allow":["GET"]}}],"collection":[{"href":"https:\/\/peilishop.com\/it\/wp-json\/wp\/v2\/product"}],"about":[{"href":"https:\/\/peilishop.com\/it\/wp-json\/wp\/v2\/types\/product"}],"replies":[{"embeddable":true,"href":"https:\/\/peilishop.com\/it\/wp-json\/wp\/v2\/comments?post=279401"}],"version-history":[{"count":0,"href":"https:\/\/peilishop.com\/it\/wp-json\/wp\/v2\/product\/279401\/revisions"}],"wp:featuredmedia":[{"embeddable":true,"href":"https:\/\/peilishop.com\/it\/wp-json\/wp\/v2\/media\/63564"}],"wp:attachment":[{"href":"https:\/\/peilishop.com\/it\/wp-json\/wp\/v2\/media?parent=279401"}],"wp:term":[{"taxonomy":"product_brand","embeddable":true,"href":"https:\/\/peilishop.com\/it\/wp-json\/wp\/v2\/product_brand?post=279401"},{"taxonomy":"product_cat","embeddable":true,"href":"https:\/\/peilishop.com\/it\/wp-json\/wp\/v2\/product_cat?post=279401"},{"taxonomy":"product_tag","embeddable":true,"href":"https:\/\/peilishop.com\/it\/wp-json\/wp\/v2\/product_tag?post=279401"}],"curies":[{"name":"wp","href":"https:\/\/api.w.org\/{rel}","templated":true}]}}