{"id":279391,"date":"2022-09-24T03:26:00","date_gmt":"2022-09-24T07:26:00","guid":{"rendered":"https:\/\/peilishop.com\/product\/sciarpa-jan-in-puro-cashmere-tinta-in-massa-verde-oliva\/"},"modified":"2025-04-13T22:48:11","modified_gmt":"2025-04-14T02:48:11","slug":"sciarpa-jan-in-puro-cashmere-tinta-in-massa-verde-oliva","status":"publish","type":"product","link":"https:\/\/peilishop.com\/it\/prodotto\/sciarpa-jan-in-puro-cashmere-tinta-in-massa-verde-oliva\/","title":{"rendered":"Sciarpa Jan in puro cashmere tinta in massa &#8211; Verde oliva"},"content":{"rendered":"\t\t<div data-elementor-type=\"wp-post\" data-elementor-id=\"279391\" class=\"elementor elementor-279391 elementor-47255\" data-elementor-post-type=\"product\">\n\t\t\t\t\t\t<section class=\"wd-negative-gap elementor-section elementor-top-section elementor-element elementor-element-309ee49 elementor-section-boxed elementor-section-height-default elementor-section-height-default\" data-id=\"309ee49\" data-element_type=\"section\" data-e-type=\"section\">\n\t\t\t\t\t\t<div class=\"elementor-container elementor-column-gap-default\">\n\t\t\t\t\t<div class=\"elementor-column elementor-col-100 elementor-top-column elementor-element elementor-element-27c6e88\" data-id=\"27c6e88\" data-element_type=\"column\" data-e-type=\"column\">\n\t\t\t<div class=\"elementor-widget-wrap elementor-element-populated\">\n\t\t\t\t\t\t<div class=\"elementor-element elementor-element-ffd11f9 color-scheme-inherit text-left elementor-widget elementor-widget-text-editor\" data-id=\"ffd11f9\" data-element_type=\"widget\" data-e-type=\"widget\" data-widget_type=\"text-editor.default\">\n\t\t\t\t<div class=\"elementor-widget-container\">\n\t\t\t\t\t\t\t\t\t<p style=\"text-align: left;\">Dai un tocco di colore al tuo guardaroba con questa sciarpa a tinte spaziali. \u00c8 tessuta ad arte in 100% cashmere mongolo di grado A e presenta delle frange su entrambe le estremit\u00e0. Avvolgendola intorno al collo, questa sciarpa ti terr\u00e0 al caldo.  <\/p><ul><li><span data-preserver-spaces=\"true\">Materiale: <\/span><span data-preserver-spaces=\"true\">100% Cashmere mongolo di grado A<br><\/span><\/li><li>Tinti naturalmente, senza sostanze chimiche nocive<\/li><li><span data-preserver-spaces=\"true\">  Comfort: Morbidissimo e traspirante, non pizzica e non si surriscalda.<\/span><\/li><li>Forma rettangolare<\/li><li><span data-preserver-spaces=\"true\">Dimensioni: <\/span><span data-preserver-spaces=\"true\"><span data-preserver-spaces=\"true\"><span data-preserver-spaces=\"true\"><span data-preserver-spaces=\"true\">180cm x 30cm\/ 71\u2033 x 11.8\u2033<\/span><\/span><\/span><\/span><\/li><li><span data-preserver-spaces=\"true\"><span data-preserver-spaces=\"true\"><span data-preserver-spaces=\"true\"><span data-preserver-spaces=\"true\">Peso: 85 grammi<\/span><\/span><\/span><\/span><\/li><li><span data-preserver-spaces=\"true\"><span data-preserver-spaces=\"true\"><span data-preserver-spaces=\"true\"><span data-preserver-spaces=\"true\"><span data-preserver-spaces=\"true\">Realizzato con cura nella Mongolia interna<\/span><\/span><\/span><\/span><\/span><\/li><\/ul>\t\t\t\t\t\t\t\t<\/div>\n\t\t\t\t<\/div>\n\t\t\t\t\t<\/div>\n\t\t<\/div>\n\t\t\t\t\t<\/div>\n\t\t<\/section>\n\t\t\t\t<\/div>\n\t\t","protected":false},"excerpt":{"rendered":"<p>Dai un tocco di colore al tuo guardaroba con questa sciarpa a tinte spaziali. \u00c8 tessuta ad arte in 100%<\/p>\n","protected":false},"featured_media":47256,"comment_status":"open","ping_status":"closed","template":"","meta":[],"product_brand":[],"product_cat":[1119,1341],"product_tag":[],"class_list":{"0":"post-279391","1":"product","2":"type-product","3":"status-publish","4":"has-post-thumbnail","6":"product_cat-sciarpe-e-fasce","7":"product_cat-sciarpe-in-cashmere","8":"product_shipping_class-foldable","9":"product_shipping_class-pieghevole","10":"pa_color-arancione-bruciato","11":"pa_color-verde-oliva-it","12":"pa_material-cashmere-it","13":"pa_pattern-boho","14":"pa_pattern-fringe","16":"first","17":"outofstock","18":"sale","19":"shipping-taxable","20":"purchasable","21":"product-type-simple"},"_links":{"self":[{"href":"https:\/\/peilishop.com\/it\/wp-json\/wp\/v2\/product\/279391","targetHints":{"allow":["GET"]}}],"collection":[{"href":"https:\/\/peilishop.com\/it\/wp-json\/wp\/v2\/product"}],"about":[{"href":"https:\/\/peilishop.com\/it\/wp-json\/wp\/v2\/types\/product"}],"replies":[{"embeddable":true,"href":"https:\/\/peilishop.com\/it\/wp-json\/wp\/v2\/comments?post=279391"}],"version-history":[{"count":0,"href":"https:\/\/peilishop.com\/it\/wp-json\/wp\/v2\/product\/279391\/revisions"}],"wp:featuredmedia":[{"embeddable":true,"href":"https:\/\/peilishop.com\/it\/wp-json\/wp\/v2\/media\/47256"}],"wp:attachment":[{"href":"https:\/\/peilishop.com\/it\/wp-json\/wp\/v2\/media?parent=279391"}],"wp:term":[{"taxonomy":"product_brand","embeddable":true,"href":"https:\/\/peilishop.com\/it\/wp-json\/wp\/v2\/product_brand?post=279391"},{"taxonomy":"product_cat","embeddable":true,"href":"https:\/\/peilishop.com\/it\/wp-json\/wp\/v2\/product_cat?post=279391"},{"taxonomy":"product_tag","embeddable":true,"href":"https:\/\/peilishop.com\/it\/wp-json\/wp\/v2\/product_tag?post=279391"}],"curies":[{"name":"wp","href":"https:\/\/api.w.org\/{rel}","templated":true}]}}