{"id":279368,"date":"2022-09-22T01:31:00","date_gmt":"2022-09-22T05:31:00","guid":{"rendered":"https:\/\/peilishop.com\/product\/sciarpa-con-nappe-a-quadri-in-puro-cashmere-sali\/"},"modified":"2025-04-13T22:47:59","modified_gmt":"2025-04-14T02:47:59","slug":"sciarpa-con-nappe-a-quadri-in-puro-cashmere-sali","status":"publish","type":"product","link":"https:\/\/peilishop.com\/it\/prodotto\/sciarpa-con-nappe-a-quadri-in-puro-cashmere-sali\/","title":{"rendered":"Sciarpa con nappe a quadri in puro cashmere Sali"},"content":{"rendered":"\t\t<div data-elementor-type=\"wp-post\" data-elementor-id=\"279368\" class=\"elementor elementor-279368 elementor-36581\" data-elementor-post-type=\"product\">\n\t\t\t\t\t\t<section class=\"wd-negative-gap elementor-section elementor-top-section elementor-element elementor-element-309ee49 elementor-section-boxed elementor-section-height-default elementor-section-height-default\" data-id=\"309ee49\" data-element_type=\"section\" data-e-type=\"section\">\n\t\t\t\t\t\t<div class=\"elementor-container elementor-column-gap-default\">\n\t\t\t\t\t<div class=\"elementor-column elementor-col-100 elementor-top-column elementor-element elementor-element-27c6e88\" data-id=\"27c6e88\" data-element_type=\"column\" data-e-type=\"column\">\n\t\t\t<div class=\"elementor-widget-wrap elementor-element-populated\">\n\t\t\t\t\t\t<div class=\"elementor-element elementor-element-ffd11f9 color-scheme-inherit text-left elementor-widget elementor-widget-text-editor\" data-id=\"ffd11f9\" data-element_type=\"widget\" data-e-type=\"widget\" data-widget_type=\"text-editor.default\">\n\t\t\t\t<div class=\"elementor-widget-container\">\n\t\t\t\t\t\t\t\t\t<p style=\"text-align: left;\">Per uno stile sofisticato, scegli la sciarpa Sali. \u00c8 tessuta ad arte con 100% cashmere di grado A e presenta un motivo a scacchi con bordi con nappe su entrambe le estremit\u00e0. Questo capo \u00e8 perfetto per valorizzare qualsiasi outfit o per essere regalato.  <\/p>\n<ul>\n<li><span data-preserver-spaces=\"true\">Materiale: <\/span><span data-preserver-spaces=\"true\">100% Cashmere mongolo di grado A <\/span> <\/li>\n<li>Tinti naturalmente, senza sostanze chimiche nocive<\/li>\n<li><span data-preserver-spaces=\"true\">  Comfort: Morbidissimo e traspirante, non pizzica e non si surriscalda.<\/span><\/li>\n<li><span data-preserver-spaces=\"true\">Forma rettangolare<\/span><\/li>\n<li><span data-preserver-spaces=\"true\">Dimensioni: <\/span><span data-preserver-spaces=\"true\"><span data-preserver-spaces=\"true\"><span data-preserver-spaces=\"true\">180cm (164cm+2x8cm nappe) x 30cm \/ 70.87\u2033 (64.5&#8243;+ 2&#215;3.15&#8243; nappe) x 11.8&#8243;.<br><\/span><\/span><\/span><\/li>\n<li><span data-preserver-spaces=\"true\"><span data-preserver-spaces=\"true\"><span data-preserver-spaces=\"true\"><span data-preserver-spaces=\"true\">Leggero: 133 grammi<\/span><\/span><\/span><\/span><\/li>\n<li><span data-preserver-spaces=\"true\"><span data-preserver-spaces=\"true\"><span data-preserver-spaces=\"true\"><span data-preserver-spaces=\"true\"><span data-preserver-spaces=\"true\">Realizzato con cura nella Mongolia interna<\/span><\/span><\/span><\/span><\/span><\/li>\n<\/ul>\t\t\t\t\t\t\t\t<\/div>\n\t\t\t\t<\/div>\n\t\t\t\t\t<\/div>\n\t\t<\/div>\n\t\t\t\t\t<\/div>\n\t\t<\/section>\n\t\t\t\t<\/div>\n\t\t","protected":false},"excerpt":{"rendered":"<p>Per uno stile sofisticato, scegli la sciarpa Sali. \u00c8 tessuta ad arte con 100% cashmere di grado A e presenta<\/p>\n","protected":false},"featured_media":63602,"comment_status":"open","ping_status":"closed","template":"","meta":[],"product_brand":[],"product_cat":[1745],"product_tag":[1182,1121],"class_list":{"0":"post-279368","1":"product","2":"type-product","3":"status-publish","4":"has-post-thumbnail","6":"product_cat-sciarpe-classiche-in-cashmere","7":"product_tag-controllato","8":"product_tag-frangiato","9":"product_shipping_class-foldable","10":"pa_color-abbronzatura","11":"pa_color-beige-it","12":"pa_color-grigio-scuro","13":"pa_material-cashmere-it","14":"pa_pattern-checked","15":"pa_pattern-fringe","17":"first","18":"instock","19":"sale","20":"shipping-taxable","21":"purchasable","22":"product-type-variable"},"_links":{"self":[{"href":"https:\/\/peilishop.com\/it\/wp-json\/wp\/v2\/product\/279368","targetHints":{"allow":["GET"]}}],"collection":[{"href":"https:\/\/peilishop.com\/it\/wp-json\/wp\/v2\/product"}],"about":[{"href":"https:\/\/peilishop.com\/it\/wp-json\/wp\/v2\/types\/product"}],"replies":[{"embeddable":true,"href":"https:\/\/peilishop.com\/it\/wp-json\/wp\/v2\/comments?post=279368"}],"version-history":[{"count":0,"href":"https:\/\/peilishop.com\/it\/wp-json\/wp\/v2\/product\/279368\/revisions"}],"wp:featuredmedia":[{"embeddable":true,"href":"https:\/\/peilishop.com\/it\/wp-json\/wp\/v2\/media\/63602"}],"wp:attachment":[{"href":"https:\/\/peilishop.com\/it\/wp-json\/wp\/v2\/media?parent=279368"}],"wp:term":[{"taxonomy":"product_brand","embeddable":true,"href":"https:\/\/peilishop.com\/it\/wp-json\/wp\/v2\/product_brand?post=279368"},{"taxonomy":"product_cat","embeddable":true,"href":"https:\/\/peilishop.com\/it\/wp-json\/wp\/v2\/product_cat?post=279368"},{"taxonomy":"product_tag","embeddable":true,"href":"https:\/\/peilishop.com\/it\/wp-json\/wp\/v2\/product_tag?post=279368"}],"curies":[{"name":"wp","href":"https:\/\/api.w.org\/{rel}","templated":true}]}}