{"id":278942,"date":"2023-10-07T10:24:00","date_gmt":"2023-10-07T14:24:00","guid":{"rendered":"https:\/\/peilishop.com\/product\/bela-linvolucro-in-cashmere-da-indossare\/"},"modified":"2026-05-07T10:02:42","modified_gmt":"2026-05-07T14:02:42","slug":"bela-linvolucro-in-cashmere-da-indossare","status":"publish","type":"product","link":"https:\/\/peilishop.com\/it\/prodotto\/bela-linvolucro-in-cashmere-da-indossare\/","title":{"rendered":"Bela, l&#8217;involucro in cashmere da indossare"},"content":{"rendered":"\t\t<div data-elementor-type=\"wp-post\" data-elementor-id=\"278942\" class=\"elementor elementor-278942 elementor-60434\" data-elementor-post-type=\"product\">\n\t\t\t\t\t\t<section class=\"wd-negative-gap elementor-section elementor-top-section elementor-element elementor-element-309ee49 elementor-section-boxed elementor-section-height-default elementor-section-height-default\" data-id=\"309ee49\" data-element_type=\"section\" data-e-type=\"section\">\n\t\t\t\t\t\t<div class=\"elementor-container elementor-column-gap-default\">\n\t\t\t\t\t<div class=\"elementor-column elementor-col-100 elementor-top-column elementor-element elementor-element-27c6e88\" data-id=\"27c6e88\" data-element_type=\"column\" data-e-type=\"column\">\n\t\t\t<div class=\"elementor-widget-wrap elementor-element-populated\">\n\t\t\t\t\t\t<div class=\"elementor-element elementor-element-ffd11f9 color-scheme-inherit text-left elementor-widget elementor-widget-text-editor\" data-id=\"ffd11f9\" data-element_type=\"widget\" data-e-type=\"widget\" data-widget_type=\"text-editor.default\">\n\t\t\t\t<div class=\"elementor-widget-container\">\n\t\t\t\t\t\t\t\t\t<p>Realizzata con il migliore cashmere, questa leggera fascia \u00e8 unica per la sua versatilit\u00e0: pu\u00f2 essere indossata come una fascia, un vestito o una sciarpa, offrendoti innumerevoli possibilit\u00e0 per il tuo guardaroba. Ha un sorprendente motivo geometrico che aggiunge un tocco inaspettato a qualsiasi outfit. Infilando le braccia attraverso le maniche accuratamente disegnate, sarai immediatamente avvolto da un senso di indulgenza senza pari.  <\/p>\n<ul>\n<li><span data-preserver-spaces=\"true\">Materiale: <\/span><span data-preserver-spaces=\"true\">100% Cashmere mongolo di grado A <\/span> <\/li>\n<li>Tinti naturalmente, senza sostanze chimiche nocive<\/li>\n\n<li><span data-preserver-spaces=\"true\">Dimensioni: <\/span><span data-preserver-spaces=\"true\">115cm x 75cm \/ 45.3\u2033 x 30\u2033<\/span><\/li>\n<li><span data-preserver-spaces=\"true\">Peso: 130 grammi<\/span><\/li>\n<li><span data-preserver-spaces=\"true\">Realizzato con cura nella Mongolia interna<\/span><\/li>\n<li>Scatola regalo GRATUITA inclusa con messaggi regalo opzionali<\/li>\n<\/ul>\t\t\t\t\t\t\t\t<\/div>\n\t\t\t\t<\/div>\n\t\t\t\t\t<\/div>\n\t\t<\/div>\n\t\t\t\t\t<\/div>\n\t\t<\/section>\n\t\t\t\t<\/div>\n\t\t","protected":false},"excerpt":{"rendered":"<p>Realizzata con il migliore cashmere, questa leggera fascia \u00e8 unica per la sua versatilit\u00e0: pu\u00f2 essere indossata come una fascia,<\/p>\n","protected":false},"featured_media":326532,"comment_status":"open","ping_status":"closed","template":"","meta":[],"product_brand":[],"product_cat":[1222,1119],"product_tag":[1224],"class_list":{"0":"post-278942","1":"product","2":"type-product","3":"status-publish","4":"has-post-thumbnail","6":"product_cat-avvolgimenti-in-cashmere-da-indossare","7":"product_cat-sciarpe-e-fasce","8":"product_tag-semplice","9":"product_shipping_class-foldable","11":"product_shipping_class-pieghevole","12":"pa_color-bianco","13":"pa_color-cammello","14":"pa_color-nero","15":"pa_color-rosso-arrugginito","16":"pa_color-verde-acqua","17":"pa_material-cashmere-it","18":"pa_pattern-open","19":"pa_pattern-plain","21":"first","22":"instock","23":"shipping-taxable","24":"purchasable","25":"product-type-variable"},"_links":{"self":[{"href":"https:\/\/peilishop.com\/it\/wp-json\/wp\/v2\/product\/278942","targetHints":{"allow":["GET"]}}],"collection":[{"href":"https:\/\/peilishop.com\/it\/wp-json\/wp\/v2\/product"}],"about":[{"href":"https:\/\/peilishop.com\/it\/wp-json\/wp\/v2\/types\/product"}],"replies":[{"embeddable":true,"href":"https:\/\/peilishop.com\/it\/wp-json\/wp\/v2\/comments?post=278942"}],"version-history":[{"count":0,"href":"https:\/\/peilishop.com\/it\/wp-json\/wp\/v2\/product\/278942\/revisions"}],"wp:featuredmedia":[{"embeddable":true,"href":"https:\/\/peilishop.com\/it\/wp-json\/wp\/v2\/media\/326532"}],"wp:attachment":[{"href":"https:\/\/peilishop.com\/it\/wp-json\/wp\/v2\/media?parent=278942"}],"wp:term":[{"taxonomy":"product_brand","embeddable":true,"href":"https:\/\/peilishop.com\/it\/wp-json\/wp\/v2\/product_brand?post=278942"},{"taxonomy":"product_cat","embeddable":true,"href":"https:\/\/peilishop.com\/it\/wp-json\/wp\/v2\/product_cat?post=278942"},{"taxonomy":"product_tag","embeddable":true,"href":"https:\/\/peilishop.com\/it\/wp-json\/wp\/v2\/product_tag?post=278942"}],"curies":[{"name":"wp","href":"https:\/\/api.w.org\/{rel}","templated":true}]}}