{"id":278670,"date":"2023-10-22T08:10:00","date_gmt":"2023-10-22T12:10:00","guid":{"rendered":"https:\/\/peilishop.com\/product\/sciarpa-in-cashmere-con-cappuccio-taina\/"},"modified":"2025-04-13T21:55:25","modified_gmt":"2025-04-14T01:55:25","slug":"sciarpa-in-cashmere-con-cappuccio-taina","status":"publish","type":"product","link":"https:\/\/peilishop.com\/it\/prodotto\/sciarpa-in-cashmere-con-cappuccio-taina\/","title":{"rendered":"Sciarpa in cashmere con cappuccio Taina"},"content":{"rendered":"\t\t<div data-elementor-type=\"wp-post\" data-elementor-id=\"278670\" class=\"elementor elementor-278670 elementor-61041\" data-elementor-post-type=\"product\">\n\t\t\t\t\t\t<section class=\"wd-negative-gap elementor-section elementor-top-section elementor-element elementor-element-309ee49 elementor-section-boxed elementor-section-height-default elementor-section-height-default\" data-id=\"309ee49\" data-element_type=\"section\" data-e-type=\"section\">\n\t\t\t\t\t\t<div class=\"elementor-container elementor-column-gap-default\">\n\t\t\t\t\t<div class=\"elementor-column elementor-col-100 elementor-top-column elementor-element elementor-element-27c6e88\" data-id=\"27c6e88\" data-element_type=\"column\" data-e-type=\"column\">\n\t\t\t<div class=\"elementor-widget-wrap elementor-element-populated\">\n\t\t\t\t\t\t<div class=\"elementor-element elementor-element-ffd11f9 color-scheme-inherit text-left elementor-widget elementor-widget-text-editor\" data-id=\"ffd11f9\" data-element_type=\"widget\" data-e-type=\"widget\" data-widget_type=\"text-editor.default\">\n\t\t\t\t<div class=\"elementor-widget-container\">\n\t\t\t\t\t\t\t\t\t<p style=\"text-align: left;\"><span data-preserver-spaces=\"true\"><span data-preserver-spaces=\"true\">Ogni volta che ti avvolgi in questa morbidissima sciarpa con cappuccio in cashmere, ti aspetta un&#8217;intimit\u00e0 senza sosta. \u00c8 realizzata in morbidissimo cashmere ed \u00e8 completata da un&#8217;allacciatura al cappuccio per un isolamento ottimale. Abbinala a qualsiasi abbigliamento e prova il vero relax a casa o in viaggio.  <br><\/span><\/span><\/p><ul><li><span data-preserver-spaces=\"true\">Materiale: <\/span><span data-preserver-spaces=\"true\">100% Cashmere mongolo di grado A <\/span> <\/li><li>Tinti naturalmente, senza sostanze chimiche nocive<\/li><li><span data-preserver-spaces=\"true\">  Comfort: Morbidissimo e traspirante, non pizzica e non si surriscalda.<\/span><\/li><li>Leggero: 125 grammi<\/li><li><span data-preserver-spaces=\"true\">Allacciatura del cappuccio<\/span><\/li><li><span data-preserver-spaces=\"true\">Realizzato con cura nella Mongolia interna<br><\/span><\/li><\/ul>\t\t\t\t\t\t\t\t<\/div>\n\t\t\t\t<\/div>\n\t\t\t\t\t<\/div>\n\t\t<\/div>\n\t\t\t\t\t<\/div>\n\t\t<\/section>\n\t\t\t\t<\/div>\n\t\t","protected":false},"excerpt":{"rendered":"<p>Ogni volta che ti avvolgi in questa morbidissima sciarpa con cappuccio in cashmere, ti aspetta un&#8217;intimit\u00e0 senza sosta. \u00c8 realizzata<\/p>\n","protected":false},"featured_media":280644,"comment_status":"open","ping_status":"closed","template":"","meta":[],"product_brand":[],"product_cat":[1342,1735,1745],"product_tag":[1224],"class_list":{"0":"post-278670","1":"product","2":"type-product","3":"status-publish","4":"has-post-thumbnail","6":"product_cat-cappelli-in-cashmere","7":"product_cat-classic-cashmere-scarves","8":"product_cat-sciarpe-classiche-in-cashmere","9":"product_tag-semplice","10":"product_shipping_class-foldable","11":"pa_color-khaki-it","12":"pa_color-nero","13":"pa_material-cashmere-it","14":"pa_pattern-plain","16":"first","17":"instock","18":"shipping-taxable","19":"purchasable","20":"product-type-variable"},"_links":{"self":[{"href":"https:\/\/peilishop.com\/it\/wp-json\/wp\/v2\/product\/278670","targetHints":{"allow":["GET"]}}],"collection":[{"href":"https:\/\/peilishop.com\/it\/wp-json\/wp\/v2\/product"}],"about":[{"href":"https:\/\/peilishop.com\/it\/wp-json\/wp\/v2\/types\/product"}],"replies":[{"embeddable":true,"href":"https:\/\/peilishop.com\/it\/wp-json\/wp\/v2\/comments?post=278670"}],"version-history":[{"count":0,"href":"https:\/\/peilishop.com\/it\/wp-json\/wp\/v2\/product\/278670\/revisions"}],"wp:featuredmedia":[{"embeddable":true,"href":"https:\/\/peilishop.com\/it\/wp-json\/wp\/v2\/media\/280644"}],"wp:attachment":[{"href":"https:\/\/peilishop.com\/it\/wp-json\/wp\/v2\/media?parent=278670"}],"wp:term":[{"taxonomy":"product_brand","embeddable":true,"href":"https:\/\/peilishop.com\/it\/wp-json\/wp\/v2\/product_brand?post=278670"},{"taxonomy":"product_cat","embeddable":true,"href":"https:\/\/peilishop.com\/it\/wp-json\/wp\/v2\/product_cat?post=278670"},{"taxonomy":"product_tag","embeddable":true,"href":"https:\/\/peilishop.com\/it\/wp-json\/wp\/v2\/product_tag?post=278670"}],"curies":[{"name":"wp","href":"https:\/\/api.w.org\/{rel}","templated":true}]}}