{"id":278583,"date":"2023-11-04T10:11:00","date_gmt":"2023-11-04T14:11:00","guid":{"rendered":"https:\/\/peilishop.com\/product\/alpa-featherlight-sciarpa-in-cashmere-con-nappe-avvolgente-e-leggera\/"},"modified":"2025-04-13T21:54:42","modified_gmt":"2025-04-14T01:54:42","slug":"alpa-featherlight-sciarpa-in-cashmere-con-nappe-avvolgente-e-leggera","status":"publish","type":"product","link":"https:\/\/peilishop.com\/it\/prodotto\/alpa-featherlight-sciarpa-in-cashmere-con-nappe-avvolgente-e-leggera\/","title":{"rendered":"Alpa Featherlight, sciarpa in cashmere con nappe, avvolgente e leggera"},"content":{"rendered":"\t\t<div data-elementor-type=\"wp-post\" data-elementor-id=\"278583\" class=\"elementor elementor-278583 elementor-61506\" data-elementor-post-type=\"product\">\n\t\t\t\t\t\t<section class=\"wd-negative-gap elementor-section elementor-top-section elementor-element elementor-element-309ee49 elementor-section-boxed elementor-section-height-default elementor-section-height-default\" data-id=\"309ee49\" data-element_type=\"section\" data-e-type=\"section\">\n\t\t\t\t\t\t<div class=\"elementor-container elementor-column-gap-default\">\n\t\t\t\t\t<div class=\"elementor-column elementor-col-100 elementor-top-column elementor-element elementor-element-27c6e88\" data-id=\"27c6e88\" data-element_type=\"column\" data-e-type=\"column\">\n\t\t\t<div class=\"elementor-widget-wrap elementor-element-populated\">\n\t\t\t\t\t\t<div class=\"elementor-element elementor-element-ffd11f9 color-scheme-inherit text-left elementor-widget elementor-widget-text-editor\" data-id=\"ffd11f9\" data-element_type=\"widget\" data-e-type=\"widget\" data-widget_type=\"text-editor.default\">\n\t\t\t\t<div class=\"elementor-widget-container\">\n\t\t\t\t\t\t\t\t\t<p>Eleva il tuo abbigliamento con la lussuosa sciarpa in cashmere Alpa featherlight Wrap. Sapientemente realizzata in lussuose fibre di cashmere, questa sciarpa morbida e leggera \u00e8 ideale per essere indossata tutto il giorno. Il design \u00e8 caratterizzato da un&#8217;esagerazione di nappe su entrambe le estremit\u00e0, che conferiscono un&#8217;aria elegante e sofisticata a qualsiasi occasione.    <\/p>\n<ul>\n<li><span data-preserver-spaces=\"true\">Materiale: <\/span><span data-preserver-spaces=\"true\">100% Cashmere mongolo di grado A <\/span> <\/li>\n<li>Tinti naturalmente, senza sostanze chimiche nocive<\/li>\n<li><span data-preserver-spaces=\"true\">  Comfort: Morbidissimo e traspirante, non pizzica e non si surriscalda.<\/span><\/li>\n<li><span data-preserver-spaces=\"true\"><span data-preserver-spaces=\"true\">Dimensioni: 200cm x 100cm\/ 78,74\u2033 x 39,4\u2033<br><\/span><\/span><\/li>\n<li><span data-preserver-spaces=\"true\"><span data-preserver-spaces=\"true\"><span data-preserver-spaces=\"true\"><span data-preserver-spaces=\"true\">Piuma leggera: 80 grammi<\/span><\/span><\/span><\/span><\/li>\n<li><span data-preserver-spaces=\"true\"><span data-preserver-spaces=\"true\"><span data-preserver-spaces=\"true\"><span data-preserver-spaces=\"true\"><span data-preserver-spaces=\"true\">Realizzato con cura nella Mongolia interna<\/span><\/span><\/span><\/span><\/span><\/li>\n<\/ul>\t\t\t\t\t\t\t\t<\/div>\n\t\t\t\t<\/div>\n\t\t\t\t\t<\/div>\n\t\t<\/div>\n\t\t\t\t\t<\/div>\n\t\t<\/section>\n\t\t\t\t<\/div>\n\t\t","protected":false},"excerpt":{"rendered":"<p>Eleva il tuo abbigliamento con la lussuosa sciarpa in cashmere Alpa featherlight Wrap. Sapientemente realizzata in lussuose fibre di cashmere,<\/p>\n","protected":false},"featured_media":211126,"comment_status":"open","ping_status":"closed","template":"","meta":[],"product_brand":[],"product_cat":[1119,1612],"product_tag":[1733],"class_list":{"0":"post-278583","1":"product","2":"type-product","3":"status-publish","4":"has-post-thumbnail","6":"product_cat-sciarpe-e-fasce","7":"product_cat-sciarpe-in-cashmere-featherlight","8":"product_tag-lightweight-scarves","9":"product_shipping_class-foldable","10":"pa_color-beige-it","11":"pa_color-bianco","12":"pa_color-grigio","13":"pa_color-grigio-scuro","14":"pa_color-khaki-it","15":"pa_color-nero","16":"pa_material-cashmere-it","17":"pa_pattern-checked","18":"pa_pattern-fringe","20":"first","21":"instock","22":"shipping-taxable","23":"purchasable","24":"product-type-variable"},"_links":{"self":[{"href":"https:\/\/peilishop.com\/it\/wp-json\/wp\/v2\/product\/278583","targetHints":{"allow":["GET"]}}],"collection":[{"href":"https:\/\/peilishop.com\/it\/wp-json\/wp\/v2\/product"}],"about":[{"href":"https:\/\/peilishop.com\/it\/wp-json\/wp\/v2\/types\/product"}],"replies":[{"embeddable":true,"href":"https:\/\/peilishop.com\/it\/wp-json\/wp\/v2\/comments?post=278583"}],"version-history":[{"count":0,"href":"https:\/\/peilishop.com\/it\/wp-json\/wp\/v2\/product\/278583\/revisions"}],"wp:featuredmedia":[{"embeddable":true,"href":"https:\/\/peilishop.com\/it\/wp-json\/wp\/v2\/media\/211126"}],"wp:attachment":[{"href":"https:\/\/peilishop.com\/it\/wp-json\/wp\/v2\/media?parent=278583"}],"wp:term":[{"taxonomy":"product_brand","embeddable":true,"href":"https:\/\/peilishop.com\/it\/wp-json\/wp\/v2\/product_brand?post=278583"},{"taxonomy":"product_cat","embeddable":true,"href":"https:\/\/peilishop.com\/it\/wp-json\/wp\/v2\/product_cat?post=278583"},{"taxonomy":"product_tag","embeddable":true,"href":"https:\/\/peilishop.com\/it\/wp-json\/wp\/v2\/product_tag?post=278583"}],"curies":[{"name":"wp","href":"https:\/\/api.w.org\/{rel}","templated":true}]}}