{"id":278382,"date":"2024-06-22T09:04:00","date_gmt":"2024-06-22T13:04:00","guid":{"rendered":"https:\/\/peilishop.com\/product\/sciarpa-liana-in-lana-leggera-come-una-piuma\/"},"modified":"2025-04-13T21:52:25","modified_gmt":"2025-04-14T01:52:25","slug":"sciarpa-liana-in-lana-leggera-come-una-piuma","status":"publish","type":"product","link":"https:\/\/peilishop.com\/it\/prodotto\/sciarpa-liana-in-lana-leggera-come-una-piuma\/","title":{"rendered":"Sciarpa Liana in lana leggera come una piuma"},"content":{"rendered":"\t\t<div data-elementor-type=\"wp-post\" data-elementor-id=\"278382\" class=\"elementor elementor-278382 elementor-65412\" data-elementor-post-type=\"product\">\n\t\t\t\t\t\t<section class=\"wd-negative-gap elementor-section elementor-top-section elementor-element elementor-element-309ee49 elementor-section-boxed elementor-section-height-default elementor-section-height-default\" data-id=\"309ee49\" data-element_type=\"section\" data-e-type=\"section\">\n\t\t\t\t\t\t<div class=\"elementor-container elementor-column-gap-default\">\n\t\t\t\t\t<div class=\"elementor-column elementor-col-100 elementor-top-column elementor-element elementor-element-27c6e88\" data-id=\"27c6e88\" data-element_type=\"column\" data-e-type=\"column\">\n\t\t\t<div class=\"elementor-widget-wrap elementor-element-populated\">\n\t\t\t\t\t\t<div class=\"elementor-element elementor-element-ffd11f9 color-scheme-inherit text-left elementor-widget elementor-widget-text-editor\" data-id=\"ffd11f9\" data-element_type=\"widget\" data-e-type=\"widget\" data-widget_type=\"text-editor.default\">\n\t\t\t\t<div class=\"elementor-widget-container\">\n\t\t\t\t\t\t\t\t\t<p>Caratterizzata da un delicato motivo a quadri, la sciarpa Liana aggiunge un tocco di fascino senza tempo a qualsiasi ensemble. Realizzata con la lana pi\u00f9 pregiata, questa sciarpa \u00e8 progettata per offrire calore e stile tutto l&#8217;anno. Disponibile in 4 splendidi colori, \u00e8 l&#8217;accessorio perfetto per elevare qualsiasi outfit.  <\/p><ul><li><span data-preserver-spaces=\"true\">Materiale: <\/span><span data-preserver-spaces=\"true\">100% lana merino <\/span> <\/li><li>Tinti naturalmente, senza sostanze chimiche nocive<\/li><li><span data-preserver-spaces=\"true\">Dimensioni: <\/span><span data-preserver-spaces=\"true\">200cmcm x 90cm\/ 78.7&#8243; x 35.4&#8243;<\/span><\/li><li><span data-preserver-spaces=\"true\">Peso: 85 grammi<\/span><\/li><li><span data-preserver-spaces=\"true\">Realizzato con cura nella Mongolia interna<\/span><\/li><\/ul>\t\t\t\t\t\t\t\t<\/div>\n\t\t\t\t<\/div>\n\t\t\t\t\t<\/div>\n\t\t<\/div>\n\t\t\t\t\t<\/div>\n\t\t<\/section>\n\t\t\t\t<\/div>\n\t\t","protected":false},"excerpt":{"rendered":"<p>Caratterizzata da un delicato motivo a quadri, la sciarpa Liana aggiunge un tocco di fascino senza tempo a qualsiasi ensemble.<\/p>\n","protected":false},"featured_media":268719,"comment_status":"open","ping_status":"closed","template":"","meta":[],"product_brand":[],"product_cat":[1181],"product_tag":[1182,1733],"class_list":{"0":"post-278382","1":"product","2":"type-product","3":"status-publish","4":"has-post-thumbnail","6":"product_cat-sciarpe-in-lana-leggera-come-una-piuma","7":"product_tag-controllato","8":"product_tag-lightweight-scarves","9":"product_shipping_class-foldable","10":"pa_color-azzurro","11":"pa_color-beige-it","12":"pa_color-blu-inchiostro","13":"pa_color-rosa-it","14":"pa_material-lana-it","15":"pa_pattern-checked","17":"first","18":"instock","19":"shipping-taxable","20":"purchasable","21":"product-type-variable"},"_links":{"self":[{"href":"https:\/\/peilishop.com\/it\/wp-json\/wp\/v2\/product\/278382","targetHints":{"allow":["GET"]}}],"collection":[{"href":"https:\/\/peilishop.com\/it\/wp-json\/wp\/v2\/product"}],"about":[{"href":"https:\/\/peilishop.com\/it\/wp-json\/wp\/v2\/types\/product"}],"replies":[{"embeddable":true,"href":"https:\/\/peilishop.com\/it\/wp-json\/wp\/v2\/comments?post=278382"}],"version-history":[{"count":0,"href":"https:\/\/peilishop.com\/it\/wp-json\/wp\/v2\/product\/278382\/revisions"}],"wp:featuredmedia":[{"embeddable":true,"href":"https:\/\/peilishop.com\/it\/wp-json\/wp\/v2\/media\/268719"}],"wp:attachment":[{"href":"https:\/\/peilishop.com\/it\/wp-json\/wp\/v2\/media?parent=278382"}],"wp:term":[{"taxonomy":"product_brand","embeddable":true,"href":"https:\/\/peilishop.com\/it\/wp-json\/wp\/v2\/product_brand?post=278382"},{"taxonomy":"product_cat","embeddable":true,"href":"https:\/\/peilishop.com\/it\/wp-json\/wp\/v2\/product_cat?post=278382"},{"taxonomy":"product_tag","embeddable":true,"href":"https:\/\/peilishop.com\/it\/wp-json\/wp\/v2\/product_tag?post=278382"}],"curies":[{"name":"wp","href":"https:\/\/api.w.org\/{rel}","templated":true}]}}