{"id":278293,"date":"2024-08-18T03:35:00","date_gmt":"2024-08-18T07:35:00","guid":{"rendered":"https:\/\/peilishop.com\/product\/sciarpa-in-cashmere-a-triangolo-callie\/"},"modified":"2025-04-13T21:51:35","modified_gmt":"2025-04-14T01:51:35","slug":"sciarpa-in-cashmere-a-triangolo-callie","status":"publish","type":"product","link":"https:\/\/peilishop.com\/it\/prodotto\/sciarpa-in-cashmere-a-triangolo-callie\/","title":{"rendered":"Sciarpa in cashmere a triangolo Callie"},"content":{"rendered":"\t\t<div data-elementor-type=\"wp-post\" data-elementor-id=\"278293\" class=\"elementor elementor-278293 elementor-207681\" data-elementor-post-type=\"product\">\n\t\t\t\t\t\t<section class=\"wd-negative-gap elementor-section elementor-top-section elementor-element elementor-element-309ee49 elementor-section-boxed elementor-section-height-default elementor-section-height-default\" data-id=\"309ee49\" data-element_type=\"section\" data-e-type=\"section\">\n\t\t\t\t\t\t<div class=\"elementor-container elementor-column-gap-default\">\n\t\t\t\t\t<div class=\"elementor-column elementor-col-100 elementor-top-column elementor-element elementor-element-27c6e88\" data-id=\"27c6e88\" data-element_type=\"column\" data-e-type=\"column\">\n\t\t\t<div class=\"elementor-widget-wrap elementor-element-populated\">\n\t\t\t\t\t\t<div class=\"elementor-element elementor-element-ffd11f9 color-scheme-inherit text-left elementor-widget elementor-widget-text-editor\" data-id=\"ffd11f9\" data-element_type=\"widget\" data-e-type=\"widget\" data-widget_type=\"text-editor.default\">\n\t\t\t\t<div class=\"elementor-widget-container\">\n\t\t\t\t\t\t\t\t\t<p>Callie \u00e8 realizzata in cashmere della migliore qualit\u00e0, leggero e incredibilmente morbido al tatto. \u00c8 disegnata con eleganti bordi arrotolati a mano e dettagli di nappe esagerate che conferiscono un&#8217;aria elegante e sofisticata a qualsiasi occasione. <\/p>\n<ul>\n<li><span data-preserver-spaces=\"true\">Materiale: <\/span><span data-preserver-spaces=\"true\">100% Cashmere mongolo di grado A <\/span> <\/li>\n<li>Tinti naturalmente, senza sostanze chimiche nocive<\/li>\n\n<li><span data-preserver-spaces=\"true\">Dimensioni: <\/span><span data-preserver-spaces=\"true\">194cm x 84cm \/ 76.4\u2033 x 33\u2033<\/span><\/li>\n<li><span data-preserver-spaces=\"true\">Peso: 125 grammi<\/span><\/li>\n<li><span data-preserver-spaces=\"true\">Realizzato con cura nella Mongolia interna<\/span><\/li>\n<\/ul>\t\t\t\t\t\t\t\t<\/div>\n\t\t\t\t<\/div>\n\t\t\t\t\t<\/div>\n\t\t<\/div>\n\t\t\t\t\t<\/div>\n\t\t<\/section>\n\t\t\t\t<\/div>\n\t\t","protected":false},"excerpt":{"rendered":"<p>Callie \u00e8 realizzata in cashmere della migliore qualit\u00e0, leggero e incredibilmente morbido al tatto. \u00c8 disegnata con eleganti bordi arrotolati<\/p>\n","protected":false},"featured_media":280586,"comment_status":"open","ping_status":"closed","template":"","meta":[],"product_brand":[],"product_cat":[1745],"product_tag":[1224],"class_list":{"0":"post-278293","1":"product","2":"type-product","3":"status-publish","4":"has-post-thumbnail","6":"product_cat-sciarpe-classiche-in-cashmere","7":"product_tag-semplice","8":"product_shipping_class-foldable","9":"pa_color-beige-it","10":"pa_material-cashmere-it","11":"pa_pattern-plain","13":"first","14":"instock","15":"shipping-taxable","16":"purchasable","17":"product-type-simple"},"_links":{"self":[{"href":"https:\/\/peilishop.com\/it\/wp-json\/wp\/v2\/product\/278293","targetHints":{"allow":["GET"]}}],"collection":[{"href":"https:\/\/peilishop.com\/it\/wp-json\/wp\/v2\/product"}],"about":[{"href":"https:\/\/peilishop.com\/it\/wp-json\/wp\/v2\/types\/product"}],"replies":[{"embeddable":true,"href":"https:\/\/peilishop.com\/it\/wp-json\/wp\/v2\/comments?post=278293"}],"version-history":[{"count":0,"href":"https:\/\/peilishop.com\/it\/wp-json\/wp\/v2\/product\/278293\/revisions"}],"wp:featuredmedia":[{"embeddable":true,"href":"https:\/\/peilishop.com\/it\/wp-json\/wp\/v2\/media\/280586"}],"wp:attachment":[{"href":"https:\/\/peilishop.com\/it\/wp-json\/wp\/v2\/media?parent=278293"}],"wp:term":[{"taxonomy":"product_brand","embeddable":true,"href":"https:\/\/peilishop.com\/it\/wp-json\/wp\/v2\/product_brand?post=278293"},{"taxonomy":"product_cat","embeddable":true,"href":"https:\/\/peilishop.com\/it\/wp-json\/wp\/v2\/product_cat?post=278293"},{"taxonomy":"product_tag","embeddable":true,"href":"https:\/\/peilishop.com\/it\/wp-json\/wp\/v2\/product_tag?post=278293"}],"curies":[{"name":"wp","href":"https:\/\/api.w.org\/{rel}","templated":true}]}}