{"id":278151,"date":"2024-11-06T03:36:00","date_gmt":"2024-11-06T08:36:00","guid":{"rendered":"https:\/\/peilishop.com\/product\/mezzo-poncho-in-cashmere-kendra\/"},"modified":"2025-04-13T21:49:35","modified_gmt":"2025-04-14T01:49:35","slug":"mezzo-poncho-in-cashmere-kendra","status":"publish","type":"product","link":"https:\/\/peilishop.com\/it\/prodotto\/mezzo-poncho-in-cashmere-kendra\/","title":{"rendered":"Mezzo poncho in cashmere Kendra"},"content":{"rendered":"\t\t<div data-elementor-type=\"wp-post\" data-elementor-id=\"278151\" class=\"elementor elementor-278151 elementor-209400\" data-elementor-post-type=\"product\">\n\t\t\t\t\t\t<section class=\"wd-negative-gap elementor-section elementor-top-section elementor-element elementor-element-309ee49 elementor-section-boxed elementor-section-height-default elementor-section-height-default\" data-id=\"309ee49\" data-element_type=\"section\" data-e-type=\"section\">\n\t\t\t\t\t\t<div class=\"elementor-container elementor-column-gap-default\">\n\t\t\t\t\t<div class=\"elementor-column elementor-col-100 elementor-top-column elementor-element elementor-element-27c6e88\" data-id=\"27c6e88\" data-element_type=\"column\" data-e-type=\"column\">\n\t\t\t<div class=\"elementor-widget-wrap elementor-element-populated\">\n\t\t\t\t\t\t<div class=\"elementor-element elementor-element-ffd11f9 color-scheme-inherit text-left elementor-widget elementor-widget-text-editor\" data-id=\"ffd11f9\" data-element_type=\"widget\" data-e-type=\"widget\" data-widget_type=\"text-editor.default\">\n\t\t\t\t<div class=\"elementor-widget-container\">\n\t\t\t\t\t\t\t\t\t<p>Realizzato con il migliore cashmere, questo ponch leggero \u00e8 unico per la sua versatilit\u00e0. La sua silhouette fluida si drappeggia senza sforzo sul corpo e fornisce la giusta quantit\u00e0 di calore senza essere ingombrante o limitante. <\/p><ul><li><span data-preserver-spaces=\"true\">Materiale: <\/span><span data-preserver-spaces=\"true\">100% Cashmere mongolo di grado A <\/span> <\/li><li>Tinti naturalmente, senza sostanze chimiche nocive<\/li><li><span data-preserver-spaces=\"true\">Dimensioni: 52cm x <\/span><span data-preserver-spaces=\"true\">96cm x 45cm \/ 27,5\u2033 x 37,8\u2033 x17,7\u2033<\/span><\/li><li><span data-preserver-spaces=\"true\">Peso: 156 grammi<\/span><\/li><li><span data-preserver-spaces=\"true\">Realizzato con cura nella Mongolia interna<\/span><\/li><li>Scatola regalo GRATUITA inclusa con messaggi regalo opzionali<\/li><\/ul>\t\t\t\t\t\t\t\t<\/div>\n\t\t\t\t<\/div>\n\t\t\t\t\t<\/div>\n\t\t<\/div>\n\t\t\t\t\t<\/div>\n\t\t<\/section>\n\t\t\t\t<\/div>\n\t\t","protected":false},"excerpt":{"rendered":"<p>Realizzato con il migliore cashmere, questo ponch leggero \u00e8 unico per la sua versatilit\u00e0. La sua silhouette fluida si drappeggia<\/p>\n","protected":false},"featured_media":280293,"comment_status":"open","ping_status":"closed","template":"","meta":[],"product_brand":[],"product_cat":[1222,1119],"product_tag":[1224],"class_list":{"0":"post-278151","1":"product","2":"type-product","3":"status-publish","4":"has-post-thumbnail","6":"product_cat-avvolgimenti-in-cashmere-da-indossare","7":"product_cat-sciarpe-e-fasce","8":"product_tag-semplice","9":"product_shipping_class-foldable","10":"pa_color-beige-it","11":"pa_color-bianco","12":"pa_color-grigio","13":"pa_color-khaki-it","14":"pa_color-nero","15":"pa_color-rosso-borgogna","16":"pa_material-cashmere-it","17":"pa_pattern-plain","19":"first","20":"instock","21":"shipping-taxable","22":"purchasable","23":"product-type-variable"},"_links":{"self":[{"href":"https:\/\/peilishop.com\/it\/wp-json\/wp\/v2\/product\/278151","targetHints":{"allow":["GET"]}}],"collection":[{"href":"https:\/\/peilishop.com\/it\/wp-json\/wp\/v2\/product"}],"about":[{"href":"https:\/\/peilishop.com\/it\/wp-json\/wp\/v2\/types\/product"}],"replies":[{"embeddable":true,"href":"https:\/\/peilishop.com\/it\/wp-json\/wp\/v2\/comments?post=278151"}],"version-history":[{"count":0,"href":"https:\/\/peilishop.com\/it\/wp-json\/wp\/v2\/product\/278151\/revisions"}],"wp:featuredmedia":[{"embeddable":true,"href":"https:\/\/peilishop.com\/it\/wp-json\/wp\/v2\/media\/280293"}],"wp:attachment":[{"href":"https:\/\/peilishop.com\/it\/wp-json\/wp\/v2\/media?parent=278151"}],"wp:term":[{"taxonomy":"product_brand","embeddable":true,"href":"https:\/\/peilishop.com\/it\/wp-json\/wp\/v2\/product_brand?post=278151"},{"taxonomy":"product_cat","embeddable":true,"href":"https:\/\/peilishop.com\/it\/wp-json\/wp\/v2\/product_cat?post=278151"},{"taxonomy":"product_tag","embeddable":true,"href":"https:\/\/peilishop.com\/it\/wp-json\/wp\/v2\/product_tag?post=278151"}],"curies":[{"name":"wp","href":"https:\/\/api.w.org\/{rel}","templated":true}]}}