{"id":340466,"date":"2026-05-16T03:59:20","date_gmt":"2026-05-16T07:59:20","guid":{"rendered":"https:\/\/peilishop.com\/product\/echarpe-de-cou-en-cachemire-ami-featherlight-tangerine\/"},"modified":"2026-05-17T04:26:54","modified_gmt":"2026-05-17T08:26:54","slug":"echarpe-de-cou-en-cachemire-ami-featherlight-tangerine","status":"publish","type":"product","link":"https:\/\/peilishop.com\/fr\/produit\/echarpe-de-cou-en-cachemire-ami-featherlight-tangerine\/","title":{"rendered":"\u00c9charpe de cou en cachemire Ami Featherlight &#8211; Tangerine"},"content":{"rendered":"\t\t<div data-elementor-type=\"wp-post\" data-elementor-id=\"340466\" class=\"elementor elementor-340466 elementor-339967\" data-elementor-post-type=\"product\">\n\t\t\t\t\t\t<section class=\"wd-negative-gap elementor-section elementor-top-section elementor-element elementor-element-309ee49 elementor-section-boxed elementor-section-height-default elementor-section-height-default\" data-id=\"309ee49\" data-element_type=\"section\" data-e-type=\"section\">\n\t\t\t\t\t\t<div class=\"elementor-container elementor-column-gap-default\">\n\t\t\t\t\t<div class=\"elementor-column elementor-col-100 elementor-top-column elementor-element elementor-element-27c6e88\" data-id=\"27c6e88\" data-element_type=\"column\" data-e-type=\"column\">\n\t\t\t<div class=\"elementor-widget-wrap elementor-element-populated\">\n\t\t\t\t\t\t<div class=\"elementor-element elementor-element-ffd11f9 color-scheme-inherit text-left elementor-widget elementor-widget-text-editor\" data-id=\"ffd11f9\" data-element_type=\"widget\" data-e-type=\"widget\" data-widget_type=\"text-editor.default\">\n\t\t\t\t<div class=\"elementor-widget-container\">\n\t\t\t\t\t\t\t\t\t<p>Adoptez la sophistication douillette de la saison avec l&rsquo;\u00e9charpe Ami. Avec sa riche tapisserie d&rsquo;orange, de marron et d&rsquo;ocre dor\u00e9, le motif \u00e9voque un apr\u00e8s-midi d&rsquo;automne frais, tandis que sa petite taille en fait l&rsquo;accessoire parfait pour tous les instants.   <\/p><ul><li><span data-preserver-spaces=\"true\">Mati\u00e8re : <\/span><span data-preserver-spaces=\"true\">100 % cachemire mongol de qualit\u00e9 A <\/span> <\/li><li><span data-preserver-spaces=\"true\">  Confort : Confort toute l&rsquo;ann\u00e9e, pas de d\u00e9mangeaisons ni de surchauffe<\/span><\/li><li><span data-preserver-spaces=\"true\">Taille : 147cm x 23cm \/ 58&Prime; x 9&Prime;<\/span><\/li><li>Conception de poche<\/li><li>L\u00e9ger : 17 grammes<\/li><li><span data-preserver-spaces=\"true\"><span data-preserver-spaces=\"true\"><span data-preserver-spaces=\"true\"><span data-preserver-spaces=\"true\"><span data-preserver-spaces=\"true\">Fabriqu\u00e9 avec soin en Mongolie int\u00e9rieure<\/span><\/span><\/span><\/span><\/span><\/li><\/ul>\t\t\t\t\t\t\t\t<\/div>\n\t\t\t\t<\/div>\n\t\t\t\t\t<\/div>\n\t\t<\/div>\n\t\t\t\t\t<\/div>\n\t\t<\/section>\n\t\t\t\t<\/div>\n\t\t","protected":false},"excerpt":{"rendered":"<p>Adoptez la sophistication douillette de la saison avec l&rsquo;\u00e9charpe Ami. Avec sa riche tapisserie d&rsquo;orange, de marron et d&rsquo;ocre dor\u00e9,<\/p>\n","protected":false},"featured_media":340012,"comment_status":"open","ping_status":"closed","template":"","meta":[],"product_brand":[],"product_cat":[1143,1613,1800],"product_tag":[1739,1769],"class_list":{"0":"post-340466","1":"product","2":"type-product","3":"status-publish","4":"has-post-thumbnail","6":"product_cat-foulards-et-echarpes","7":"product_cat-echarpes-en-cachemire-fr","8":"product_cat-petite-echarpe-en-cachemire","9":"product_tag-foulards-legers","10":"product_tag-gradient","11":"product_shipping_class-pliable","12":"pa_color-rouge-bourgogne","13":"pa_material-cachemire","14":"pa_pattern-gradient","16":"first","17":"instock","18":"shipping-taxable","19":"purchasable","20":"product-type-simple"},"_links":{"self":[{"href":"https:\/\/peilishop.com\/fr\/wp-json\/wp\/v2\/product\/340466","targetHints":{"allow":["GET"]}}],"collection":[{"href":"https:\/\/peilishop.com\/fr\/wp-json\/wp\/v2\/product"}],"about":[{"href":"https:\/\/peilishop.com\/fr\/wp-json\/wp\/v2\/types\/product"}],"replies":[{"embeddable":true,"href":"https:\/\/peilishop.com\/fr\/wp-json\/wp\/v2\/comments?post=340466"}],"version-history":[{"count":1,"href":"https:\/\/peilishop.com\/fr\/wp-json\/wp\/v2\/product\/340466\/revisions"}],"predecessor-version":[{"id":340467,"href":"https:\/\/peilishop.com\/fr\/wp-json\/wp\/v2\/product\/340466\/revisions\/340467"}],"wp:featuredmedia":[{"embeddable":true,"href":"https:\/\/peilishop.com\/fr\/wp-json\/wp\/v2\/media\/340012"}],"wp:attachment":[{"href":"https:\/\/peilishop.com\/fr\/wp-json\/wp\/v2\/media?parent=340466"}],"wp:term":[{"taxonomy":"product_brand","embeddable":true,"href":"https:\/\/peilishop.com\/fr\/wp-json\/wp\/v2\/product_brand?post=340466"},{"taxonomy":"product_cat","embeddable":true,"href":"https:\/\/peilishop.com\/fr\/wp-json\/wp\/v2\/product_cat?post=340466"},{"taxonomy":"product_tag","embeddable":true,"href":"https:\/\/peilishop.com\/fr\/wp-json\/wp\/v2\/product_tag?post=340466"}],"curies":[{"name":"wp","href":"https:\/\/api.w.org\/{rel}","templated":true}]}}