{"id":340414,"date":"2026-05-17T02:56:48","date_gmt":"2026-05-17T06:56:48","guid":{"rendered":"https:\/\/peilishop.com\/product\/echarpe-en-cachemire-lyra-featherlight-lilas\/"},"modified":"2026-05-17T04:26:02","modified_gmt":"2026-05-17T08:26:02","slug":"echarpe-en-cachemire-lyra-featherlight-lilas","status":"publish","type":"product","link":"https:\/\/peilishop.com\/fr\/produit\/echarpe-en-cachemire-lyra-featherlight-lilas\/","title":{"rendered":"\u00c9charpe en cachemire Lyra Featherlight &#8211; Lilas"},"content":{"rendered":"\t\t<div data-elementor-type=\"wp-post\" data-elementor-id=\"340414\" class=\"elementor elementor-340414 elementor-340248\" data-elementor-post-type=\"product\">\n\t\t\t\t\t\t<section class=\"wd-negative-gap elementor-section elementor-top-section elementor-element elementor-element-309ee49 elementor-section-boxed elementor-section-height-default elementor-section-height-default\" data-id=\"309ee49\" data-element_type=\"section\" data-e-type=\"section\">\n\t\t\t\t\t\t<div class=\"elementor-container elementor-column-gap-default\">\n\t\t\t\t\t<div class=\"elementor-column elementor-col-100 elementor-top-column elementor-element elementor-element-27c6e88\" data-id=\"27c6e88\" data-element_type=\"column\" data-e-type=\"column\">\n\t\t\t<div class=\"elementor-widget-wrap elementor-element-populated\">\n\t\t\t\t\t\t<div class=\"elementor-element elementor-element-ffd11f9 color-scheme-inherit text-left elementor-widget elementor-widget-text-editor\" data-id=\"ffd11f9\" data-element_type=\"widget\" data-e-type=\"widget\" data-widget_type=\"text-editor.default\">\n\t\t\t\t<div class=\"elementor-widget-container\">\n\t\t\t\t\t\t\t\t\t<p>Rehaussez votre style avec l&rsquo;\u00e9charpe Lyra. La douce ombre lilas s&rsquo;estompe doucement en un blush d\u00e9licat, ajoutant une touche de romantisme \u00e0 n&rsquo;importe quelle tenue, tandis que son tissage a\u00e9r\u00e9 et respirant en fait un v\u00eatement id\u00e9al pour toute l&rsquo;ann\u00e9e. <\/p><ul><li><span data-preserver-spaces=\"true\">Mati\u00e8re : <\/span><span data-preserver-spaces=\"true\">100 % cachemire mongol de qualit\u00e9 A <\/span> <\/li><li><span data-preserver-spaces=\"true\">  Confort : Confort toute l&rsquo;ann\u00e9e, pas de d\u00e9mangeaisons ni de surchauffe<\/span><\/li><li><span data-preserver-spaces=\"true\">Taille : 180cm x 57cm \/ 71&Prime; x 23.4&Prime;<\/span><\/li><li>Conception de poche<\/li><li>Poids l\u00e9ger : 58 grammes<\/li><li><span data-preserver-spaces=\"true\"><span data-preserver-spaces=\"true\"><span data-preserver-spaces=\"true\"><span data-preserver-spaces=\"true\"><span data-preserver-spaces=\"true\">Fabriqu\u00e9 avec soin en Mongolie int\u00e9rieure<\/span><\/span><\/span><\/span><\/span><\/li><\/ul>\t\t\t\t\t\t\t\t<\/div>\n\t\t\t\t<\/div>\n\t\t\t\t\t<\/div>\n\t\t<\/div>\n\t\t\t\t\t<\/div>\n\t\t<\/section>\n\t\t\t\t<\/div>\n\t\t","protected":false},"excerpt":{"rendered":"<p>Rehaussez votre style avec l&rsquo;\u00e9charpe Lyra. La douce ombre lilas s&rsquo;estompe doucement en un blush d\u00e9licat, ajoutant une touche de<\/p>\n","protected":false},"featured_media":340253,"comment_status":"open","ping_status":"closed","template":"","meta":[],"product_brand":[],"product_cat":[1143,1613],"product_tag":[1739,1769],"class_list":{"0":"post-340414","1":"product","2":"type-product","3":"status-publish","4":"has-post-thumbnail","6":"product_cat-foulards-et-echarpes","7":"product_cat-echarpes-en-cachemire-fr","8":"product_tag-foulards-legers","9":"product_tag-gradient","10":"product_shipping_class-pliable","11":"pa_color-violet-clair","12":"pa_material-cachemire","13":"pa_pattern-gradient","15":"first","16":"instock","17":"shipping-taxable","18":"purchasable","19":"product-type-simple"},"_links":{"self":[{"href":"https:\/\/peilishop.com\/fr\/wp-json\/wp\/v2\/product\/340414","targetHints":{"allow":["GET"]}}],"collection":[{"href":"https:\/\/peilishop.com\/fr\/wp-json\/wp\/v2\/product"}],"about":[{"href":"https:\/\/peilishop.com\/fr\/wp-json\/wp\/v2\/types\/product"}],"replies":[{"embeddable":true,"href":"https:\/\/peilishop.com\/fr\/wp-json\/wp\/v2\/comments?post=340414"}],"version-history":[{"count":0,"href":"https:\/\/peilishop.com\/fr\/wp-json\/wp\/v2\/product\/340414\/revisions"}],"wp:featuredmedia":[{"embeddable":true,"href":"https:\/\/peilishop.com\/fr\/wp-json\/wp\/v2\/media\/340253"}],"wp:attachment":[{"href":"https:\/\/peilishop.com\/fr\/wp-json\/wp\/v2\/media?parent=340414"}],"wp:term":[{"taxonomy":"product_brand","embeddable":true,"href":"https:\/\/peilishop.com\/fr\/wp-json\/wp\/v2\/product_brand?post=340414"},{"taxonomy":"product_cat","embeddable":true,"href":"https:\/\/peilishop.com\/fr\/wp-json\/wp\/v2\/product_cat?post=340414"},{"taxonomy":"product_tag","embeddable":true,"href":"https:\/\/peilishop.com\/fr\/wp-json\/wp\/v2\/product_tag?post=340414"}],"curies":[{"name":"wp","href":"https:\/\/api.w.org\/{rel}","templated":true}]}}