{"id":339675,"date":"2026-05-04T10:11:00","date_gmt":"2026-05-04T14:11:00","guid":{"rendered":"https:\/\/peilishop.com\/product\/alpa-featherlight-cashmere-tasseled-scarf-wrap-echarpe-a-pompons-en-cachemire\/"},"modified":"2026-05-15T00:52:10","modified_gmt":"2026-05-15T04:52:10","slug":"alpa-featherlight-cashmere-tasseled-scarf-wrap-echarpe-a-pompons-en-cachemire","status":"publish","type":"product","link":"https:\/\/peilishop.com\/fr\/produit\/alpa-featherlight-cashmere-tasseled-scarf-wrap-echarpe-a-pompons-en-cachemire\/","title":{"rendered":"Alpa Featherlight Cashmere Tasseled Scarf Wrap (\u00e9charpe \u00e0 pompons en cachemire)"},"content":{"rendered":"\t\t<div data-elementor-type=\"wp-post\" data-elementor-id=\"339675\" class=\"elementor elementor-339675 elementor-61506\" data-elementor-post-type=\"product\">\n\t\t\t\t\t\t<section class=\"wd-negative-gap elementor-section elementor-top-section elementor-element elementor-element-309ee49 elementor-section-boxed elementor-section-height-default elementor-section-height-default\" data-id=\"309ee49\" data-element_type=\"section\" data-e-type=\"section\">\n\t\t\t\t\t\t<div class=\"elementor-container elementor-column-gap-default\">\n\t\t\t\t\t<div class=\"elementor-column elementor-col-100 elementor-top-column elementor-element elementor-element-27c6e88\" data-id=\"27c6e88\" data-element_type=\"column\" data-e-type=\"column\">\n\t\t\t<div class=\"elementor-widget-wrap elementor-element-populated\">\n\t\t\t\t\t\t<div class=\"elementor-element elementor-element-ffd11f9 color-scheme-inherit text-left elementor-widget elementor-widget-text-editor\" data-id=\"ffd11f9\" data-element_type=\"widget\" data-e-type=\"widget\" data-widget_type=\"text-editor.default\">\n\t\t\t\t<div class=\"elementor-widget-container\">\n\t\t\t\t\t\t\t\t\t<p>Rehaussez votre tenue avec la luxueuse \u00e9charpe en cachemire Alpa featherlight Wrap. Confectionn\u00e9e \u00e0 partir de luxueuses fibres de cachemire, cette \u00e9charpe douce et l\u00e9g\u00e8re est id\u00e9ale pour \u00eatre port\u00e9e toute la journ\u00e9e. Elle est orn\u00e9e de pompons exag\u00e9r\u00e9s aux deux extr\u00e9mit\u00e9s, ce qui lui conf\u00e8re un air d&rsquo;\u00e9l\u00e9gance et de sophistication en toute occasion.    <\/p>\n<ul>\n<li><span data-preserver-spaces=\"true\">Mati\u00e8re : <\/span><span data-preserver-spaces=\"true\">100 % cachemire mongol de qualit\u00e9 A <\/span> <\/li>\n<li>Teinture naturelle, sans produits chimiques nocifs<\/li>\n<li><span data-preserver-spaces=\"true\">  Confort : Doux et respirant, pas de d\u00e9mangeaisons ni de surchauffe.<\/span><\/li>\n<li><span data-preserver-spaces=\"true\"><span data-preserver-spaces=\"true\">Taille : 200cm x 100cm\/ 78.74\u2033 x 39.4\u2033<br><\/span><\/span><\/li>\n<li><span data-preserver-spaces=\"true\"><span data-preserver-spaces=\"true\"><span data-preserver-spaces=\"true\"><span data-preserver-spaces=\"true\">Featherly light : 80 grammes<\/span><\/span><\/span><\/span><\/li>\n<li><span data-preserver-spaces=\"true\"><span data-preserver-spaces=\"true\"><span data-preserver-spaces=\"true\"><span data-preserver-spaces=\"true\"><span data-preserver-spaces=\"true\">Fabriqu\u00e9 avec soin en Mongolie int\u00e9rieure<\/span><\/span><\/span><\/span><\/span><\/li>\n<\/ul>\t\t\t\t\t\t\t\t<\/div>\n\t\t\t\t<\/div>\n\t\t\t\t\t<\/div>\n\t\t<\/div>\n\t\t\t\t\t<\/div>\n\t\t<\/section>\n\t\t\t\t<\/div>\n\t\t","protected":false},"excerpt":{"rendered":"<p>Rehaussez votre tenue avec la luxueuse \u00e9charpe en cachemire Alpa featherlight Wrap. Confectionn\u00e9e \u00e0 partir de luxueuses fibres de cachemire,<\/p>\n","protected":false},"featured_media":339647,"comment_status":"open","ping_status":"closed","template":"","meta":[],"product_brand":[],"product_cat":[1613,1143],"product_tag":[1739],"class_list":{"0":"post-339675","1":"product","2":"type-product","3":"status-publish","4":"has-post-thumbnail","6":"product_cat-echarpes-en-cachemire-fr","7":"product_cat-foulards-et-echarpes","8":"product_tag-foulards-legers","9":"product_shipping_class-pliable","10":"pa_color-beige-fr","11":"pa_color-blanc","12":"pa_color-gris-fr","13":"pa_color-gris-fonce","14":"pa_color-kaki","15":"pa_color-noir","16":"pa_material-cachemire","17":"pa_pattern-checked","18":"pa_pattern-fringe","20":"first","21":"instock","22":"shipping-taxable","23":"purchasable","24":"product-type-variable"},"_links":{"self":[{"href":"https:\/\/peilishop.com\/fr\/wp-json\/wp\/v2\/product\/339675","targetHints":{"allow":["GET"]}}],"collection":[{"href":"https:\/\/peilishop.com\/fr\/wp-json\/wp\/v2\/product"}],"about":[{"href":"https:\/\/peilishop.com\/fr\/wp-json\/wp\/v2\/types\/product"}],"replies":[{"embeddable":true,"href":"https:\/\/peilishop.com\/fr\/wp-json\/wp\/v2\/comments?post=339675"}],"version-history":[{"count":0,"href":"https:\/\/peilishop.com\/fr\/wp-json\/wp\/v2\/product\/339675\/revisions"}],"wp:featuredmedia":[{"embeddable":true,"href":"https:\/\/peilishop.com\/fr\/wp-json\/wp\/v2\/media\/339647"}],"wp:attachment":[{"href":"https:\/\/peilishop.com\/fr\/wp-json\/wp\/v2\/media?parent=339675"}],"wp:term":[{"taxonomy":"product_brand","embeddable":true,"href":"https:\/\/peilishop.com\/fr\/wp-json\/wp\/v2\/product_brand?post=339675"},{"taxonomy":"product_cat","embeddable":true,"href":"https:\/\/peilishop.com\/fr\/wp-json\/wp\/v2\/product_cat?post=339675"},{"taxonomy":"product_tag","embeddable":true,"href":"https:\/\/peilishop.com\/fr\/wp-json\/wp\/v2\/product_tag?post=339675"}],"curies":[{"name":"wp","href":"https:\/\/api.w.org\/{rel}","templated":true}]}}