{"id":339261,"date":"2026-03-28T03:00:56","date_gmt":"2026-03-28T07:00:56","guid":{"rendered":"https:\/\/peilishop.com\/product\/fourre-tout-en-raphia-jina\/"},"modified":"2026-05-08T09:49:08","modified_gmt":"2026-05-08T13:49:08","slug":"fourre-tout-en-raphia-jina","status":"publish","type":"product","link":"https:\/\/peilishop.com\/fr\/produit\/fourre-tout-en-raphia-jina\/","title":{"rendered":"Fourre-tout en raphia Jina"},"content":{"rendered":"\t\t<div data-elementor-type=\"wp-post\" data-elementor-id=\"339261\" class=\"elementor elementor-339261 elementor-338247\" data-elementor-post-type=\"product\">\n\t\t\t\t\t\t<section class=\"wd-negative-gap elementor-section elementor-top-section elementor-element elementor-element-309ee49 elementor-section-boxed elementor-section-height-default elementor-section-height-default\" data-id=\"309ee49\" data-element_type=\"section\" data-e-type=\"section\">\n\t\t\t\t\t\t<div class=\"elementor-container elementor-column-gap-default\">\n\t\t\t\t\t<div class=\"elementor-column elementor-col-100 elementor-top-column elementor-element elementor-element-27c6e88\" data-id=\"27c6e88\" data-element_type=\"column\" data-e-type=\"column\">\n\t\t\t<div class=\"elementor-widget-wrap elementor-element-populated\">\n\t\t\t\t\t\t<div class=\"elementor-element elementor-element-ffd11f9 color-scheme-inherit text-left elementor-widget elementor-widget-text-editor\" data-id=\"ffd11f9\" data-element_type=\"widget\" data-e-type=\"widget\" data-widget_type=\"text-editor.default\">\n\t\t\t\t<div class=\"elementor-widget-container\">\n\t\t\t\t\t\t\t\t\t<p style=\"text-align: left;\"><span data-preserver-spaces=\"true\">Apportez un style artisanal \u00e0 vos d\u00e9placements quotidiens avec le fourre-tout en raphia Jina. Il se compose d&rsquo;une base noire audacieuse et d&rsquo;un d\u00e9licat motif en damier cr\u00e8me, \u00e0 la fois ludique et raffin\u00e9. Son ouverture spacieuse vous permet de transporter sans effort vos essentiels quotidiens.  <\/span><\/p><ul><li style=\"text-align: left;\"><span data-preserver-spaces=\"true\">Mat\u00e9riau : Raphia de Madagascar<\/span><\/li><li style=\"text-align: left;\"><span data-preserver-spaces=\"true\">D\u00e9tails internes : non doubl\u00e9<\/span><\/li><\/ul>\t\t\t\t\t\t\t\t<\/div>\n\t\t\t\t<\/div>\n\t\t\t\t\t<\/div>\n\t\t<\/div>\n\t\t\t\t\t<\/div>\n\t\t<\/section>\n\t\t\t\t<\/div>\n\t\t","protected":false},"excerpt":{"rendered":"<p>Apportez un style artisanal \u00e0 vos d\u00e9placements quotidiens avec le fourre-tout en raphia Jina. Il se compose d&rsquo;une base noire<\/p>\n","protected":false},"featured_media":338249,"comment_status":"open","ping_status":"closed","template":"","meta":[],"product_brand":[],"product_cat":[1685,1791,1787],"product_tag":[1671,1216],"class_list":{"0":"post-339261","1":"product","2":"type-product","3":"status-publish","4":"has-post-thumbnail","6":"product_cat-sacs","7":"product_cat-sacs-cabas","8":"product_cat-sacs-en-raphia","9":"product_tag-raphia","10":"product_tag-simple","11":"pa_color-noir","12":"pa_material-raphia","13":"pa_pattern-checked","15":"first","16":"instock","17":"shipping-taxable","18":"purchasable","19":"product-type-simple"},"_links":{"self":[{"href":"https:\/\/peilishop.com\/fr\/wp-json\/wp\/v2\/product\/339261","targetHints":{"allow":["GET"]}}],"collection":[{"href":"https:\/\/peilishop.com\/fr\/wp-json\/wp\/v2\/product"}],"about":[{"href":"https:\/\/peilishop.com\/fr\/wp-json\/wp\/v2\/types\/product"}],"replies":[{"embeddable":true,"href":"https:\/\/peilishop.com\/fr\/wp-json\/wp\/v2\/comments?post=339261"}],"version-history":[{"count":0,"href":"https:\/\/peilishop.com\/fr\/wp-json\/wp\/v2\/product\/339261\/revisions"}],"wp:featuredmedia":[{"embeddable":true,"href":"https:\/\/peilishop.com\/fr\/wp-json\/wp\/v2\/media\/338249"}],"wp:attachment":[{"href":"https:\/\/peilishop.com\/fr\/wp-json\/wp\/v2\/media?parent=339261"}],"wp:term":[{"taxonomy":"product_brand","embeddable":true,"href":"https:\/\/peilishop.com\/fr\/wp-json\/wp\/v2\/product_brand?post=339261"},{"taxonomy":"product_cat","embeddable":true,"href":"https:\/\/peilishop.com\/fr\/wp-json\/wp\/v2\/product_cat?post=339261"},{"taxonomy":"product_tag","embeddable":true,"href":"https:\/\/peilishop.com\/fr\/wp-json\/wp\/v2\/product_tag?post=339261"}],"curies":[{"name":"wp","href":"https:\/\/api.w.org\/{rel}","templated":true}]}}