{"id":339259,"date":"2026-03-28T02:24:08","date_gmt":"2026-03-28T06:24:08","guid":{"rendered":"https:\/\/peilishop.com\/product\/sac-a-bandouliere-en-raphia-clady\/"},"modified":"2026-05-08T09:49:08","modified_gmt":"2026-05-08T13:49:08","slug":"sac-a-bandouliere-en-raphia-clady","status":"publish","type":"product","link":"https:\/\/peilishop.com\/fr\/produit\/sac-a-bandouliere-en-raphia-clady\/","title":{"rendered":"Sac \u00e0 bandouli\u00e8re en raphia Clady"},"content":{"rendered":"\t\t<div data-elementor-type=\"wp-post\" data-elementor-id=\"339259\" class=\"elementor elementor-339259 elementor-338212\" data-elementor-post-type=\"product\">\n\t\t\t\t\t\t<section class=\"wd-negative-gap elementor-section elementor-top-section elementor-element elementor-element-309ee49 elementor-section-boxed elementor-section-height-default elementor-section-height-default\" data-id=\"309ee49\" data-element_type=\"section\" data-e-type=\"section\">\n\t\t\t\t\t\t<div class=\"elementor-container elementor-column-gap-default\">\n\t\t\t\t\t<div class=\"elementor-column elementor-col-100 elementor-top-column elementor-element elementor-element-27c6e88\" data-id=\"27c6e88\" data-element_type=\"column\" data-e-type=\"column\">\n\t\t\t<div class=\"elementor-widget-wrap elementor-element-populated\">\n\t\t\t\t\t\t<div class=\"elementor-element elementor-element-ffd11f9 color-scheme-inherit text-left elementor-widget elementor-widget-text-editor\" data-id=\"ffd11f9\" data-element_type=\"widget\" data-e-type=\"widget\" data-widget_type=\"text-editor.default\">\n\t\t\t\t<div class=\"elementor-widget-container\">\n\t\t\t\t\t\t\t\t\t<p>Apportez une touche de style estival partout o\u00f9 vous allez. Ce sac crois\u00e9 en raphia associe une base olive riche \u00e0 un motif <span data-preserver-spaces=\"true\">g\u00e9om\u00e9trique<\/span> orange ensoleill\u00e9, cr\u00e9ant un look chic sans effort, tandis que<span data-preserver-spaces=\"true\">la sangle tress\u00e9e ajoute une finition tactile et artisanale.<\/span> <\/p><ul><li><span data-preserver-spaces=\"true\">Mat\u00e9riau : Raphia de Madagascar<\/span><\/li><li><span data-preserver-spaces=\"true\">D\u00e9tails internes : non doubl\u00e9<\/span><\/li><\/ul>\t\t\t\t\t\t\t\t<\/div>\n\t\t\t\t<\/div>\n\t\t\t\t\t<\/div>\n\t\t<\/div>\n\t\t\t\t\t<\/div>\n\t\t<\/section>\n\t\t\t\t<\/div>\n\t\t","protected":false},"excerpt":{"rendered":"<p>Apportez une touche de style estival partout o\u00f9 vous allez. Ce sac crois\u00e9 en raphia associe une base olive riche<\/p>\n","protected":false},"featured_media":338242,"comment_status":"open","ping_status":"closed","template":"","meta":[],"product_brand":[],"product_cat":[1685,1787],"product_tag":[1469,1671],"class_list":{"0":"post-339259","1":"product","2":"type-product","3":"status-publish","4":"has-post-thumbnail","6":"product_cat-sacs","7":"product_cat-sacs-en-raphia","8":"product_tag-abstrait","9":"product_tag-raphia","10":"pa_color-vert-olive","11":"pa_material-raphia","12":"pa_pattern-checked","14":"first","15":"instock","16":"shipping-taxable","17":"purchasable","18":"product-type-simple"},"_links":{"self":[{"href":"https:\/\/peilishop.com\/fr\/wp-json\/wp\/v2\/product\/339259","targetHints":{"allow":["GET"]}}],"collection":[{"href":"https:\/\/peilishop.com\/fr\/wp-json\/wp\/v2\/product"}],"about":[{"href":"https:\/\/peilishop.com\/fr\/wp-json\/wp\/v2\/types\/product"}],"replies":[{"embeddable":true,"href":"https:\/\/peilishop.com\/fr\/wp-json\/wp\/v2\/comments?post=339259"}],"version-history":[{"count":0,"href":"https:\/\/peilishop.com\/fr\/wp-json\/wp\/v2\/product\/339259\/revisions"}],"wp:featuredmedia":[{"embeddable":true,"href":"https:\/\/peilishop.com\/fr\/wp-json\/wp\/v2\/media\/338242"}],"wp:attachment":[{"href":"https:\/\/peilishop.com\/fr\/wp-json\/wp\/v2\/media?parent=339259"}],"wp:term":[{"taxonomy":"product_brand","embeddable":true,"href":"https:\/\/peilishop.com\/fr\/wp-json\/wp\/v2\/product_brand?post=339259"},{"taxonomy":"product_cat","embeddable":true,"href":"https:\/\/peilishop.com\/fr\/wp-json\/wp\/v2\/product_cat?post=339259"},{"taxonomy":"product_tag","embeddable":true,"href":"https:\/\/peilishop.com\/fr\/wp-json\/wp\/v2\/product_tag?post=339259"}],"curies":[{"name":"wp","href":"https:\/\/api.w.org\/{rel}","templated":true}]}}