{"id":339255,"date":"2026-04-25T07:53:28","date_gmt":"2026-04-25T11:53:28","guid":{"rendered":"https:\/\/peilishop.com\/product\/fourre-tout-en-raphia-helen\/"},"modified":"2026-05-08T09:48:59","modified_gmt":"2026-05-08T13:48:59","slug":"fourre-tout-en-raphia-helen","status":"publish","type":"product","link":"https:\/\/peilishop.com\/fr\/produit\/fourre-tout-en-raphia-helen\/","title":{"rendered":"Fourre-tout en raphia Helen"},"content":{"rendered":"\t\t<div data-elementor-type=\"wp-post\" data-elementor-id=\"339255\" class=\"elementor elementor-339255 elementor-338768\" data-elementor-post-type=\"product\">\n\t\t\t\t\t\t<section class=\"wd-negative-gap elementor-section elementor-top-section elementor-element elementor-element-309ee49 elementor-section-boxed elementor-section-height-default elementor-section-height-default\" data-id=\"309ee49\" data-element_type=\"section\" data-e-type=\"section\">\n\t\t\t\t\t\t<div class=\"elementor-container elementor-column-gap-default\">\n\t\t\t\t\t<div class=\"elementor-column elementor-col-100 elementor-top-column elementor-element elementor-element-27c6e88\" data-id=\"27c6e88\" data-element_type=\"column\" data-e-type=\"column\">\n\t\t\t<div class=\"elementor-widget-wrap elementor-element-populated\">\n\t\t\t\t\t\t<div class=\"elementor-element elementor-element-ffd11f9 color-scheme-inherit text-left elementor-widget elementor-widget-text-editor\" data-id=\"ffd11f9\" data-element_type=\"widget\" data-e-type=\"widget\" data-widget_type=\"text-editor.default\">\n\t\t\t\t<div class=\"elementor-widget-container\">\n\t\t\t\t\t\t\t\t\t<p style=\"text-align: left;\"><span data-preserver-spaces=\"true\">Ce sac en raphia crochet\u00e9 vous s\u00e9duira par son charme artisanal. Il pr\u00e9sente un motif floral r\u00e9p\u00e9titif dans une palette chaude et dor\u00e9e. La longue lani\u00e8re tress\u00e9e est \u00e0 la fois un signe de design et une promesse de confort, qui vous permettra de transporter votre journ\u00e9e sans effort.  <\/span><\/p><ul><li style=\"text-align: left;\"><span data-preserver-spaces=\"true\">Mat\u00e9riau : Raphia de Madagascar<\/span><\/li><li style=\"text-align: left;\"><span data-preserver-spaces=\"true\">D\u00e9tails internes : non doubl\u00e9<\/span><\/li><\/ul>\t\t\t\t\t\t\t\t<\/div>\n\t\t\t\t<\/div>\n\t\t\t\t\t<\/div>\n\t\t<\/div>\n\t\t\t\t\t<\/div>\n\t\t<\/section>\n\t\t\t\t<\/div>\n\t\t","protected":false},"excerpt":{"rendered":"<p>Ce sac en raphia crochet\u00e9 vous s\u00e9duira par son charme artisanal. Il pr\u00e9sente un motif floral r\u00e9p\u00e9titif dans une palette<\/p>\n","protected":false},"featured_media":338773,"comment_status":"open","ping_status":"closed","template":"","meta":[],"product_brand":[],"product_cat":[1685,1791,1787],"product_tag":[1671],"class_list":{"0":"post-339255","1":"product","2":"type-product","3":"status-publish","4":"has-post-thumbnail","6":"product_cat-sacs","7":"product_cat-sacs-cabas","8":"product_cat-sacs-en-raphia","9":"product_tag-raphia","10":"pa_color-orange-fr","11":"pa_material-raphia","12":"pa_pattern-floral","14":"first","15":"instock","16":"shipping-taxable","17":"purchasable","18":"product-type-simple"},"_links":{"self":[{"href":"https:\/\/peilishop.com\/fr\/wp-json\/wp\/v2\/product\/339255","targetHints":{"allow":["GET"]}}],"collection":[{"href":"https:\/\/peilishop.com\/fr\/wp-json\/wp\/v2\/product"}],"about":[{"href":"https:\/\/peilishop.com\/fr\/wp-json\/wp\/v2\/types\/product"}],"replies":[{"embeddable":true,"href":"https:\/\/peilishop.com\/fr\/wp-json\/wp\/v2\/comments?post=339255"}],"version-history":[{"count":0,"href":"https:\/\/peilishop.com\/fr\/wp-json\/wp\/v2\/product\/339255\/revisions"}],"wp:featuredmedia":[{"embeddable":true,"href":"https:\/\/peilishop.com\/fr\/wp-json\/wp\/v2\/media\/338773"}],"wp:attachment":[{"href":"https:\/\/peilishop.com\/fr\/wp-json\/wp\/v2\/media?parent=339255"}],"wp:term":[{"taxonomy":"product_brand","embeddable":true,"href":"https:\/\/peilishop.com\/fr\/wp-json\/wp\/v2\/product_brand?post=339255"},{"taxonomy":"product_cat","embeddable":true,"href":"https:\/\/peilishop.com\/fr\/wp-json\/wp\/v2\/product_cat?post=339255"},{"taxonomy":"product_tag","embeddable":true,"href":"https:\/\/peilishop.com\/fr\/wp-json\/wp\/v2\/product_tag?post=339255"}],"curies":[{"name":"wp","href":"https:\/\/api.w.org\/{rel}","templated":true}]}}