{"id":339223,"date":"2026-03-27T08:20:41","date_gmt":"2026-03-27T12:20:41","guid":{"rendered":"https:\/\/peilishop.com\/product\/fourre-tout-en-raphia-cilla-vert\/"},"modified":"2026-05-08T09:48:39","modified_gmt":"2026-05-08T13:48:39","slug":"fourre-tout-en-raphia-cilla-vert","status":"publish","type":"product","link":"https:\/\/peilishop.com\/fr\/produit\/fourre-tout-en-raphia-cilla-vert\/","title":{"rendered":"Fourre-tout en raphia Cilla &#8211; Vert"},"content":{"rendered":"\t\t<div data-elementor-type=\"wp-post\" data-elementor-id=\"339223\" class=\"elementor elementor-339223 elementor-338142\" data-elementor-post-type=\"product\">\n\t\t\t\t\t\t<section class=\"wd-negative-gap elementor-section elementor-top-section elementor-element elementor-element-309ee49 elementor-section-boxed elementor-section-height-default elementor-section-height-default\" data-id=\"309ee49\" data-element_type=\"section\" data-e-type=\"section\">\n\t\t\t\t\t\t<div class=\"elementor-container elementor-column-gap-default\">\n\t\t\t\t\t<div class=\"elementor-column elementor-col-100 elementor-top-column elementor-element elementor-element-27c6e88\" data-id=\"27c6e88\" data-element_type=\"column\" data-e-type=\"column\">\n\t\t\t<div class=\"elementor-widget-wrap elementor-element-populated\">\n\t\t\t\t\t\t<div class=\"elementor-element elementor-element-ffd11f9 color-scheme-inherit text-left elementor-widget elementor-widget-text-editor\" data-id=\"ffd11f9\" data-element_type=\"widget\" data-e-type=\"widget\" data-widget_type=\"text-editor.default\">\n\t\t\t\t<div class=\"elementor-widget-container\">\n\t\t\t\t\t\t\t\t\t<p style=\"text-align: left;\"><span data-preserver-spaces=\"true\">Adoptez une touche de charme baln\u00e9aire avec le sac fourre-tout en raphia Cilla. Dot\u00e9 d&rsquo;une rayure color\u00e9e audacieuse dans un motif g\u00e9om\u00e9trique, ce sac apporte une \u00e9nergie instantan\u00e9e \u00e0 la plage. L&rsquo;int\u00e9rieur spacieux et le design opentop en font un sac id\u00e9al pour transporter tout ce dont vous avez besoin, des objets quotidiens aux serviettes de plage, tandis que les poign\u00e9es durables garantissent une utilisation \u00e0 long terme.  <\/span><\/p><ul><li style=\"text-align: left;\"><span data-preserver-spaces=\"true\">Mat\u00e9riau : Raphia de Madagascar<\/span><\/li><li style=\"text-align: left;\"><span data-preserver-spaces=\"true\">D\u00e9tails internes : non doubl\u00e9<\/span><\/li><\/ul>\t\t\t\t\t\t\t\t<\/div>\n\t\t\t\t<\/div>\n\t\t\t\t\t<\/div>\n\t\t<\/div>\n\t\t\t\t\t<\/div>\n\t\t<\/section>\n\t\t\t\t<\/div>\n\t\t","protected":false},"excerpt":{"rendered":"<p>Adoptez une touche de charme baln\u00e9aire avec le sac fourre-tout en raphia Cilla. Dot\u00e9 d&rsquo;une rayure color\u00e9e audacieuse dans un<\/p>\n","protected":false},"featured_media":338113,"comment_status":"open","ping_status":"closed","template":"","meta":[],"product_brand":[],"product_cat":[1685,1791,1787],"product_tag":[1671,1216],"class_list":{"0":"post-339223","1":"product","2":"type-product","3":"status-publish","4":"has-post-thumbnail","6":"product_cat-sacs","7":"product_cat-sacs-cabas","8":"product_cat-sacs-en-raphia","9":"product_tag-raphia","10":"product_tag-simple","11":"pa_color-vert","12":"pa_material-raphia","13":"pa_pattern-colorblock","15":"first","16":"instock","17":"shipping-taxable","18":"purchasable","19":"product-type-simple"},"_links":{"self":[{"href":"https:\/\/peilishop.com\/fr\/wp-json\/wp\/v2\/product\/339223","targetHints":{"allow":["GET"]}}],"collection":[{"href":"https:\/\/peilishop.com\/fr\/wp-json\/wp\/v2\/product"}],"about":[{"href":"https:\/\/peilishop.com\/fr\/wp-json\/wp\/v2\/types\/product"}],"replies":[{"embeddable":true,"href":"https:\/\/peilishop.com\/fr\/wp-json\/wp\/v2\/comments?post=339223"}],"version-history":[{"count":0,"href":"https:\/\/peilishop.com\/fr\/wp-json\/wp\/v2\/product\/339223\/revisions"}],"wp:featuredmedia":[{"embeddable":true,"href":"https:\/\/peilishop.com\/fr\/wp-json\/wp\/v2\/media\/338113"}],"wp:attachment":[{"href":"https:\/\/peilishop.com\/fr\/wp-json\/wp\/v2\/media?parent=339223"}],"wp:term":[{"taxonomy":"product_brand","embeddable":true,"href":"https:\/\/peilishop.com\/fr\/wp-json\/wp\/v2\/product_brand?post=339223"},{"taxonomy":"product_cat","embeddable":true,"href":"https:\/\/peilishop.com\/fr\/wp-json\/wp\/v2\/product_cat?post=339223"},{"taxonomy":"product_tag","embeddable":true,"href":"https:\/\/peilishop.com\/fr\/wp-json\/wp\/v2\/product_tag?post=339223"}],"curies":[{"name":"wp","href":"https:\/\/api.w.org\/{rel}","templated":true}]}}