{"id":339204,"date":"2026-03-23T10:24:47","date_gmt":"2026-03-23T14:24:47","guid":{"rendered":"https:\/\/peilishop.com\/product\/fourre-tout-en-raphia-beth\/"},"modified":"2026-05-08T09:47:40","modified_gmt":"2026-05-08T13:47:40","slug":"fourre-tout-en-raphia-beth","status":"publish","type":"product","link":"https:\/\/peilishop.com\/fr\/produit\/fourre-tout-en-raphia-beth\/","title":{"rendered":"Fourre-tout en raphia Beth"},"content":{"rendered":"\t\t<div data-elementor-type=\"wp-post\" data-elementor-id=\"339204\" class=\"elementor elementor-339204 elementor-13617\" data-elementor-post-type=\"product\">\n\t\t\t\t\t\t<section class=\"wd-negative-gap elementor-section elementor-top-section elementor-element elementor-element-309ee49 elementor-section-boxed elementor-section-height-default elementor-section-height-default\" data-id=\"309ee49\" data-element_type=\"section\" data-e-type=\"section\">\n\t\t\t\t\t\t<div class=\"elementor-container elementor-column-gap-default\">\n\t\t\t\t\t<div class=\"elementor-column elementor-col-100 elementor-top-column elementor-element elementor-element-27c6e88\" data-id=\"27c6e88\" data-element_type=\"column\" data-e-type=\"column\">\n\t\t\t<div class=\"elementor-widget-wrap elementor-element-populated\">\n\t\t\t\t\t\t<div class=\"elementor-element elementor-element-ffd11f9 color-scheme-inherit text-left elementor-widget elementor-widget-text-editor\" data-id=\"ffd11f9\" data-element_type=\"widget\" data-e-type=\"widget\" data-widget_type=\"text-editor.default\">\n\t\t\t\t<div class=\"elementor-widget-container\">\n\t\t\t\t\t\t\t\t\t<p style=\"text-align: left;\"><span data-preserver-spaces=\"true\">Fabriqu\u00e9 en raphia de haute qualit\u00e9, le fourre-tout Beth est un chef-d&rsquo;\u0153uvre d&rsquo;artisanat. Il est orn\u00e9 d&rsquo;un motif floral complexe sur l&rsquo;ext\u00e9rieur, ajoutant une touche de charme romantique, tandis que l&rsquo;int\u00e9rieur spacieux est parfait pour transporter tous vos essentiels quotidiens, de la bouteille d&rsquo;eau \u00e0 l&rsquo;ordinateur portable, le rendant aussi fonctionnel qu&rsquo;\u00e9l\u00e9gant. <\/span><\/p><ul><li style=\"text-align: left;\"><span data-preserver-spaces=\"true\">Mat\u00e9riau : Raphia de Madagascar<\/span><\/li><li style=\"text-align: left;\"><span data-preserver-spaces=\"true\">D\u00e9tails internes : non doubl\u00e9<\/span><\/li><\/ul>\t\t\t\t\t\t\t\t<\/div>\n\t\t\t\t<\/div>\n\t\t\t\t\t<\/div>\n\t\t<\/div>\n\t\t\t\t\t<\/div>\n\t\t<\/section>\n\t\t\t\t<\/div>\n\t\t","protected":false},"excerpt":{"rendered":"<p>Fabriqu\u00e9 en raphia de haute qualit\u00e9, le fourre-tout Beth est un chef-d&rsquo;\u0153uvre d&rsquo;artisanat. Il est orn\u00e9 d&rsquo;un motif floral complexe<\/p>\n","protected":false},"featured_media":338077,"comment_status":"open","ping_status":"closed","template":"","meta":[],"product_brand":[],"product_cat":[1685,1791,1787],"product_tag":[1671],"class_list":{"0":"post-339204","1":"product","2":"type-product","3":"status-publish","4":"has-post-thumbnail","6":"product_cat-sacs","7":"product_cat-sacs-cabas","8":"product_cat-sacs-en-raphia","9":"product_tag-raphia","10":"product_shipping_class-sac-a-panier-grand-chapeau","11":"pa_color-beige-fr","12":"pa_color-rouge","13":"pa_material-raphia","14":"pa_pattern-floral","16":"first","17":"instock","18":"shipping-taxable","19":"purchasable","20":"product-type-variable","21":"has-default-attributes"},"_links":{"self":[{"href":"https:\/\/peilishop.com\/fr\/wp-json\/wp\/v2\/product\/339204","targetHints":{"allow":["GET"]}}],"collection":[{"href":"https:\/\/peilishop.com\/fr\/wp-json\/wp\/v2\/product"}],"about":[{"href":"https:\/\/peilishop.com\/fr\/wp-json\/wp\/v2\/types\/product"}],"replies":[{"embeddable":true,"href":"https:\/\/peilishop.com\/fr\/wp-json\/wp\/v2\/comments?post=339204"}],"version-history":[{"count":0,"href":"https:\/\/peilishop.com\/fr\/wp-json\/wp\/v2\/product\/339204\/revisions"}],"wp:featuredmedia":[{"embeddable":true,"href":"https:\/\/peilishop.com\/fr\/wp-json\/wp\/v2\/media\/338077"}],"wp:attachment":[{"href":"https:\/\/peilishop.com\/fr\/wp-json\/wp\/v2\/media?parent=339204"}],"wp:term":[{"taxonomy":"product_brand","embeddable":true,"href":"https:\/\/peilishop.com\/fr\/wp-json\/wp\/v2\/product_brand?post=339204"},{"taxonomy":"product_cat","embeddable":true,"href":"https:\/\/peilishop.com\/fr\/wp-json\/wp\/v2\/product_cat?post=339204"},{"taxonomy":"product_tag","embeddable":true,"href":"https:\/\/peilishop.com\/fr\/wp-json\/wp\/v2\/product_tag?post=339204"}],"curies":[{"name":"wp","href":"https:\/\/api.w.org\/{rel}","templated":true}]}}