{"id":339195,"date":"2026-03-28T03:31:30","date_gmt":"2026-03-28T07:31:30","guid":{"rendered":"https:\/\/peilishop.com\/product\/sac-a-bandouliere-en-raphia-abria\/"},"modified":"2026-05-08T09:47:31","modified_gmt":"2026-05-08T13:47:31","slug":"sac-a-bandouliere-en-raphia-abria","status":"publish","type":"product","link":"https:\/\/peilishop.com\/fr\/produit\/sac-a-bandouliere-en-raphia-abria\/","title":{"rendered":"Sac \u00e0 bandouli\u00e8re en raphia Abria"},"content":{"rendered":"\t\t<div data-elementor-type=\"wp-post\" data-elementor-id=\"339195\" class=\"elementor elementor-339195 elementor-338277\" data-elementor-post-type=\"product\">\n\t\t\t\t\t\t<section class=\"wd-negative-gap elementor-section elementor-top-section elementor-element elementor-element-309ee49 elementor-section-boxed elementor-section-height-default elementor-section-height-default\" data-id=\"309ee49\" data-element_type=\"section\" data-e-type=\"section\">\n\t\t\t\t\t\t<div class=\"elementor-container elementor-column-gap-default\">\n\t\t\t\t\t<div class=\"elementor-column elementor-col-100 elementor-top-column elementor-element elementor-element-27c6e88\" data-id=\"27c6e88\" data-element_type=\"column\" data-e-type=\"column\">\n\t\t\t<div class=\"elementor-widget-wrap elementor-element-populated\">\n\t\t\t\t\t\t<div class=\"elementor-element elementor-element-ffd11f9 color-scheme-inherit text-left elementor-widget elementor-widget-text-editor\" data-id=\"ffd11f9\" data-element_type=\"widget\" data-e-type=\"widget\" data-widget_type=\"text-editor.default\">\n\t\t\t\t<div class=\"elementor-widget-container\">\n\t\t\t\t\t\t\t\t\t<p><span data-preserver-spaces=\"true\">Tiss\u00e9 \u00e0 la main \u00e0 partir de raphia malgache, ce sac a un style ample et une silhouette large. Ouvert sur le dessus, l&rsquo;int\u00e9rieur non doubl\u00e9 offre suffisamment d&rsquo;espace pour toutes vos affaires, ainsi qu&rsquo;une pochette pour ranger vos petits objets de valeur. Les longues poign\u00e9es lisses vous permettent de le porter \u00e0 l&rsquo;\u00e9paule ou \u00e0 la main.  <\/span><\/p><ul><li><span data-preserver-spaces=\"true\">Mat\u00e9riau : Raphia de Madagascar<\/span><\/li><li><span data-preserver-spaces=\"true\">D\u00e9tails internes : non doubl\u00e9<\/span><\/li><li><span data-preserver-spaces=\"true\">Pochette int\u00e9rieure  <\/span><\/li><\/ul>\t\t\t\t\t\t\t\t<\/div>\n\t\t\t\t<\/div>\n\t\t\t\t\t<\/div>\n\t\t<\/div>\n\t\t\t\t\t<\/div>\n\t\t<\/section>\n\t\t\t\t<\/div>\n\t\t","protected":false},"excerpt":{"rendered":"<p>Tiss\u00e9 \u00e0 la main \u00e0 partir de raphia malgache, ce sac a un style ample et une silhouette large. Ouvert<\/p>\n","protected":false},"featured_media":338285,"comment_status":"open","ping_status":"closed","template":"","meta":[],"product_brand":[],"product_cat":[1685,1792,1787],"product_tag":[1469,1671],"class_list":{"0":"post-339195","1":"product","2":"type-product","3":"status-publish","4":"has-post-thumbnail","6":"product_cat-sacs","7":"product_cat-sacs-de-paille","8":"product_cat-sacs-en-raphia","9":"product_tag-abstrait","10":"product_tag-raphia","11":"pa_color-beige-fr","12":"pa_material-raphia","13":"pa_pattern-plain","15":"first","16":"instock","17":"shipping-taxable","18":"purchasable","19":"product-type-simple"},"_links":{"self":[{"href":"https:\/\/peilishop.com\/fr\/wp-json\/wp\/v2\/product\/339195","targetHints":{"allow":["GET"]}}],"collection":[{"href":"https:\/\/peilishop.com\/fr\/wp-json\/wp\/v2\/product"}],"about":[{"href":"https:\/\/peilishop.com\/fr\/wp-json\/wp\/v2\/types\/product"}],"replies":[{"embeddable":true,"href":"https:\/\/peilishop.com\/fr\/wp-json\/wp\/v2\/comments?post=339195"}],"version-history":[{"count":0,"href":"https:\/\/peilishop.com\/fr\/wp-json\/wp\/v2\/product\/339195\/revisions"}],"wp:featuredmedia":[{"embeddable":true,"href":"https:\/\/peilishop.com\/fr\/wp-json\/wp\/v2\/media\/338285"}],"wp:attachment":[{"href":"https:\/\/peilishop.com\/fr\/wp-json\/wp\/v2\/media?parent=339195"}],"wp:term":[{"taxonomy":"product_brand","embeddable":true,"href":"https:\/\/peilishop.com\/fr\/wp-json\/wp\/v2\/product_brand?post=339195"},{"taxonomy":"product_cat","embeddable":true,"href":"https:\/\/peilishop.com\/fr\/wp-json\/wp\/v2\/product_cat?post=339195"},{"taxonomy":"product_tag","embeddable":true,"href":"https:\/\/peilishop.com\/fr\/wp-json\/wp\/v2\/product_tag?post=339195"}],"curies":[{"name":"wp","href":"https:\/\/api.w.org\/{rel}","templated":true}]}}