{"id":336239,"date":"2025-09-28T03:28:00","date_gmt":"2025-09-28T07:28:00","guid":{"rendered":"https:\/\/peilishop.com\/product\/elia-featherlight-lambswool-scarf-wrap-brown-echarpe-en-laine-dagneau\/"},"modified":"2026-01-31T02:16:55","modified_gmt":"2026-01-31T07:16:55","slug":"elia-featherlight-lambswool-scarf-wrap-brown-echarpe-en-laine-dagneau","status":"publish","type":"product","link":"https:\/\/peilishop.com\/fr\/produit\/elia-featherlight-lambswool-scarf-wrap-brown-echarpe-en-laine-dagneau\/","title":{"rendered":"Elia Featherlight Lambswool Scarf Wrap &#8211; Brown (\u00e9charpe en laine d&rsquo;agneau)"},"content":{"rendered":"\t\t<div data-elementor-type=\"wp-post\" data-elementor-id=\"336239\" class=\"elementor elementor-336239 elementor-335359\" data-elementor-post-type=\"product\">\n\t\t\t\t\t\t<section class=\"wd-negative-gap elementor-section elementor-top-section elementor-element elementor-element-309ee49 elementor-section-boxed elementor-section-height-default elementor-section-height-default\" data-id=\"309ee49\" data-element_type=\"section\" data-e-type=\"section\">\n\t\t\t\t\t\t<div class=\"elementor-container elementor-column-gap-default\">\n\t\t\t\t\t<div class=\"elementor-column elementor-col-100 elementor-top-column elementor-element elementor-element-27c6e88\" data-id=\"27c6e88\" data-element_type=\"column\" data-e-type=\"column\">\n\t\t\t<div class=\"elementor-widget-wrap elementor-element-populated\">\n\t\t\t\t\t\t<div class=\"elementor-element elementor-element-ffd11f9 color-scheme-inherit text-left elementor-widget elementor-widget-text-editor\" data-id=\"ffd11f9\" data-element_type=\"widget\" data-e-type=\"widget\" data-widget_type=\"text-editor.default\">\n\t\t\t\t<div class=\"elementor-widget-container\">\n\t\t\t\t\t\t\t\t\t<p>D\u00e9couvrez le m\u00e9lange parfait de style et de confort. Fabriqu\u00e9 \u00e0 partir de la laine d&rsquo;agneau la plus fine, il offre une chaleur d\u00e9licate qui ressemble \u00e0 un murmure contre la peau. Le motif jacquard subtil et complexe ajoute une couche de d\u00e9tails raffin\u00e9s, t\u00e9moignant de sa qualit\u00e9 artisanale.  <\/p><ul><li><span data-preserver-spaces=\"true\">Mati\u00e8re : <\/span><span data-preserver-spaces=\"true\">100% laine d&rsquo;agneau <\/span> <\/li><li><span data-preserver-spaces=\"true\">Taille : <\/span><span data-preserver-spaces=\"true\">200cmcm x 90cm\/ 78.7&Prime; x 35.4&Prime;<\/span><\/li><li><span data-preserver-spaces=\"true\">Poids : 85 grammes<\/span><\/li><li><span data-preserver-spaces=\"true\">Fabriqu\u00e9 avec soin en Mongolie int\u00e9rieure<\/span><\/li><\/ul>\t\t\t\t\t\t\t\t<\/div>\n\t\t\t\t<\/div>\n\t\t\t\t\t<\/div>\n\t\t<\/div>\n\t\t\t\t\t<\/div>\n\t\t<\/section>\n\t\t\t\t<\/div>\n\t\t","protected":false},"excerpt":{"rendered":"<p>D\u00e9couvrez le m\u00e9lange parfait de style et de confort. Fabriqu\u00e9 \u00e0 partir de la laine d&rsquo;agneau la plus fine, il<\/p>\n","protected":false},"featured_media":327996,"comment_status":"open","ping_status":"closed","template":"","meta":[],"product_brand":[],"product_cat":[1203],"product_tag":[1739],"class_list":{"0":"post-336239","1":"product","2":"type-product","3":"status-publish","4":"has-post-thumbnail","6":"product_cat-echarpes-en-laine-legere","7":"product_tag-foulards-legers","8":"product_shipping_class-pliable","9":"pa_color-brun-cacao","10":"pa_material-laine","11":"pa_material-laine-dagneau","12":"pa_pattern-floral","14":"first","15":"instock","16":"shipping-taxable","17":"purchasable","18":"product-type-simple"},"_links":{"self":[{"href":"https:\/\/peilishop.com\/fr\/wp-json\/wp\/v2\/product\/336239","targetHints":{"allow":["GET"]}}],"collection":[{"href":"https:\/\/peilishop.com\/fr\/wp-json\/wp\/v2\/product"}],"about":[{"href":"https:\/\/peilishop.com\/fr\/wp-json\/wp\/v2\/types\/product"}],"replies":[{"embeddable":true,"href":"https:\/\/peilishop.com\/fr\/wp-json\/wp\/v2\/comments?post=336239"}],"version-history":[{"count":0,"href":"https:\/\/peilishop.com\/fr\/wp-json\/wp\/v2\/product\/336239\/revisions"}],"wp:featuredmedia":[{"embeddable":true,"href":"https:\/\/peilishop.com\/fr\/wp-json\/wp\/v2\/media\/327996"}],"wp:attachment":[{"href":"https:\/\/peilishop.com\/fr\/wp-json\/wp\/v2\/media?parent=336239"}],"wp:term":[{"taxonomy":"product_brand","embeddable":true,"href":"https:\/\/peilishop.com\/fr\/wp-json\/wp\/v2\/product_brand?post=336239"},{"taxonomy":"product_cat","embeddable":true,"href":"https:\/\/peilishop.com\/fr\/wp-json\/wp\/v2\/product_cat?post=336239"},{"taxonomy":"product_tag","embeddable":true,"href":"https:\/\/peilishop.com\/fr\/wp-json\/wp\/v2\/product_tag?post=336239"}],"curies":[{"name":"wp","href":"https:\/\/api.w.org\/{rel}","templated":true}]}}