{"id":336178,"date":"2025-06-14T09:06:00","date_gmt":"2025-06-14T13:06:00","guid":{"rendered":"https:\/\/peilishop.com\/product\/eileen-echarpe-en-cachemire-cloudlight-taupe\/"},"modified":"2026-01-31T02:16:05","modified_gmt":"2026-01-31T07:16:05","slug":"eileen-echarpe-en-cachemire-cloudlight-taupe","status":"publish","type":"product","link":"https:\/\/peilishop.com\/fr\/produit\/eileen-echarpe-en-cachemire-cloudlight-taupe\/","title":{"rendered":"Eileen \u00c9charpe en cachemire Cloudlight &#8211; Taupe"},"content":{"rendered":"\t\t<div data-elementor-type=\"wp-post\" data-elementor-id=\"336178\" class=\"elementor elementor-336178 elementor-334458\" data-elementor-post-type=\"product\">\n\t\t\t\t\t\t<section class=\"wd-negative-gap elementor-section elementor-top-section elementor-element elementor-element-309ee49 elementor-section-boxed elementor-section-height-default elementor-section-height-default\" data-id=\"309ee49\" data-element_type=\"section\" data-e-type=\"section\">\n\t\t\t\t\t\t<div class=\"elementor-container elementor-column-gap-default\">\n\t\t\t\t\t<div class=\"elementor-column elementor-col-100 elementor-top-column elementor-element elementor-element-27c6e88\" data-id=\"27c6e88\" data-element_type=\"column\" data-e-type=\"column\">\n\t\t\t<div class=\"elementor-widget-wrap elementor-element-populated\">\n\t\t\t\t\t\t<div class=\"elementor-element elementor-element-ffd11f9 color-scheme-inherit text-left elementor-widget elementor-widget-text-editor\" data-id=\"ffd11f9\" data-element_type=\"widget\" data-e-type=\"widget\" data-widget_type=\"text-editor.default\">\n\t\t\t\t<div class=\"elementor-widget-container\">\n\t\t\t\t\t\t\t\t\t<p>\u00c9levez votre style avec le cachemire Eileen, un m\u00e9lange parfait d&rsquo;\u00e9l\u00e9gance et de confort. Confectionn\u00e9 en cachemire de premi\u00e8re qualit\u00e9,   <span style=\"white-space: pre-wrap;\">  cette \u00e9charpe est incroyablement douce, l\u00e9g\u00e8re et d\u00e9licate sur la peau. Son subtil d\u00e9grad\u00e9 et ses franges d\u00e9licates \u00e9voquent l&rsquo;\u00e9l\u00e9gance sans effort, ce qui en fait un produit de choix. <\/span>  une pi\u00e8ce intemporelle pour le minimaliste moderne.<\/p><ul><li><span data-preserver-spaces=\"true\">Mati\u00e8re : <\/span><span data-preserver-spaces=\"true\">100 % cachemire mongol de qualit\u00e9 A <\/span> <\/li><li><span data-preserver-spaces=\"true\">  Confort : Douceur et bouffissure semblables \u00e0 celles d&rsquo;un nuage, pas de d\u00e9mangeaisons ni de surchauffe.<\/span><\/li><li><span data-preserver-spaces=\"true\"><span data-preserver-spaces=\"true\">Taille : 180cm x 70cm\/ 70.9\u2033 x 27.6\u2033<\/span><\/span><\/li><li>Poids l\u00e9ger : 160 grammes<\/li><li>Sans plis<\/li><li><span data-preserver-spaces=\"true\">Fabriqu\u00e9 avec soin en Mongolie int\u00e9rieure<\/span><\/li><\/ul>\t\t\t\t\t\t\t\t<\/div>\n\t\t\t\t<\/div>\n\t\t\t\t\t<\/div>\n\t\t<\/div>\n\t\t\t\t\t<\/div>\n\t\t<\/section>\n\t\t\t\t<\/div>\n\t\t","protected":false},"excerpt":{"rendered":"<p>\u00c9levez votre style avec le cachemire Eileen, un m\u00e9lange parfait d&rsquo;\u00e9l\u00e9gance et de confort. Confectionn\u00e9 en cachemire de premi\u00e8re qualit\u00e9,<\/p>\n","protected":false},"featured_media":325543,"comment_status":"open","ping_status":"closed","template":"","meta":[],"product_brand":[],"product_cat":[1143,1742],"product_tag":[1739,1769],"class_list":{"0":"post-336178","1":"product","2":"type-product","3":"status-publish","4":"has-post-thumbnail","6":"product_cat-foulards-et-echarpes","7":"product_cat-echarpes-en-cachemire-cloudlight","8":"product_tag-foulards-legers","9":"product_tag-gradient","10":"product_shipping_class-pliable","11":"pa_color-taupe","12":"pa_material-cachemire","13":"pa_pattern-boho","14":"pa_pattern-gradient","16":"first","17":"instock","18":"shipping-taxable","19":"purchasable","20":"product-type-simple"},"_links":{"self":[{"href":"https:\/\/peilishop.com\/fr\/wp-json\/wp\/v2\/product\/336178","targetHints":{"allow":["GET"]}}],"collection":[{"href":"https:\/\/peilishop.com\/fr\/wp-json\/wp\/v2\/product"}],"about":[{"href":"https:\/\/peilishop.com\/fr\/wp-json\/wp\/v2\/types\/product"}],"replies":[{"embeddable":true,"href":"https:\/\/peilishop.com\/fr\/wp-json\/wp\/v2\/comments?post=336178"}],"version-history":[{"count":0,"href":"https:\/\/peilishop.com\/fr\/wp-json\/wp\/v2\/product\/336178\/revisions"}],"wp:featuredmedia":[{"embeddable":true,"href":"https:\/\/peilishop.com\/fr\/wp-json\/wp\/v2\/media\/325543"}],"wp:attachment":[{"href":"https:\/\/peilishop.com\/fr\/wp-json\/wp\/v2\/media?parent=336178"}],"wp:term":[{"taxonomy":"product_brand","embeddable":true,"href":"https:\/\/peilishop.com\/fr\/wp-json\/wp\/v2\/product_brand?post=336178"},{"taxonomy":"product_cat","embeddable":true,"href":"https:\/\/peilishop.com\/fr\/wp-json\/wp\/v2\/product_cat?post=336178"},{"taxonomy":"product_tag","embeddable":true,"href":"https:\/\/peilishop.com\/fr\/wp-json\/wp\/v2\/product_tag?post=336178"}],"curies":[{"name":"wp","href":"https:\/\/api.w.org\/{rel}","templated":true}]}}