{"id":336157,"date":"2025-06-08T04:21:00","date_gmt":"2025-06-08T08:21:00","guid":{"rendered":"https:\/\/peilishop.com\/product\/echarpe-en-cachemire-dana-cloudlight-blanc\/"},"modified":"2026-01-31T02:15:46","modified_gmt":"2026-01-31T07:15:46","slug":"echarpe-en-cachemire-dana-cloudlight-blanc","status":"publish","type":"product","link":"https:\/\/peilishop.com\/fr\/produit\/echarpe-en-cachemire-dana-cloudlight-blanc\/","title":{"rendered":"\u00c9charpe en cachemire Dana Cloudlight &#8211; Blanc"},"content":{"rendered":"\t\t<div data-elementor-type=\"wp-post\" data-elementor-id=\"336157\" class=\"elementor elementor-336157 elementor-334502\" data-elementor-post-type=\"product\">\n\t\t\t\t\t\t<section class=\"wd-negative-gap elementor-section elementor-top-section elementor-element elementor-element-309ee49 elementor-section-boxed elementor-section-height-default elementor-section-height-default\" data-id=\"309ee49\" data-element_type=\"section\" data-e-type=\"section\">\n\t\t\t\t\t\t<div class=\"elementor-container elementor-column-gap-default\">\n\t\t\t\t\t<div class=\"elementor-column elementor-col-100 elementor-top-column elementor-element elementor-element-27c6e88\" data-id=\"27c6e88\" data-element_type=\"column\" data-e-type=\"column\">\n\t\t\t<div class=\"elementor-widget-wrap elementor-element-populated\">\n\t\t\t\t\t\t<div class=\"elementor-element elementor-element-ffd11f9 color-scheme-inherit text-left elementor-widget elementor-widget-text-editor\" data-id=\"ffd11f9\" data-element_type=\"widget\" data-e-type=\"widget\" data-widget_type=\"text-editor.default\">\n\t\t\t\t<div class=\"elementor-widget-container\">\n\t\t\t\t\t\t\t\t\t<p>Rehaussez votre tenue avec la luxueuse \u00e9charpe en cachemire Dana. Fabriqu\u00e9e en cachemire de qualit\u00e9 sup\u00e9rieure, cette \u00e9charpe offre une chaleur respirante sans poids. Le magnifique motif Paisley ajoutera une touche de charme artisanal \u00e0 n&rsquo;importe quel ensemble.  <\/p><ul><li><span data-preserver-spaces=\"true\">Mati\u00e8re : <\/span><span data-preserver-spaces=\"true\">100 % cachemire mongol de qualit\u00e9 A <\/span> <\/li><li><span data-preserver-spaces=\"true\">  Confort : Douceur et bouffissure semblables \u00e0 celles d&rsquo;un nuage, pas de d\u00e9mangeaisons ni de surchauffe.<\/span><\/li><li><span data-preserver-spaces=\"true\">Taille : 200cm x 60cm\/ 78.74 \u00ab x 23.6 \u00bb<\/span><\/li><li>Poids l\u00e9ger : 100 grammes<\/li><li>Sans plis<\/li><li><span data-preserver-spaces=\"true\">Fabriqu\u00e9 avec soin en Mongolie int\u00e9rieure<\/span><\/li><\/ul>\t\t\t\t\t\t\t\t<\/div>\n\t\t\t\t<\/div>\n\t\t\t\t\t<\/div>\n\t\t<\/div>\n\t\t\t\t\t<\/div>\n\t\t<\/section>\n\t\t\t\t<\/div>\n\t\t","protected":false},"excerpt":{"rendered":"<p>Rehaussez votre tenue avec la luxueuse \u00e9charpe en cachemire Dana. Fabriqu\u00e9e en cachemire de qualit\u00e9 sup\u00e9rieure, cette \u00e9charpe offre une<\/p>\n","protected":false},"featured_media":325227,"comment_status":"open","ping_status":"closed","template":"","meta":[],"product_brand":[],"product_cat":[1143,1742],"product_tag":[1739],"class_list":{"0":"post-336157","1":"product","2":"type-product","3":"status-publish","4":"has-post-thumbnail","6":"product_cat-foulards-et-echarpes","7":"product_cat-echarpes-en-cachemire-cloudlight","8":"product_tag-foulards-legers","9":"product_shipping_class-pliable","10":"pa_color-blanc-ivoire","11":"pa_material-cachemire","12":"pa_pattern-floral","14":"first","15":"instock","16":"shipping-taxable","17":"purchasable","18":"product-type-simple"},"_links":{"self":[{"href":"https:\/\/peilishop.com\/fr\/wp-json\/wp\/v2\/product\/336157","targetHints":{"allow":["GET"]}}],"collection":[{"href":"https:\/\/peilishop.com\/fr\/wp-json\/wp\/v2\/product"}],"about":[{"href":"https:\/\/peilishop.com\/fr\/wp-json\/wp\/v2\/types\/product"}],"replies":[{"embeddable":true,"href":"https:\/\/peilishop.com\/fr\/wp-json\/wp\/v2\/comments?post=336157"}],"version-history":[{"count":0,"href":"https:\/\/peilishop.com\/fr\/wp-json\/wp\/v2\/product\/336157\/revisions"}],"wp:featuredmedia":[{"embeddable":true,"href":"https:\/\/peilishop.com\/fr\/wp-json\/wp\/v2\/media\/325227"}],"wp:attachment":[{"href":"https:\/\/peilishop.com\/fr\/wp-json\/wp\/v2\/media?parent=336157"}],"wp:term":[{"taxonomy":"product_brand","embeddable":true,"href":"https:\/\/peilishop.com\/fr\/wp-json\/wp\/v2\/product_brand?post=336157"},{"taxonomy":"product_cat","embeddable":true,"href":"https:\/\/peilishop.com\/fr\/wp-json\/wp\/v2\/product_cat?post=336157"},{"taxonomy":"product_tag","embeddable":true,"href":"https:\/\/peilishop.com\/fr\/wp-json\/wp\/v2\/product_tag?post=336157"}],"curies":[{"name":"wp","href":"https:\/\/api.w.org\/{rel}","templated":true}]}}