{"id":336054,"date":"2025-11-04T07:51:00","date_gmt":"2025-11-04T12:51:00","guid":{"rendered":"https:\/\/peilishop.com\/product\/echarpe-en-cachemire-lorea-cloudlight-rouge-pale\/"},"modified":"2026-01-31T02:11:42","modified_gmt":"2026-01-31T07:11:42","slug":"echarpe-en-cachemire-lorea-cloudlight-rouge-pale","status":"publish","type":"product","link":"https:\/\/peilishop.com\/fr\/produit\/echarpe-en-cachemire-lorea-cloudlight-rouge-pale\/","title":{"rendered":"\u00c9charpe en cachemire Lorea Cloudlight &#8211; Rouge p\u00e2le"},"content":{"rendered":"\t\t<div data-elementor-type=\"wp-post\" data-elementor-id=\"336054\" class=\"elementor elementor-336054 elementor-331802\" data-elementor-post-type=\"product\">\n\t\t\t\t\t\t<section class=\"wd-negative-gap elementor-section elementor-top-section elementor-element elementor-element-309ee49 elementor-section-boxed elementor-section-height-default elementor-section-height-default\" data-id=\"309ee49\" data-element_type=\"section\" data-e-type=\"section\">\n\t\t\t\t\t\t<div class=\"elementor-container elementor-column-gap-default\">\n\t\t\t\t\t<div class=\"elementor-column elementor-col-100 elementor-top-column elementor-element elementor-element-27c6e88\" data-id=\"27c6e88\" data-element_type=\"column\" data-e-type=\"column\">\n\t\t\t<div class=\"elementor-widget-wrap elementor-element-populated\">\n\t\t\t\t\t\t<div class=\"elementor-element elementor-element-ffd11f9 color-scheme-inherit text-left elementor-widget elementor-widget-text-editor\" data-id=\"ffd11f9\" data-element_type=\"widget\" data-e-type=\"widget\" data-widget_type=\"text-editor.default\">\n\t\t\t\t<div class=\"elementor-widget-container\">\n\t\t\t\t\t\t\t\t\t<p>Rehaussez votre look avec l&rsquo;\u00e9charpe Lorea. Fabriqu\u00e9e \u00e0 partir de 100% de cachemire, elle offre un toucher exceptionnellement doux et a\u00e9r\u00e9 qui procure de la chaleur sans alourdir le v\u00eatement. Son superbe motif d\u00e9grad\u00e9 et ses subtils motifs floraux ajoutent une aura d&rsquo;\u00e9l\u00e9gance sans effort et de romantisme moderne \u00e0 n&rsquo;importe quelle tenue.  <\/p><ul><li><span data-preserver-spaces=\"true\">Mati\u00e8re : <\/span><span data-preserver-spaces=\"true\">100 % cachemire mongol de qualit\u00e9 A <\/span> <\/li><li><span data-preserver-spaces=\"true\">  Confort : Douceur et bouffissure semblables \u00e0 celles d&rsquo;un nuage, pas de d\u00e9mangeaisons ni de surchauffe.<\/span><\/li><li><span data-preserver-spaces=\"true\">Taille : 200 cm x 68 cm\/ 79\u2033 x 25.6\u2033<\/span><\/li><li>Poids l\u00e9ger : 60 grammes<\/li><li>Sans plis<\/li><li><span data-preserver-spaces=\"true\">Fabriqu\u00e9 avec soin en Mongolie int\u00e9rieure<\/span><\/li><\/ul>\t\t\t\t\t\t\t\t<\/div>\n\t\t\t\t<\/div>\n\t\t\t\t\t<\/div>\n\t\t<\/div>\n\t\t\t\t\t<\/div>\n\t\t<\/section>\n\t\t\t\t<\/div>\n\t\t","protected":false},"excerpt":{"rendered":"<p>Rehaussez votre look avec l&rsquo;\u00e9charpe Lorea. Fabriqu\u00e9e \u00e0 partir de 100% de cachemire, elle offre un toucher exceptionnellement doux et<\/p>\n","protected":false},"featured_media":331923,"comment_status":"open","ping_status":"closed","template":"","meta":[],"product_brand":[],"product_cat":[1143,1742],"product_tag":[1739,1149],"class_list":{"0":"post-336054","1":"product","2":"type-product","3":"status-publish","4":"has-post-thumbnail","6":"product_cat-foulards-et-echarpes","7":"product_cat-echarpes-en-cachemire-cloudlight","8":"product_tag-foulards-legers","9":"product_tag-frange","10":"product_shipping_class-pliable","11":"pa_color-rouge-violet-pale","12":"pa_material-cachemire","13":"pa_pattern-floral","14":"pa_pattern-gradient","16":"first","17":"outofstock","18":"shipping-taxable","19":"purchasable","20":"product-type-simple"},"_links":{"self":[{"href":"https:\/\/peilishop.com\/fr\/wp-json\/wp\/v2\/product\/336054","targetHints":{"allow":["GET"]}}],"collection":[{"href":"https:\/\/peilishop.com\/fr\/wp-json\/wp\/v2\/product"}],"about":[{"href":"https:\/\/peilishop.com\/fr\/wp-json\/wp\/v2\/types\/product"}],"replies":[{"embeddable":true,"href":"https:\/\/peilishop.com\/fr\/wp-json\/wp\/v2\/comments?post=336054"}],"version-history":[{"count":0,"href":"https:\/\/peilishop.com\/fr\/wp-json\/wp\/v2\/product\/336054\/revisions"}],"wp:featuredmedia":[{"embeddable":true,"href":"https:\/\/peilishop.com\/fr\/wp-json\/wp\/v2\/media\/331923"}],"wp:attachment":[{"href":"https:\/\/peilishop.com\/fr\/wp-json\/wp\/v2\/media?parent=336054"}],"wp:term":[{"taxonomy":"product_brand","embeddable":true,"href":"https:\/\/peilishop.com\/fr\/wp-json\/wp\/v2\/product_brand?post=336054"},{"taxonomy":"product_cat","embeddable":true,"href":"https:\/\/peilishop.com\/fr\/wp-json\/wp\/v2\/product_cat?post=336054"},{"taxonomy":"product_tag","embeddable":true,"href":"https:\/\/peilishop.com\/fr\/wp-json\/wp\/v2\/product_tag?post=336054"}],"curies":[{"name":"wp","href":"https:\/\/api.w.org\/{rel}","templated":true}]}}