{"id":336050,"date":"2025-10-19T09:52:00","date_gmt":"2025-10-19T13:52:00","guid":{"rendered":"https:\/\/peilishop.com\/product\/celia-featherlight-lambswool-scarf-wrap-laurel-green-echarpe-en-laine-dagneau\/"},"modified":"2026-01-31T02:11:42","modified_gmt":"2026-01-31T07:11:42","slug":"celia-featherlight-lambswool-scarf-wrap-laurel-green-echarpe-en-laine-dagneau","status":"publish","type":"product","link":"https:\/\/peilishop.com\/fr\/produit\/celia-featherlight-lambswool-scarf-wrap-laurel-green-echarpe-en-laine-dagneau\/","title":{"rendered":"Celia Featherlight Lambswool Scarf Wrap &#8211; Laurel Green (\u00e9charpe en laine d&rsquo;agneau)"},"content":{"rendered":"\t\t<div data-elementor-type=\"wp-post\" data-elementor-id=\"336050\" class=\"elementor elementor-336050 elementor-330731\" data-elementor-post-type=\"product\">\n\t\t\t\t\t\t<section class=\"wd-negative-gap elementor-section elementor-top-section elementor-element elementor-element-309ee49 elementor-section-boxed elementor-section-height-default elementor-section-height-default\" data-id=\"309ee49\" data-element_type=\"section\" data-e-type=\"section\">\n\t\t\t\t\t\t<div class=\"elementor-container elementor-column-gap-default\">\n\t\t\t\t\t<div class=\"elementor-column elementor-col-100 elementor-top-column elementor-element elementor-element-27c6e88\" data-id=\"27c6e88\" data-element_type=\"column\" data-e-type=\"column\">\n\t\t\t<div class=\"elementor-widget-wrap elementor-element-populated\">\n\t\t\t\t\t\t<div class=\"elementor-element elementor-element-ffd11f9 color-scheme-inherit text-left elementor-widget elementor-widget-text-editor\" data-id=\"ffd11f9\" data-element_type=\"widget\" data-e-type=\"widget\" data-widget_type=\"text-editor.default\">\n\t\t\t\t<div class=\"elementor-widget-container\">\n\t\t\t\t\t\t\t\t\t<p>Con\u00e7ue dans un souci de confort et d&rsquo;\u00e9l\u00e9gance, l&rsquo;\u00e9charpe Celia est fabriqu\u00e9e en laine d&rsquo;agneau douce, offrant une chaleur l\u00e9g\u00e8re et une beaut\u00e9 en toute saison, tandis que le design color blocking moderne ajoute une touche moderne et artistique \u00e0 n&rsquo;importe quelle tenue.<\/p><ul><li><span data-preserver-spaces=\"true\">Mati\u00e8re : <\/span><span data-preserver-spaces=\"true\">100% laine d&rsquo;agneau<\/span><\/li><li><span data-preserver-spaces=\"true\">  Confort : Doux et respirant, pas de d\u00e9mangeaisons ni de surchauffe.<\/span><\/li><li><span data-preserver-spaces=\"true\"><span data-preserver-spaces=\"true\">Taille : <\/span><\/span><span data-preserver-spaces=\"true\"><span data-preserver-spaces=\"true\"><span data-preserver-spaces=\"true\"><span data-preserver-spaces=\"true\"><span data-preserver-spaces=\"true\"> 200cm x 90cm\/ 79\u2033 x 35.4\u2033<\/span><\/span><\/span><\/span><\/span><\/li><li><span data-preserver-spaces=\"true\"><span data-preserver-spaces=\"true\"><span data-preserver-spaces=\"true\"><span data-preserver-spaces=\"true\">Featherly light : 85 grammes<\/span><\/span><\/span><\/span><\/li><li><span data-preserver-spaces=\"true\"><span data-preserver-spaces=\"true\"><span data-preserver-spaces=\"true\"><span data-preserver-spaces=\"true\"><span data-preserver-spaces=\"true\">Fabriqu\u00e9 avec soin en Mongolie int\u00e9rieure<\/span><\/span><\/span><\/span><\/span><\/li><\/ul>\t\t\t\t\t\t\t\t<\/div>\n\t\t\t\t<\/div>\n\t\t\t\t\t<\/div>\n\t\t<\/div>\n\t\t\t\t\t<\/div>\n\t\t<\/section>\n\t\t\t\t<\/div>\n\t\t","protected":false},"excerpt":{"rendered":"<p>Con\u00e7ue dans un souci de confort et d&rsquo;\u00e9l\u00e9gance, l&rsquo;\u00e9charpe Celia est fabriqu\u00e9e en laine d&rsquo;agneau douce, offrant une chaleur l\u00e9g\u00e8re<\/p>\n","protected":false},"featured_media":330577,"comment_status":"open","ping_status":"closed","template":"","meta":[],"product_brand":[],"product_cat":[1143,1203],"product_tag":[1739,1443],"class_list":{"0":"post-336050","1":"product","2":"type-product","3":"status-publish","4":"has-post-thumbnail","6":"product_cat-foulards-et-echarpes","7":"product_cat-echarpes-en-laine-legere","8":"product_tag-foulards-legers","9":"product_tag-multicolore","10":"product_shipping_class-pliable","11":"pa_color-vert-laurier","12":"pa_material-laine-dagneau","13":"pa_pattern-colorblock","15":"first","16":"instock","17":"shipping-taxable","18":"purchasable","19":"product-type-simple"},"_links":{"self":[{"href":"https:\/\/peilishop.com\/fr\/wp-json\/wp\/v2\/product\/336050","targetHints":{"allow":["GET"]}}],"collection":[{"href":"https:\/\/peilishop.com\/fr\/wp-json\/wp\/v2\/product"}],"about":[{"href":"https:\/\/peilishop.com\/fr\/wp-json\/wp\/v2\/types\/product"}],"replies":[{"embeddable":true,"href":"https:\/\/peilishop.com\/fr\/wp-json\/wp\/v2\/comments?post=336050"}],"version-history":[{"count":0,"href":"https:\/\/peilishop.com\/fr\/wp-json\/wp\/v2\/product\/336050\/revisions"}],"wp:featuredmedia":[{"embeddable":true,"href":"https:\/\/peilishop.com\/fr\/wp-json\/wp\/v2\/media\/330577"}],"wp:attachment":[{"href":"https:\/\/peilishop.com\/fr\/wp-json\/wp\/v2\/media?parent=336050"}],"wp:term":[{"taxonomy":"product_brand","embeddable":true,"href":"https:\/\/peilishop.com\/fr\/wp-json\/wp\/v2\/product_brand?post=336050"},{"taxonomy":"product_cat","embeddable":true,"href":"https:\/\/peilishop.com\/fr\/wp-json\/wp\/v2\/product_cat?post=336050"},{"taxonomy":"product_tag","embeddable":true,"href":"https:\/\/peilishop.com\/fr\/wp-json\/wp\/v2\/product_tag?post=336050"}],"curies":[{"name":"wp","href":"https:\/\/api.w.org\/{rel}","templated":true}]}}