{"id":336030,"date":"2025-11-07T00:52:00","date_gmt":"2025-11-07T05:52:00","guid":{"rendered":"https:\/\/peilishop.com\/product\/echarpe-en-cachemire-kaeli-featherlight-khaki\/"},"modified":"2026-01-31T02:11:14","modified_gmt":"2026-01-31T07:11:14","slug":"echarpe-en-cachemire-kaeli-featherlight-khaki","status":"publish","type":"product","link":"https:\/\/peilishop.com\/fr\/produit\/echarpe-en-cachemire-kaeli-featherlight-khaki\/","title":{"rendered":"\u00c9charpe en cachemire Kaeli Featherlight &#8211; Khaki"},"content":{"rendered":"\t\t<div data-elementor-type=\"wp-post\" data-elementor-id=\"336030\" class=\"elementor elementor-336030 elementor-332359\" data-elementor-post-type=\"product\">\n\t\t\t\t\t\t<section class=\"wd-negative-gap elementor-section elementor-top-section elementor-element elementor-element-309ee49 elementor-section-boxed elementor-section-height-default elementor-section-height-default\" data-id=\"309ee49\" data-element_type=\"section\" data-e-type=\"section\">\n\t\t\t\t\t\t<div class=\"elementor-container elementor-column-gap-default\">\n\t\t\t\t\t<div class=\"elementor-column elementor-col-100 elementor-top-column elementor-element elementor-element-27c6e88\" data-id=\"27c6e88\" data-element_type=\"column\" data-e-type=\"column\">\n\t\t\t<div class=\"elementor-widget-wrap elementor-element-populated\">\n\t\t\t\t\t\t<div class=\"elementor-element elementor-element-ffd11f9 color-scheme-inherit text-left elementor-widget elementor-widget-text-editor\" data-id=\"ffd11f9\" data-element_type=\"widget\" data-e-type=\"widget\" data-widget_type=\"text-editor.default\">\n\t\t\t\t<div class=\"elementor-widget-container\">\n\t\t\t\t\t\t\t\t\t<p><span style=\"white-space: pre-wrap;\">Enveloppez-vous de luxe avec l&rsquo;\u00e9charpe Kaeli.  <\/span>M\u00e9ticuleusement tiss\u00e9 \u00e0 partir du cachemire le plus fin, il offre une sensation de douceur et de l\u00e9g\u00e8ret\u00e9 exceptionnelle sans compromettre la chaleur, ce qui le rend id\u00e9al pour \u00eatre port\u00e9 tout au long de l&rsquo;ann\u00e9e. Le motif jacquard complexe de fleurs et de feuillages ajoute une touche de luxe artisanal \u00e0 n&rsquo;importe quelle tenue.<\/p><ul><li><span data-preserver-spaces=\"true\">Mati\u00e8re : <\/span><span data-preserver-spaces=\"true\">100 % cachemire mongol de qualit\u00e9 A <\/span> <\/li><li><span data-preserver-spaces=\"true\">  Confort : Doux et respirant, pas de d\u00e9mangeaisons ni de surchauffe.<\/span><\/li><li><span data-preserver-spaces=\"true\"><span data-preserver-spaces=\"true\">Taille : 200cm x 90cm\/ 79\u2033 x 35.4\u2033<br><\/span><\/span><\/li><li><span data-preserver-spaces=\"true\"><span data-preserver-spaces=\"true\"><span data-preserver-spaces=\"true\"><span data-preserver-spaces=\"true\">Featherly light : 120 grammes<\/span><\/span><\/span><\/span><\/li><li><span data-preserver-spaces=\"true\"><span data-preserver-spaces=\"true\"><span data-preserver-spaces=\"true\"><span data-preserver-spaces=\"true\"><span data-preserver-spaces=\"true\">Fabriqu\u00e9 avec soin en Mongolie int\u00e9rieure<\/span><\/span><\/span><\/span><\/span><\/li><\/ul>\t\t\t\t\t\t\t\t<\/div>\n\t\t\t\t<\/div>\n\t\t\t\t\t<\/div>\n\t\t<\/div>\n\t\t\t\t\t<\/div>\n\t\t<\/section>\n\t\t\t\t<\/div>\n\t\t","protected":false},"excerpt":{"rendered":"<p>Enveloppez-vous de luxe avec l&rsquo;\u00e9charpe Kaeli. M\u00e9ticuleusement tiss\u00e9 \u00e0 partir du cachemire le plus fin, il offre une sensation de<\/p>\n","protected":false},"featured_media":332586,"comment_status":"open","ping_status":"closed","template":"","meta":[],"product_brand":[],"product_cat":[1613,1143],"product_tag":[1739,1149],"class_list":{"0":"post-336030","1":"product","2":"type-product","3":"status-publish","4":"has-post-thumbnail","6":"product_cat-echarpes-en-cachemire-fr","7":"product_cat-foulards-et-echarpes","8":"product_tag-foulards-legers","9":"product_tag-frange","10":"product_shipping_class-pliable","11":"pa_color-kaki","12":"pa_material-cachemire","13":"pa_pattern-floral","15":"first","16":"instock","17":"shipping-taxable","18":"purchasable","19":"product-type-simple"},"_links":{"self":[{"href":"https:\/\/peilishop.com\/fr\/wp-json\/wp\/v2\/product\/336030","targetHints":{"allow":["GET"]}}],"collection":[{"href":"https:\/\/peilishop.com\/fr\/wp-json\/wp\/v2\/product"}],"about":[{"href":"https:\/\/peilishop.com\/fr\/wp-json\/wp\/v2\/types\/product"}],"replies":[{"embeddable":true,"href":"https:\/\/peilishop.com\/fr\/wp-json\/wp\/v2\/comments?post=336030"}],"version-history":[{"count":0,"href":"https:\/\/peilishop.com\/fr\/wp-json\/wp\/v2\/product\/336030\/revisions"}],"wp:featuredmedia":[{"embeddable":true,"href":"https:\/\/peilishop.com\/fr\/wp-json\/wp\/v2\/media\/332586"}],"wp:attachment":[{"href":"https:\/\/peilishop.com\/fr\/wp-json\/wp\/v2\/media?parent=336030"}],"wp:term":[{"taxonomy":"product_brand","embeddable":true,"href":"https:\/\/peilishop.com\/fr\/wp-json\/wp\/v2\/product_brand?post=336030"},{"taxonomy":"product_cat","embeddable":true,"href":"https:\/\/peilishop.com\/fr\/wp-json\/wp\/v2\/product_cat?post=336030"},{"taxonomy":"product_tag","embeddable":true,"href":"https:\/\/peilishop.com\/fr\/wp-json\/wp\/v2\/product_tag?post=336030"}],"curies":[{"name":"wp","href":"https:\/\/api.w.org\/{rel}","templated":true}]}}