{"id":336029,"date":"2025-11-06T23:01:00","date_gmt":"2025-11-07T04:01:00","guid":{"rendered":"https:\/\/peilishop.com\/product\/kamal-featherlight-cashmere-scarf-wrap-brown-echarpe-en-cachemire\/"},"modified":"2026-01-31T02:11:04","modified_gmt":"2026-01-31T07:11:04","slug":"kamal-featherlight-cashmere-scarf-wrap-brown-echarpe-en-cachemire","status":"publish","type":"product","link":"https:\/\/peilishop.com\/fr\/produit\/kamal-featherlight-cashmere-scarf-wrap-brown-echarpe-en-cachemire\/","title":{"rendered":"Kamal Featherlight Cashmere Scarf Wrap &#8211; Brown (\u00e9charpe en cachemire)"},"content":{"rendered":"\t\t<div data-elementor-type=\"wp-post\" data-elementor-id=\"336029\" class=\"elementor elementor-336029 elementor-334380\" data-elementor-post-type=\"product\">\n\t\t\t\t\t\t<section class=\"wd-negative-gap elementor-section elementor-top-section elementor-element elementor-element-309ee49 elementor-section-boxed elementor-section-height-default elementor-section-height-default\" data-id=\"309ee49\" data-element_type=\"section\" data-e-type=\"section\">\n\t\t\t\t\t\t<div class=\"elementor-container elementor-column-gap-default\">\n\t\t\t\t\t<div class=\"elementor-column elementor-col-100 elementor-top-column elementor-element elementor-element-27c6e88\" data-id=\"27c6e88\" data-element_type=\"column\" data-e-type=\"column\">\n\t\t\t<div class=\"elementor-widget-wrap elementor-element-populated\">\n\t\t\t\t\t\t<div class=\"elementor-element elementor-element-ffd11f9 color-scheme-inherit text-left elementor-widget elementor-widget-text-editor\" data-id=\"ffd11f9\" data-element_type=\"widget\" data-e-type=\"widget\" data-widget_type=\"text-editor.default\">\n\t\t\t\t<div class=\"elementor-widget-container\">\n\t\t\t\t\t\t\t\t\t<p>Rehaussez votre tenue avec la luxueuse \u00e9charpe en cachemire Kamal. Fabriqu\u00e9e \u00e0 100 % en cachemire de premi\u00e8re qualit\u00e9, elle offre une chaleur et une douceur incomparables. Cette \u00e9charpe de taille g\u00e9n\u00e9reuse pr\u00e9sente un motif cachemire captivant qui ajoute sans effort une touche de sophistication \u00e0 n&rsquo;importe quelle tenue.    <\/p><ul><li>Mati\u00e8re : 100% cachemire mongol de qualit\u00e9 A<\/li><li>Confort : Doux et respirant, pas de d\u00e9mangeaisons ni de surchauffe.<\/li><li>Taille : 185cm x 72cm\/ 73&Prime; x 28.3&Prime;<\/li><li>Featherly light : 109 grammes<\/li><li>Fabriqu\u00e9 avec soin en Mongolie int\u00e9rieure<\/li><\/ul>\t\t\t\t\t\t\t\t<\/div>\n\t\t\t\t<\/div>\n\t\t\t\t\t<\/div>\n\t\t<\/div>\n\t\t\t\t\t<\/div>\n\t\t<\/section>\n\t\t\t\t<\/div>\n\t\t","protected":false},"excerpt":{"rendered":"<p>Rehaussez votre tenue avec la luxueuse \u00e9charpe en cachemire Kamal. Fabriqu\u00e9e \u00e0 100 % en cachemire de premi\u00e8re qualit\u00e9, elle<\/p>\n","protected":false},"featured_media":332490,"comment_status":"open","ping_status":"closed","template":"","meta":[],"product_brand":[],"product_cat":[1613,1143],"product_tag":[1145,1739,1146],"class_list":{"0":"post-336029","1":"product","2":"type-product","3":"status-publish","4":"has-post-thumbnail","6":"product_cat-echarpes-en-cachemire-fr","7":"product_cat-foulards-et-echarpes","8":"product_tag-floral-fr","9":"product_tag-foulards-legers","10":"product_tag-ludique","11":"product_shipping_class-pliable","12":"pa_color-marron-fr","13":"pa_material-cachemire","14":"pa_pattern-floral","16":"first","17":"instock","18":"shipping-taxable","19":"purchasable","20":"product-type-simple"},"_links":{"self":[{"href":"https:\/\/peilishop.com\/fr\/wp-json\/wp\/v2\/product\/336029","targetHints":{"allow":["GET"]}}],"collection":[{"href":"https:\/\/peilishop.com\/fr\/wp-json\/wp\/v2\/product"}],"about":[{"href":"https:\/\/peilishop.com\/fr\/wp-json\/wp\/v2\/types\/product"}],"replies":[{"embeddable":true,"href":"https:\/\/peilishop.com\/fr\/wp-json\/wp\/v2\/comments?post=336029"}],"version-history":[{"count":0,"href":"https:\/\/peilishop.com\/fr\/wp-json\/wp\/v2\/product\/336029\/revisions"}],"wp:featuredmedia":[{"embeddable":true,"href":"https:\/\/peilishop.com\/fr\/wp-json\/wp\/v2\/media\/332490"}],"wp:attachment":[{"href":"https:\/\/peilishop.com\/fr\/wp-json\/wp\/v2\/media?parent=336029"}],"wp:term":[{"taxonomy":"product_brand","embeddable":true,"href":"https:\/\/peilishop.com\/fr\/wp-json\/wp\/v2\/product_brand?post=336029"},{"taxonomy":"product_cat","embeddable":true,"href":"https:\/\/peilishop.com\/fr\/wp-json\/wp\/v2\/product_cat?post=336029"},{"taxonomy":"product_tag","embeddable":true,"href":"https:\/\/peilishop.com\/fr\/wp-json\/wp\/v2\/product_tag?post=336029"}],"curies":[{"name":"wp","href":"https:\/\/api.w.org\/{rel}","templated":true}]}}