{"id":335719,"date":"2025-10-16T09:38:00","date_gmt":"2025-10-16T13:38:00","guid":{"rendered":"https:\/\/peilishop.com\/product\/echarpe-en-laine-dagneau-ruby\/"},"modified":"2026-01-31T02:09:30","modified_gmt":"2026-01-31T07:09:30","slug":"echarpe-en-laine-dagneau-ruby","status":"publish","type":"product","link":"https:\/\/peilishop.com\/fr\/produit\/echarpe-en-laine-dagneau-ruby\/","title":{"rendered":"\u00c9charpe en laine d&rsquo;agneau Ruby"},"content":{"rendered":"\t\t<div data-elementor-type=\"wp-post\" data-elementor-id=\"335719\" class=\"elementor elementor-335719 elementor-330167\" data-elementor-post-type=\"product\">\n\t\t\t\t\t\t<section class=\"wd-negative-gap elementor-section elementor-top-section elementor-element elementor-element-309ee49 elementor-section-boxed elementor-section-height-default elementor-section-height-default\" data-id=\"309ee49\" data-element_type=\"section\" data-e-type=\"section\">\n\t\t\t\t\t\t<div class=\"elementor-container elementor-column-gap-default\">\n\t\t\t\t\t<div class=\"elementor-column elementor-col-100 elementor-top-column elementor-element elementor-element-27c6e88\" data-id=\"27c6e88\" data-element_type=\"column\" data-e-type=\"column\">\n\t\t\t<div class=\"elementor-widget-wrap elementor-element-populated\">\n\t\t\t\t\t\t<div class=\"elementor-element elementor-element-ffd11f9 color-scheme-inherit text-left elementor-widget elementor-widget-text-editor\" data-id=\"ffd11f9\" data-element_type=\"widget\" data-e-type=\"widget\" data-widget_type=\"text-editor.default\">\n\t\t\t\t<div class=\"elementor-widget-container\">\n\t\t\t\t\t\t\t\t\t<p><span data-preserver-spaces=\"true\">All\u00e9gez votre tenue de saison froide avec l&rsquo;\u00e9charpe Jules.  <\/span>M\u00e9ticuleusement tiss\u00e9 en laine d&rsquo;agneau de premi\u00e8re qualit\u00e9, il pr\u00e9sente une texture douce au toucher qui procure une chaleur exceptionnelle, tandis que le motif ray\u00e9 \u00e9l\u00e9gant rehaussera n&rsquo;importe quel manteau d&rsquo;hiver d&rsquo;une \u00e9l\u00e9gance confiante et minimaliste.<\/p><ul><li><span data-preserver-spaces=\"true\">Mati\u00e8re : <\/span><span data-preserver-spaces=\"true\">100% laine d&rsquo;agneau<\/span><\/li><li><span data-preserver-spaces=\"true\">Taille : <\/span><span data-preserver-spaces=\"true\">180cm x 30cm\/ 70.87\u2033 x 11.81\u2033<\/span><\/li><li><span data-preserver-spaces=\"true\">Poids l\u00e9ger : 150 grammes<\/span><\/li><li><span data-preserver-spaces=\"true\">Fabriqu\u00e9 avec soin en Mongolie int\u00e9rieure<\/span><\/li><\/ul>\t\t\t\t\t\t\t\t<\/div>\n\t\t\t\t<\/div>\n\t\t\t\t\t<\/div>\n\t\t<\/div>\n\t\t\t\t\t<\/div>\n\t\t<\/section>\n\t\t\t\t<\/div>\n\t\t","protected":false},"excerpt":{"rendered":"<p>All\u00e9gez votre tenue de saison froide avec l&rsquo;\u00e9charpe Jules. M\u00e9ticuleusement tiss\u00e9 en laine d&rsquo;agneau de premi\u00e8re qualit\u00e9, il pr\u00e9sente une<\/p>\n","protected":false},"featured_media":330208,"comment_status":"open","ping_status":"closed","template":"","meta":[],"product_brand":[],"product_cat":[1143,1702],"product_tag":[1149,1204],"class_list":{"0":"post-335719","1":"product","2":"type-product","3":"status-publish","4":"has-post-thumbnail","6":"product_cat-foulards-et-echarpes","7":"product_cat-echarpes-en-laine","8":"product_tag-frange","9":"product_tag-verifie","10":"product_shipping_class-pliable","11":"pa_color-bleu-poudre","12":"pa_color-noir","13":"pa_color-rouge-bourgogne","14":"pa_material-laine","15":"pa_material-laine-dagneau","16":"pa_pattern-fringe","17":"pa_pattern-striped","19":"first","20":"instock","21":"shipping-taxable","22":"purchasable","23":"product-type-variable"},"_links":{"self":[{"href":"https:\/\/peilishop.com\/fr\/wp-json\/wp\/v2\/product\/335719","targetHints":{"allow":["GET"]}}],"collection":[{"href":"https:\/\/peilishop.com\/fr\/wp-json\/wp\/v2\/product"}],"about":[{"href":"https:\/\/peilishop.com\/fr\/wp-json\/wp\/v2\/types\/product"}],"replies":[{"embeddable":true,"href":"https:\/\/peilishop.com\/fr\/wp-json\/wp\/v2\/comments?post=335719"}],"version-history":[{"count":0,"href":"https:\/\/peilishop.com\/fr\/wp-json\/wp\/v2\/product\/335719\/revisions"}],"wp:featuredmedia":[{"embeddable":true,"href":"https:\/\/peilishop.com\/fr\/wp-json\/wp\/v2\/media\/330208"}],"wp:attachment":[{"href":"https:\/\/peilishop.com\/fr\/wp-json\/wp\/v2\/media?parent=335719"}],"wp:term":[{"taxonomy":"product_brand","embeddable":true,"href":"https:\/\/peilishop.com\/fr\/wp-json\/wp\/v2\/product_brand?post=335719"},{"taxonomy":"product_cat","embeddable":true,"href":"https:\/\/peilishop.com\/fr\/wp-json\/wp\/v2\/product_cat?post=335719"},{"taxonomy":"product_tag","embeddable":true,"href":"https:\/\/peilishop.com\/fr\/wp-json\/wp\/v2\/product_tag?post=335719"}],"curies":[{"name":"wp","href":"https:\/\/api.w.org\/{rel}","templated":true}]}}