{"id":335631,"date":"2026-01-17T02:15:00","date_gmt":"2026-01-17T07:15:00","guid":{"rendered":"https:\/\/peilishop.com\/product\/kaiya-featherlight-lambswool-scarf-wrap-echarpe-en-laine-dagneau\/"},"modified":"2026-01-31T02:07:43","modified_gmt":"2026-01-31T07:07:43","slug":"kaiya-featherlight-lambswool-scarf-wrap-echarpe-en-laine-dagneau","status":"publish","type":"product","link":"https:\/\/peilishop.com\/fr\/produit\/kaiya-featherlight-lambswool-scarf-wrap-echarpe-en-laine-dagneau\/","title":{"rendered":"Kaiya Featherlight Lambswool Scarf Wrap (\u00e9charpe en laine d&rsquo;agneau)"},"content":{"rendered":"\t\t<div data-elementor-type=\"wp-post\" data-elementor-id=\"335631\" class=\"elementor elementor-335631 elementor-334858\" data-elementor-post-type=\"product\">\n\t\t\t\t\t\t<section class=\"wd-negative-gap elementor-section elementor-top-section elementor-element elementor-element-309ee49 elementor-section-boxed elementor-section-height-default elementor-section-height-default\" data-id=\"309ee49\" data-element_type=\"section\" data-e-type=\"section\">\n\t\t\t\t\t\t<div class=\"elementor-container elementor-column-gap-default\">\n\t\t\t\t\t<div class=\"elementor-column elementor-col-100 elementor-top-column elementor-element elementor-element-27c6e88\" data-id=\"27c6e88\" data-element_type=\"column\" data-e-type=\"column\">\n\t\t\t<div class=\"elementor-widget-wrap elementor-element-populated\">\n\t\t\t\t\t\t<div class=\"elementor-element elementor-element-ffd11f9 color-scheme-inherit text-left elementor-widget elementor-widget-text-editor\" data-id=\"ffd11f9\" data-element_type=\"widget\" data-e-type=\"widget\" data-widget_type=\"text-editor.default\">\n\t\t\t\t<div class=\"elementor-widget-container\">\n\t\t\t\t\t\t\t\t\t<p><span style=\"white-space: pre-wrap;\">Enveloppez-vous de luxe avec l&rsquo;\u00e9charpe Kaiya. Cet accessoire toutes saisons est con\u00e7u pour celles qui appr\u00e9cient \u00e0 la fois la mode et le confort. <\/span>  Fabriqu\u00e9e en laine d&rsquo;agneau de premi\u00e8re qualit\u00e9, <span style=\"white-space: pre-wrap;\">cette \u00e9charpe est incroyablement l\u00e9g\u00e8re. <\/span>L&rsquo;impression artistique Paisley accrocheuse ajoute une touche sophistiqu\u00e9e \u00e0 toutes les tenues.<\/p><ul><li><span data-preserver-spaces=\"true\">Mati\u00e8re : <\/span><span data-preserver-spaces=\"true\">100% laine d&rsquo;agneau<\/span><\/li><li><span data-preserver-spaces=\"true\">  Confort : Doux et respirant, pas de d\u00e9mangeaisons ni de surchauffe.<\/span><\/li><li><span data-preserver-spaces=\"true\"><span data-preserver-spaces=\"true\">Taille : 200cm x 70cm\/ 79\u2033 x 27.6\u2033<br><\/span><\/span><\/li><li><span data-preserver-spaces=\"true\"><span data-preserver-spaces=\"true\"><span data-preserver-spaces=\"true\"><span data-preserver-spaces=\"true\">Featherly light : 100 grammes<\/span><\/span><\/span><\/span><\/li><li><span data-preserver-spaces=\"true\"><span data-preserver-spaces=\"true\"><span data-preserver-spaces=\"true\"><span data-preserver-spaces=\"true\"><span data-preserver-spaces=\"true\">Fabriqu\u00e9 avec soin en Mongolie int\u00e9rieure<\/span><\/span><\/span><\/span><\/span><\/li><\/ul>\t\t\t\t\t\t\t\t<\/div>\n\t\t\t\t<\/div>\n\t\t\t\t\t<\/div>\n\t\t<\/div>\n\t\t\t\t\t<\/div>\n\t\t<\/section>\n\t\t\t\t<\/div>\n\t\t","protected":false},"excerpt":{"rendered":"<p>Enveloppez-vous de luxe avec l&rsquo;\u00e9charpe Kaiya. Cet accessoire toutes saisons est con\u00e7u pour celles qui appr\u00e9cient \u00e0 la fois la<\/p>\n","protected":false},"featured_media":334872,"comment_status":"open","ping_status":"closed","template":"","meta":[],"product_brand":[],"product_cat":[1143,1203],"product_tag":[1739,1149],"class_list":{"0":"post-335631","1":"product","2":"type-product","3":"status-publish","4":"has-post-thumbnail","6":"product_cat-foulards-et-echarpes","7":"product_cat-echarpes-en-laine-legere","8":"product_tag-foulards-legers","9":"product_tag-frange","10":"product_shipping_class-pliable","11":"pa_color-marron-fr","12":"pa_material-laine","13":"pa_material-laine-dagneau","14":"pa_pattern-boho","15":"pa_pattern-fringe","17":"first","18":"instock","19":"shipping-taxable","20":"purchasable","21":"product-type-simple"},"_links":{"self":[{"href":"https:\/\/peilishop.com\/fr\/wp-json\/wp\/v2\/product\/335631","targetHints":{"allow":["GET"]}}],"collection":[{"href":"https:\/\/peilishop.com\/fr\/wp-json\/wp\/v2\/product"}],"about":[{"href":"https:\/\/peilishop.com\/fr\/wp-json\/wp\/v2\/types\/product"}],"replies":[{"embeddable":true,"href":"https:\/\/peilishop.com\/fr\/wp-json\/wp\/v2\/comments?post=335631"}],"version-history":[{"count":0,"href":"https:\/\/peilishop.com\/fr\/wp-json\/wp\/v2\/product\/335631\/revisions"}],"wp:featuredmedia":[{"embeddable":true,"href":"https:\/\/peilishop.com\/fr\/wp-json\/wp\/v2\/media\/334872"}],"wp:attachment":[{"href":"https:\/\/peilishop.com\/fr\/wp-json\/wp\/v2\/media?parent=335631"}],"wp:term":[{"taxonomy":"product_brand","embeddable":true,"href":"https:\/\/peilishop.com\/fr\/wp-json\/wp\/v2\/product_brand?post=335631"},{"taxonomy":"product_cat","embeddable":true,"href":"https:\/\/peilishop.com\/fr\/wp-json\/wp\/v2\/product_cat?post=335631"},{"taxonomy":"product_tag","embeddable":true,"href":"https:\/\/peilishop.com\/fr\/wp-json\/wp\/v2\/product_tag?post=335631"}],"curies":[{"name":"wp","href":"https:\/\/api.w.org\/{rel}","templated":true}]}}