{"id":329337,"date":"2025-10-01T10:14:00","date_gmt":"2025-10-01T14:14:00","guid":{"rendered":"https:\/\/peilishop.com\/product\/cachemire-clara\/"},"modified":"2025-10-09T00:11:36","modified_gmt":"2025-10-09T04:11:36","slug":"cachemire-clara","status":"publish","type":"product","link":"https:\/\/peilishop.com\/fr\/produit\/cachemire-clara\/","title":{"rendered":"Cachemire Clara"},"content":{"rendered":"\t\t<div data-elementor-type=\"wp-post\" data-elementor-id=\"329337\" class=\"elementor elementor-329337 elementor-328128\" data-elementor-post-type=\"product\">\n\t\t\t\t\t\t<section class=\"wd-negative-gap elementor-section elementor-top-section elementor-element elementor-element-309ee49 elementor-section-boxed elementor-section-height-default elementor-section-height-default\" data-id=\"309ee49\" data-element_type=\"section\" data-e-type=\"section\">\n\t\t\t\t\t\t<div class=\"elementor-container elementor-column-gap-default\">\n\t\t\t\t\t<div class=\"elementor-column elementor-col-100 elementor-top-column elementor-element elementor-element-27c6e88\" data-id=\"27c6e88\" data-element_type=\"column\" data-e-type=\"column\">\n\t\t\t<div class=\"elementor-widget-wrap elementor-element-populated\">\n\t\t\t\t\t\t<div class=\"elementor-element elementor-element-ffd11f9 color-scheme-inherit text-left elementor-widget elementor-widget-text-editor\" data-id=\"ffd11f9\" data-element_type=\"widget\" data-e-type=\"widget\" data-widget_type=\"text-editor.default\">\n\t\t\t\t<div class=\"elementor-widget-container\">\n\t\t\t\t\t\t\t\t\t<p>Rehaussez votre style avec l&rsquo;\u00e9charpe Clara, un m\u00e9lange parfait d&rsquo;\u00e9l\u00e9gance et de confort. Confectionn\u00e9e en cachemire de premi\u00e8re qualit\u00e9, <span style=\"white-space: pre-wrap;\">cette \u00e9charpe est incroyablement chaude et l\u00e9g\u00e8re \u00e0 la fois. <\/span>Dot\u00e9e d&rsquo;un motif Tie-dye unique, elle ajoute de l&rsquo;int\u00e9r\u00eat visuel et de la profondeur \u00e0 n&rsquo;importe quelle tenue.   <\/p><ul><li><span data-preserver-spaces=\"true\">Mati\u00e8re : <\/span><span data-preserver-spaces=\"true\">100 % cachemire mongol de qualit\u00e9 A <\/span> <\/li><li><span data-preserver-spaces=\"true\">  Confort : Doux et respirant, pas de d\u00e9mangeaisons ni de surchauffe.<\/span><\/li><li><span data-preserver-spaces=\"true\"><span data-preserver-spaces=\"true\"><span data-preserver-spaces=\"true\"><span data-preserver-spaces=\"true\"><span data-preserver-spaces=\"true\">Taille : 190cm x 75cm\/ 75&Prime; x 29.5&Prime;<\/span><\/span><\/span><\/span><\/span><\/li><li>Poids : 130g<\/li><li><span data-preserver-spaces=\"true\"><span data-preserver-spaces=\"true\"><span data-preserver-spaces=\"true\"><span data-preserver-spaces=\"true\"><span data-preserver-spaces=\"true\">Fabriqu\u00e9 avec soin en Mongolie int\u00e9rieure<\/span><\/span><\/span><\/span><\/span><\/li><\/ul>\t\t\t\t\t\t\t\t<\/div>\n\t\t\t\t<\/div>\n\t\t\t\t\t<\/div>\n\t\t<\/div>\n\t\t\t\t\t<\/div>\n\t\t<\/section>\n\t\t\t\t<\/div>\n\t\t","protected":false},"excerpt":{"rendered":"<p>Rehaussez votre style avec l&rsquo;\u00e9charpe Clara, un m\u00e9lange parfait d&rsquo;\u00e9l\u00e9gance et de confort. Confectionn\u00e9e en cachemire de premi\u00e8re qualit\u00e9, cette<\/p>\n","protected":false},"featured_media":328221,"comment_status":"open","ping_status":"closed","template":"","meta":[],"product_brand":[],"product_cat":[1143,1373],"product_tag":[1149],"class_list":{"0":"post-329337","1":"product","2":"type-product","3":"status-publish","4":"has-post-thumbnail","6":"product_cat-foulards-et-echarpes","7":"product_cat-cachemire","8":"product_tag-frange","9":"product_shipping_class-pliable","10":"pa_color-bleu-fonce","11":"pa_color-gris-fonce","12":"pa_color-marron-fr","13":"pa_color-rouge-bourgogne","14":"pa_color-vert-chasseur","15":"pa_material-cachemire","16":"pa_pattern-boho","17":"pa_pattern-gradient","19":"first","20":"instock","21":"shipping-taxable","22":"purchasable","23":"product-type-variable"},"_links":{"self":[{"href":"https:\/\/peilishop.com\/fr\/wp-json\/wp\/v2\/product\/329337","targetHints":{"allow":["GET"]}}],"collection":[{"href":"https:\/\/peilishop.com\/fr\/wp-json\/wp\/v2\/product"}],"about":[{"href":"https:\/\/peilishop.com\/fr\/wp-json\/wp\/v2\/types\/product"}],"replies":[{"embeddable":true,"href":"https:\/\/peilishop.com\/fr\/wp-json\/wp\/v2\/comments?post=329337"}],"version-history":[{"count":0,"href":"https:\/\/peilishop.com\/fr\/wp-json\/wp\/v2\/product\/329337\/revisions"}],"wp:featuredmedia":[{"embeddable":true,"href":"https:\/\/peilishop.com\/fr\/wp-json\/wp\/v2\/media\/328221"}],"wp:attachment":[{"href":"https:\/\/peilishop.com\/fr\/wp-json\/wp\/v2\/media?parent=329337"}],"wp:term":[{"taxonomy":"product_brand","embeddable":true,"href":"https:\/\/peilishop.com\/fr\/wp-json\/wp\/v2\/product_brand?post=329337"},{"taxonomy":"product_cat","embeddable":true,"href":"https:\/\/peilishop.com\/fr\/wp-json\/wp\/v2\/product_cat?post=329337"},{"taxonomy":"product_tag","embeddable":true,"href":"https:\/\/peilishop.com\/fr\/wp-json\/wp\/v2\/product_tag?post=329337"}],"curies":[{"name":"wp","href":"https:\/\/api.w.org\/{rel}","templated":true}]}}