{"id":329293,"date":"2025-10-02T23:22:00","date_gmt":"2025-10-03T03:22:00","guid":{"rendered":"https:\/\/peilishop.com\/product\/echarpe-en-cachemire-aisha-featherlight\/"},"modified":"2025-10-08T23:20:33","modified_gmt":"2025-10-09T03:20:33","slug":"echarpe-en-cachemire-aisha-featherlight","status":"publish","type":"product","link":"https:\/\/peilishop.com\/fr\/produit\/echarpe-en-cachemire-aisha-featherlight\/","title":{"rendered":"\u00c9charpe en cachemire Aisha Featherlight"},"content":{"rendered":"\t\t<div data-elementor-type=\"wp-post\" data-elementor-id=\"329293\" class=\"elementor elementor-329293 elementor-328451\" data-elementor-post-type=\"product\">\n\t\t\t\t\t\t<section class=\"wd-negative-gap elementor-section elementor-top-section elementor-element elementor-element-309ee49 elementor-section-boxed elementor-section-height-default elementor-section-height-default\" data-id=\"309ee49\" data-element_type=\"section\" data-e-type=\"section\">\n\t\t\t\t\t\t<div class=\"elementor-container elementor-column-gap-default\">\n\t\t\t\t\t<div class=\"elementor-column elementor-col-100 elementor-top-column elementor-element elementor-element-27c6e88\" data-id=\"27c6e88\" data-element_type=\"column\" data-e-type=\"column\">\n\t\t\t<div class=\"elementor-widget-wrap elementor-element-populated\">\n\t\t\t\t\t\t<div class=\"elementor-element elementor-element-ffd11f9 color-scheme-inherit text-left elementor-widget elementor-widget-text-editor\" data-id=\"ffd11f9\" data-element_type=\"widget\" data-e-type=\"widget\" data-widget_type=\"text-editor.default\">\n\t\t\t\t<div class=\"elementor-widget-container\">\n\t\t\t\t\t\t\t\t\t<p>Rehaussez votre tenue avec la luxueuse \u00e9charpe en cachemire Aisha. Elle arbore un motif cachemire captivant qui ajoute sans effort une touche de sophistication \u00e0 n&rsquo;importe quelle tenue. Con\u00e7ue pour \u00eatre \u00e0 la fois \u00e9l\u00e9gante et pratique, cette \u00e9charpe est l&rsquo;accessoire id\u00e9al pour superposer des couches ou ajouter une touche de couleur \u00e0 n&rsquo;importe quel ensemble.  <\/p><ul><li>Mati\u00e8re : 100% cachemire mongol de qualit\u00e9 A<\/li><li>Confort : Doux et respirant, pas de d\u00e9mangeaisons ni de surchauffe.<\/li><li>Taille : 180cm x 70cm\/ 71&Prime; x 27.6&Prime;<\/li><li>Featherly light : 100 grammes<\/li><li>Fabriqu\u00e9 avec soin en Mongolie int\u00e9rieure<\/li><\/ul>\t\t\t\t\t\t\t\t<\/div>\n\t\t\t\t<\/div>\n\t\t\t\t\t<\/div>\n\t\t<\/div>\n\t\t\t\t\t<\/div>\n\t\t<\/section>\n\t\t\t\t<\/div>\n\t\t","protected":false},"excerpt":{"rendered":"<p>Rehaussez votre tenue avec la luxueuse \u00e9charpe en cachemire Aisha. Elle arbore un motif cachemire captivant qui ajoute sans effort<\/p>\n","protected":false},"featured_media":328472,"comment_status":"open","ping_status":"closed","template":"","meta":[],"product_brand":[],"product_cat":[1613,1143],"product_tag":[1739,1725],"class_list":{"0":"post-329293","1":"product","2":"type-product","3":"status-publish","4":"has-post-thumbnail","6":"product_cat-echarpes-en-cachemire-fr","7":"product_cat-foulards-et-echarpes","8":"product_tag-foulards-legers","9":"product_tag-lightweight-scarves","10":"product_shipping_class-pliable","11":"pa_color-pourpre-nacre","12":"pa_material-cachemire","13":"pa_pattern-floral","15":"first","16":"instock","17":"shipping-taxable","18":"purchasable","19":"product-type-simple"},"_links":{"self":[{"href":"https:\/\/peilishop.com\/fr\/wp-json\/wp\/v2\/product\/329293","targetHints":{"allow":["GET"]}}],"collection":[{"href":"https:\/\/peilishop.com\/fr\/wp-json\/wp\/v2\/product"}],"about":[{"href":"https:\/\/peilishop.com\/fr\/wp-json\/wp\/v2\/types\/product"}],"replies":[{"embeddable":true,"href":"https:\/\/peilishop.com\/fr\/wp-json\/wp\/v2\/comments?post=329293"}],"version-history":[{"count":0,"href":"https:\/\/peilishop.com\/fr\/wp-json\/wp\/v2\/product\/329293\/revisions"}],"wp:featuredmedia":[{"embeddable":true,"href":"https:\/\/peilishop.com\/fr\/wp-json\/wp\/v2\/media\/328472"}],"wp:attachment":[{"href":"https:\/\/peilishop.com\/fr\/wp-json\/wp\/v2\/media?parent=329293"}],"wp:term":[{"taxonomy":"product_brand","embeddable":true,"href":"https:\/\/peilishop.com\/fr\/wp-json\/wp\/v2\/product_brand?post=329293"},{"taxonomy":"product_cat","embeddable":true,"href":"https:\/\/peilishop.com\/fr\/wp-json\/wp\/v2\/product_cat?post=329293"},{"taxonomy":"product_tag","embeddable":true,"href":"https:\/\/peilishop.com\/fr\/wp-json\/wp\/v2\/product_tag?post=329293"}],"curies":[{"name":"wp","href":"https:\/\/api.w.org\/{rel}","templated":true}]}}