{"id":329269,"date":"2025-10-06T09:55:00","date_gmt":"2025-10-06T13:55:00","guid":{"rendered":"https:\/\/peilishop.com\/product\/echarpe-en-cachemire-kiana-featherlight-orange\/"},"modified":"2026-01-10T04:12:43","modified_gmt":"2026-01-10T09:12:43","slug":"echarpe-en-cachemire-kiana-featherlight-orange","status":"publish","type":"product","link":"https:\/\/peilishop.com\/fr\/produit\/echarpe-en-cachemire-kiana-featherlight-orange\/","title":{"rendered":"\u00c9charpe en cachemire Kiana Featherlight &#8211; Orange"},"content":{"rendered":"\t\t<div data-elementor-type=\"wp-post\" data-elementor-id=\"329269\" class=\"elementor elementor-329269 elementor-329041\" data-elementor-post-type=\"product\">\n\t\t\t\t\t\t<section class=\"wd-negative-gap elementor-section elementor-top-section elementor-element elementor-element-309ee49 elementor-section-boxed elementor-section-height-default elementor-section-height-default\" data-id=\"309ee49\" data-element_type=\"section\" data-e-type=\"section\">\n\t\t\t\t\t\t<div class=\"elementor-container elementor-column-gap-default\">\n\t\t\t\t\t<div class=\"elementor-column elementor-col-100 elementor-top-column elementor-element elementor-element-27c6e88\" data-id=\"27c6e88\" data-element_type=\"column\" data-e-type=\"column\">\n\t\t\t<div class=\"elementor-widget-wrap elementor-element-populated\">\n\t\t\t\t\t\t<div class=\"elementor-element elementor-element-ffd11f9 color-scheme-inherit text-left elementor-widget elementor-widget-text-editor\" data-id=\"ffd11f9\" data-element_type=\"widget\" data-e-type=\"widget\" data-widget_type=\"text-editor.default\">\n\t\t\t\t<div class=\"elementor-widget-container\">\n\t\t\t\t\t\t\t\t\t<p>Drapez vous dans le plus doux murmure de couleur avec l&rsquo;\u00e9charpe Kiana. Fabriqu\u00e9e en cachemire de qualit\u00e9 sup\u00e9rieure, cette \u00e9charpe passe merveilleusement d&rsquo;une teinte orange chaude \u00e0 un beige neutre, ajoutant une touche de chaleur sophistiqu\u00e9e \u00e0 n&rsquo;importe quel ensemble. Gr\u00e2ce \u00e0 son poids ultra-l\u00e9ger, vous n&rsquo;aurez pas trop chaud pendant les mois les plus frais.    <\/p><ul><li><span data-preserver-spaces=\"true\">Mati\u00e8re : <\/span><span data-preserver-spaces=\"true\">100 % cachemire mongol de qualit\u00e9 A <\/span> <\/li><li><span data-preserver-spaces=\"true\">  Confort : Doux et respirant, pas de d\u00e9mangeaisons ni de surchauffe.<\/span><\/li><li><span data-preserver-spaces=\"true\">Taille : 220cm x 75cm\/ 87&Prime; x 30&Prime;<br><\/span><\/li><li><span data-preserver-spaces=\"true\">Featherly light : 90 grammes<\/span><\/li><li><span data-preserver-spaces=\"true\">Fabriqu\u00e9 avec soin en Mongolie int\u00e9rieure<\/span><\/li><\/ul>\t\t\t\t\t\t\t\t<\/div>\n\t\t\t\t<\/div>\n\t\t\t\t\t<\/div>\n\t\t<\/div>\n\t\t\t\t\t<\/div>\n\t\t<\/section>\n\t\t\t\t<\/div>\n\t\t","protected":false},"excerpt":{"rendered":"<p>Drapez vous dans le plus doux murmure de couleur avec l&rsquo;\u00e9charpe Kiana. Fabriqu\u00e9e en cachemire de qualit\u00e9 sup\u00e9rieure, cette \u00e9charpe<\/p>\n","protected":false},"featured_media":328969,"comment_status":"open","ping_status":"closed","template":"","meta":[],"product_brand":[],"product_cat":[1373,1143],"product_tag":[1739,1769],"class_list":{"0":"post-329269","1":"product","2":"type-product","3":"status-publish","4":"has-post-thumbnail","6":"product_cat-cachemire","7":"product_cat-foulards-et-echarpes","8":"product_tag-foulards-legers","9":"product_tag-gradient","10":"product_shipping_class-pliable","11":"pa_color-orange-fr","12":"pa_material-cachemire","13":"pa_pattern-gradient","15":"first","16":"instock","17":"shipping-taxable","18":"purchasable","19":"product-type-simple"},"_links":{"self":[{"href":"https:\/\/peilishop.com\/fr\/wp-json\/wp\/v2\/product\/329269","targetHints":{"allow":["GET"]}}],"collection":[{"href":"https:\/\/peilishop.com\/fr\/wp-json\/wp\/v2\/product"}],"about":[{"href":"https:\/\/peilishop.com\/fr\/wp-json\/wp\/v2\/types\/product"}],"replies":[{"embeddable":true,"href":"https:\/\/peilishop.com\/fr\/wp-json\/wp\/v2\/comments?post=329269"}],"version-history":[{"count":0,"href":"https:\/\/peilishop.com\/fr\/wp-json\/wp\/v2\/product\/329269\/revisions"}],"wp:featuredmedia":[{"embeddable":true,"href":"https:\/\/peilishop.com\/fr\/wp-json\/wp\/v2\/media\/328969"}],"wp:attachment":[{"href":"https:\/\/peilishop.com\/fr\/wp-json\/wp\/v2\/media?parent=329269"}],"wp:term":[{"taxonomy":"product_brand","embeddable":true,"href":"https:\/\/peilishop.com\/fr\/wp-json\/wp\/v2\/product_brand?post=329269"},{"taxonomy":"product_cat","embeddable":true,"href":"https:\/\/peilishop.com\/fr\/wp-json\/wp\/v2\/product_cat?post=329269"},{"taxonomy":"product_tag","embeddable":true,"href":"https:\/\/peilishop.com\/fr\/wp-json\/wp\/v2\/product_tag?post=329269"}],"curies":[{"name":"wp","href":"https:\/\/api.w.org\/{rel}","templated":true}]}}