{"id":326641,"date":"2022-06-05T05:12:00","date_gmt":"2022-06-05T09:12:00","guid":{"rendered":"https:\/\/peilishop.com\/product\/chapeau-fedora-en-crochet-gabi-raffia\/"},"modified":"2025-07-16T05:22:35","modified_gmt":"2025-07-16T09:22:35","slug":"chapeau-fedora-en-crochet-gabi-raffia","status":"publish","type":"product","link":"https:\/\/peilishop.com\/fr\/produit\/chapeau-fedora-en-crochet-gabi-raffia\/","title":{"rendered":"Chapeau Fedora en crochet Gabi Raffia"},"content":{"rendered":"\t\t<div data-elementor-type=\"wp-post\" data-elementor-id=\"326641\" class=\"elementor elementor-326641 elementor-43795\" data-elementor-post-type=\"product\">\n\t\t\t\t\t\t<section class=\"wd-negative-gap elementor-section elementor-top-section elementor-element elementor-element-309ee49 elementor-section-boxed elementor-section-height-default elementor-section-height-default\" data-id=\"309ee49\" data-element_type=\"section\" data-e-type=\"section\">\n\t\t\t\t\t\t<div class=\"elementor-container elementor-column-gap-default\">\n\t\t\t\t\t<div class=\"elementor-column elementor-col-100 elementor-top-column elementor-element elementor-element-27c6e88\" data-id=\"27c6e88\" data-element_type=\"column\" data-e-type=\"column\">\n\t\t\t<div class=\"elementor-widget-wrap elementor-element-populated\">\n\t\t\t\t\t\t<div class=\"elementor-element elementor-element-ffd11f9 color-scheme-inherit text-left elementor-widget elementor-widget-text-editor\" data-id=\"ffd11f9\" data-element_type=\"widget\" data-e-type=\"widget\" data-widget_type=\"text-editor.default\">\n\t\t\t\t<div class=\"elementor-widget-container\">\n\t\t\t\t\t\t\t\t\t<p style=\"text-align: left;\"><span data-preserver-spaces=\"true\">Gabi est fabriqu\u00e9 \u00e0 la main \u00e0 partir de raphia malgache et pr\u00e9sente une silhouette \u00e9l\u00e9gante avec une couronne de style fedora et un bord retrouss\u00e9 de 4,5 cm. Il est compl\u00e9t\u00e9 par un ruban contrastant autour de la couronne, tandis que le bandeau de transpiration int\u00e9rieur ajustable offre un port confortable.   <\/span><\/p><ul><li style=\"text-align: left;\"><span data-preserver-spaces=\"true\">Mat\u00e9riau : Raphia de Madagascar<br><\/span><\/li><li style=\"text-align: left;\"><span data-preserver-spaces=\"true\">Couronne de style Fedora<\/span><\/li><li style=\"text-align: left;\"><span data-preserver-spaces=\"true\">Bandeau int\u00e9rieur r\u00e9glable<\/span><\/li><li style=\"text-align: left;\"><span data-preserver-spaces=\"true\">Bordure de 4,5 cm<\/span><\/li><li style=\"text-align: left;\">Roulable et emballable<\/li><\/ul>\t\t\t\t\t\t\t\t<\/div>\n\t\t\t\t<\/div>\n\t\t\t\t\t<\/div>\n\t\t<\/div>\n\t\t\t\t\t<\/div>\n\t\t<\/section>\n\t\t\t\t<\/div>\n\t\t","protected":false},"excerpt":{"rendered":"<p>Gabi est fabriqu\u00e9 \u00e0 la main \u00e0 partir de raphia malgache et pr\u00e9sente une silhouette \u00e9l\u00e9gante avec une couronne de<\/p>\n","protected":false},"featured_media":44013,"comment_status":"open","ping_status":"closed","template":"","meta":[],"product_brand":[],"product_cat":[1680,1608,1646,1679,1645],"product_tag":[1671,1216],"class_list":{"0":"post-326641","1":"product","2":"type-product","3":"status-publish","4":"has-post-thumbnail","6":"product_cat-bord-court","7":"product_cat-chapeaux","8":"product_cat-chapeaux-de-paille","9":"product_cat-chapeaux-fedora","10":"product_cat-roulable-et-emballable","11":"product_tag-raphia","12":"product_tag-simple","13":"product_shipping_class-sac-a-panier-grand-chapeau","14":"pa_color-beige-fr","15":"pa_material-raphia","16":"pa_pattern-plain","17":"pa_pattern-ribbon","19":"first","20":"instock","21":"shipping-taxable","22":"purchasable","23":"product-type-simple"},"_links":{"self":[{"href":"https:\/\/peilishop.com\/fr\/wp-json\/wp\/v2\/product\/326641","targetHints":{"allow":["GET"]}}],"collection":[{"href":"https:\/\/peilishop.com\/fr\/wp-json\/wp\/v2\/product"}],"about":[{"href":"https:\/\/peilishop.com\/fr\/wp-json\/wp\/v2\/types\/product"}],"replies":[{"embeddable":true,"href":"https:\/\/peilishop.com\/fr\/wp-json\/wp\/v2\/comments?post=326641"}],"version-history":[{"count":0,"href":"https:\/\/peilishop.com\/fr\/wp-json\/wp\/v2\/product\/326641\/revisions"}],"wp:featuredmedia":[{"embeddable":true,"href":"https:\/\/peilishop.com\/fr\/wp-json\/wp\/v2\/media\/44013"}],"wp:attachment":[{"href":"https:\/\/peilishop.com\/fr\/wp-json\/wp\/v2\/media?parent=326641"}],"wp:term":[{"taxonomy":"product_brand","embeddable":true,"href":"https:\/\/peilishop.com\/fr\/wp-json\/wp\/v2\/product_brand?post=326641"},{"taxonomy":"product_cat","embeddable":true,"href":"https:\/\/peilishop.com\/fr\/wp-json\/wp\/v2\/product_cat?post=326641"},{"taxonomy":"product_tag","embeddable":true,"href":"https:\/\/peilishop.com\/fr\/wp-json\/wp\/v2\/product_tag?post=326641"}],"curies":[{"name":"wp","href":"https:\/\/api.w.org\/{rel}","templated":true}]}}