{"id":326623,"date":"2022-06-05T13:58:45","date_gmt":"2022-06-05T17:58:45","guid":{"rendered":"https:\/\/peilishop.com\/product\/casquette-de-baseball-ariella-raffia\/"},"modified":"2025-07-16T05:22:14","modified_gmt":"2025-07-16T09:22:14","slug":"casquette-de-baseball-ariella-raffia","status":"publish","type":"product","link":"https:\/\/peilishop.com\/fr\/produit\/casquette-de-baseball-ariella-raffia\/","title":{"rendered":"Casquette de baseball Ariella Raffia"},"content":{"rendered":"\t\t<div data-elementor-type=\"wp-post\" data-elementor-id=\"326623\" class=\"elementor elementor-326623 elementor-23760\" data-elementor-post-type=\"product\">\n\t\t\t\t\t\t<section class=\"wd-negative-gap elementor-section elementor-top-section elementor-element elementor-element-309ee49 elementor-section-boxed elementor-section-height-default elementor-section-height-default\" data-id=\"309ee49\" data-element_type=\"section\" data-e-type=\"section\">\n\t\t\t\t\t\t<div class=\"elementor-container elementor-column-gap-default\">\n\t\t\t\t\t<div class=\"elementor-column elementor-col-50 elementor-top-column elementor-element elementor-element-27c6e88\" data-id=\"27c6e88\" data-element_type=\"column\" data-e-type=\"column\">\n\t\t\t<div class=\"elementor-widget-wrap elementor-element-populated\">\n\t\t\t\t\t\t<div class=\"elementor-element elementor-element-ffd11f9 color-scheme-inherit text-left elementor-widget elementor-widget-text-editor\" data-id=\"ffd11f9\" data-element_type=\"widget\" data-e-type=\"widget\" data-widget_type=\"text-editor.default\">\n\t\t\t\t<div class=\"elementor-widget-container\">\n\t\t\t\t\t\t\t\t\t<p style=\"text-align: left;\"><span data-preserver-spaces=\"true\">La casquette Ariella est fabriqu\u00e9e en raphia de Madagascar et pr\u00e9sente une couronne ronde et un bord de 6,5 cm. Elle est compl\u00e9t\u00e9e par un gros-grain, tandis que le bandeau int\u00e9rieur r\u00e9glable offre un ajustement et un port confortables.<\/span><span data-preserver-spaces=\"true\"> <\/span><\/p><ul><li style=\"text-align: left;\"><span data-preserver-spaces=\"true\">Mat\u00e9riau : Raphia de Madagascar<\/span><span data-preserver-spaces=\"true\"><br><\/span><\/li><li style=\"text-align: left;\"><span data-preserver-spaces=\"true\">Couronne ronde<\/span><\/li><li style=\"text-align: left;\"><span data-preserver-spaces=\"true\">Bandeau int\u00e9rieur r\u00e9glable<\/span><\/li><li style=\"text-align: left;\"><span data-preserver-spaces=\"true\">Bordure de 6,5 cm<\/span><span data-preserver-spaces=\"true\"><br><\/span><\/li><\/ul>\t\t\t\t\t\t\t\t<\/div>\n\t\t\t\t<\/div>\n\t\t\t\t\t<\/div>\n\t\t<\/div>\n\t\t\t\t<div class=\"elementor-column elementor-col-50 elementor-top-column elementor-element elementor-element-dfc5f18\" data-id=\"dfc5f18\" data-element_type=\"column\" data-e-type=\"column\">\n\t\t\t<div class=\"elementor-widget-wrap elementor-element-populated\">\n\t\t\t\t\t\t<div class=\"elementor-element elementor-element-9231b24 elementor-widget elementor-widget-shortcode\" data-id=\"9231b24\" data-element_type=\"widget\" data-e-type=\"widget\" data-widget_type=\"shortcode.default\">\n\t\t\t\t<div class=\"elementor-widget-container\">\n\t\t\t\t\t\t\t<div class=\"elementor-shortcode\">[pins id=\"42314\"]<\/div>\n\t\t\t\t\t\t<\/div>\n\t\t\t\t<\/div>\n\t\t\t\t\t<\/div>\n\t\t<\/div>\n\t\t\t\t\t<\/div>\n\t\t<\/section>\n\t\t\t\t<\/div>\n\t\t","protected":false},"excerpt":{"rendered":"<p>La casquette Ariella est fabriqu\u00e9e en raphia de Madagascar et pr\u00e9sente une couronne ronde et un bord de 6,5 cm.<\/p>\n","protected":false},"featured_media":57969,"comment_status":"open","ping_status":"closed","template":"","meta":[],"product_brand":[],"product_cat":[1670,1608,1646,1645],"product_tag":[1404,1672,1671],"class_list":{"0":"post-326623","1":"product","2":"type-product","3":"status-publish","4":"has-post-thumbnail","6":"product_cat-casquettes","7":"product_cat-chapeaux","8":"product_cat-chapeaux-de-paille","9":"product_cat-roulable-et-emballable","10":"product_tag-colorblock-fr","11":"product_tag-papillon","12":"product_tag-raphia","13":"product_shipping_class-sac-a-panier-grand-chapeau","14":"pa_color-beige-fr","15":"pa_color-gris-fr","16":"pa_material-raphia","17":"pa_pattern-ribbon","19":"first","20":"instock","21":"shipping-taxable","22":"purchasable","23":"product-type-variable"},"_links":{"self":[{"href":"https:\/\/peilishop.com\/fr\/wp-json\/wp\/v2\/product\/326623","targetHints":{"allow":["GET"]}}],"collection":[{"href":"https:\/\/peilishop.com\/fr\/wp-json\/wp\/v2\/product"}],"about":[{"href":"https:\/\/peilishop.com\/fr\/wp-json\/wp\/v2\/types\/product"}],"replies":[{"embeddable":true,"href":"https:\/\/peilishop.com\/fr\/wp-json\/wp\/v2\/comments?post=326623"}],"version-history":[{"count":0,"href":"https:\/\/peilishop.com\/fr\/wp-json\/wp\/v2\/product\/326623\/revisions"}],"wp:featuredmedia":[{"embeddable":true,"href":"https:\/\/peilishop.com\/fr\/wp-json\/wp\/v2\/media\/57969"}],"wp:attachment":[{"href":"https:\/\/peilishop.com\/fr\/wp-json\/wp\/v2\/media?parent=326623"}],"wp:term":[{"taxonomy":"product_brand","embeddable":true,"href":"https:\/\/peilishop.com\/fr\/wp-json\/wp\/v2\/product_brand?post=326623"},{"taxonomy":"product_cat","embeddable":true,"href":"https:\/\/peilishop.com\/fr\/wp-json\/wp\/v2\/product_cat?post=326623"},{"taxonomy":"product_tag","embeddable":true,"href":"https:\/\/peilishop.com\/fr\/wp-json\/wp\/v2\/product_tag?post=326623"}],"curies":[{"name":"wp","href":"https:\/\/api.w.org\/{rel}","templated":true}]}}