{"id":325707,"date":"2025-06-17T09:56:00","date_gmt":"2025-06-17T13:56:00","guid":{"rendered":"https:\/\/peilishop.com\/?post_type=product&#038;p=325707"},"modified":"2025-10-04T09:58:23","modified_gmt":"2025-10-04T13:58:23","slug":"echarpe-reversible-en-cachemire-leger-lena","status":"publish","type":"product","link":"https:\/\/peilishop.com\/fr\/produit\/echarpe-reversible-en-cachemire-leger-lena\/","title":{"rendered":"\u00c9charpe r\u00e9versible en cachemire l\u00e9ger Lena"},"content":{"rendered":"\t\t<div data-elementor-type=\"wp-post\" data-elementor-id=\"325707\" class=\"elementor elementor-325707 elementor-325703\" data-elementor-post-type=\"product\">\n\t\t\t\t\t\t<section class=\"wd-negative-gap elementor-section elementor-top-section elementor-element elementor-element-309ee49 elementor-section-boxed elementor-section-height-default elementor-section-height-default\" data-id=\"309ee49\" data-element_type=\"section\" data-e-type=\"section\">\n\t\t\t\t\t\t<div class=\"elementor-container elementor-column-gap-default\">\n\t\t\t\t\t<div class=\"elementor-column elementor-col-100 elementor-top-column elementor-element elementor-element-27c6e88\" data-id=\"27c6e88\" data-element_type=\"column\" data-e-type=\"column\">\n\t\t\t<div class=\"elementor-widget-wrap elementor-element-populated\">\n\t\t\t\t\t\t<div class=\"elementor-element elementor-element-ffd11f9 color-scheme-inherit text-left elementor-widget elementor-widget-text-editor\" data-id=\"ffd11f9\" data-element_type=\"widget\" data-e-type=\"widget\" data-widget_type=\"text-editor.default\">\n\t\t\t\t<div class=\"elementor-widget-container\">\n\t\t\t\t\t\t\t\t\t<p>Con\u00e7ue dans un souci de confort et d&rsquo;\u00e9l\u00e9gance, l&rsquo;\u00e9charpe enveloppante Lena est fabriqu\u00e9e en cachemire luxueux, offrant une chaleur l\u00e9g\u00e8re et une grande beaut\u00e9 en toute saison. Avec ses deux couleurs contrast\u00e9es de chaque c\u00f4t\u00e9, vous pouvez facilement m\u00e9langer et assortir vos looks pr\u00e9f\u00e9r\u00e9s. Avec ses bordures ray\u00e9es \u00e9l\u00e9gantes et ses bords l\u00e9g\u00e8rement effiloch\u00e9s pour une touche de boh\u00e8me, cette \u00e9charpe apportera la touche finale parfaite \u00e0 toutes les occasions.  <\/p><ul><li><span data-preserver-spaces=\"true\">Mati\u00e8re : <\/span><span data-preserver-spaces=\"true\">100 % cachemire mongol de qualit\u00e9 A <\/span> <\/li><li>Teinture naturelle, sans produits chimiques nocifs<\/li><li><span data-preserver-spaces=\"true\">  Confort : Doux et respirant, pas de d\u00e9mangeaisons ni de surchauffe.<\/span><\/li><li><span data-preserver-spaces=\"true\"><span data-preserver-spaces=\"true\">Taille : 200cm x 95cm\/78.7&Prime; x 37.4&Prime;<br><\/span><\/span><\/li><li><span data-preserver-spaces=\"true\"><span data-preserver-spaces=\"true\"><span data-preserver-spaces=\"true\"><span data-preserver-spaces=\"true\">Featherly light : 95 grammes<\/span><\/span><\/span><\/span><\/li><li><span data-preserver-spaces=\"true\"><span data-preserver-spaces=\"true\"><span data-preserver-spaces=\"true\"><span data-preserver-spaces=\"true\"><span data-preserver-spaces=\"true\">Fabriqu\u00e9 avec soin en Mongolie int\u00e9rieure<\/span><\/span><\/span><\/span><\/span><\/li><\/ul>\t\t\t\t\t\t\t\t<\/div>\n\t\t\t\t<\/div>\n\t\t\t\t\t<\/div>\n\t\t<\/div>\n\t\t\t\t\t<\/div>\n\t\t<\/section>\n\t\t\t\t<\/div>\n\t\t","protected":false},"excerpt":{"rendered":"<p>Con\u00e7ue dans un souci de confort et d&rsquo;\u00e9l\u00e9gance, l&rsquo;\u00e9charpe enveloppante Lena est fabriqu\u00e9e en cachemire luxueux, offrant une chaleur l\u00e9g\u00e8re<\/p>\n","protected":false},"featured_media":325836,"comment_status":"open","ping_status":"closed","template":"","meta":[],"product_brand":[],"product_cat":[1613,1143],"product_tag":[1739,1755],"class_list":{"0":"post-325707","1":"product","2":"type-product","3":"status-publish","4":"has-post-thumbnail","6":"product_cat-echarpes-en-cachemire-fr","7":"product_cat-foulards-et-echarpes","8":"product_tag-foulards-legers","9":"product_tag-reversible","10":"product_shipping_class-pliable","11":"pa_color-argile","12":"pa_color-beige-fr","13":"pa_color-gris-clair","14":"pa_color-rose-du-desert","15":"pa_color-tan-fr","16":"pa_material-cachemire","17":"pa_pattern-boho","18":"pa_pattern-plain","20":"first","21":"instock","22":"shipping-taxable","23":"purchasable","24":"product-type-variable"},"_links":{"self":[{"href":"https:\/\/peilishop.com\/fr\/wp-json\/wp\/v2\/product\/325707","targetHints":{"allow":["GET"]}}],"collection":[{"href":"https:\/\/peilishop.com\/fr\/wp-json\/wp\/v2\/product"}],"about":[{"href":"https:\/\/peilishop.com\/fr\/wp-json\/wp\/v2\/types\/product"}],"replies":[{"embeddable":true,"href":"https:\/\/peilishop.com\/fr\/wp-json\/wp\/v2\/comments?post=325707"}],"version-history":[{"count":0,"href":"https:\/\/peilishop.com\/fr\/wp-json\/wp\/v2\/product\/325707\/revisions"}],"wp:featuredmedia":[{"embeddable":true,"href":"https:\/\/peilishop.com\/fr\/wp-json\/wp\/v2\/media\/325836"}],"wp:attachment":[{"href":"https:\/\/peilishop.com\/fr\/wp-json\/wp\/v2\/media?parent=325707"}],"wp:term":[{"taxonomy":"product_brand","embeddable":true,"href":"https:\/\/peilishop.com\/fr\/wp-json\/wp\/v2\/product_brand?post=325707"},{"taxonomy":"product_cat","embeddable":true,"href":"https:\/\/peilishop.com\/fr\/wp-json\/wp\/v2\/product_cat?post=325707"},{"taxonomy":"product_tag","embeddable":true,"href":"https:\/\/peilishop.com\/fr\/wp-json\/wp\/v2\/product_tag?post=325707"}],"curies":[{"name":"wp","href":"https:\/\/api.w.org\/{rel}","templated":true}]}}