{"id":324911,"date":"2023-05-14T03:30:00","date_gmt":"2023-05-14T07:30:00","guid":{"rendered":"https:\/\/peilishop.com\/product\/avni-two-side-paisley-print-silk-neckerchief-scarf\/"},"modified":"2025-07-03T09:44:48","modified_gmt":"2025-07-03T13:44:48","slug":"avni-two-side-paisley-print-silk-neckerchief-scarf","status":"publish","type":"product","link":"https:\/\/peilishop.com\/fr\/produit\/avni-two-side-paisley-print-silk-neckerchief-scarf\/","title":{"rendered":"Avni &#8211; Foulard en soie \u00e0 imprim\u00e9 marguerite sur les deux faces"},"content":{"rendered":"\t\t<div data-elementor-type=\"wp-post\" data-elementor-id=\"324911\" class=\"elementor elementor-324911 elementor-44628\" data-elementor-post-type=\"product\">\n\t\t\t\t\t\t<section class=\"wd-negative-gap elementor-section elementor-top-section elementor-element elementor-element-309ee49 elementor-section-boxed elementor-section-height-default elementor-section-height-default\" data-id=\"309ee49\" data-element_type=\"section\" data-e-type=\"section\">\n\t\t\t\t\t\t<div class=\"elementor-container elementor-column-gap-default\">\n\t\t\t\t\t<div class=\"elementor-column elementor-col-100 elementor-top-column elementor-element elementor-element-27c6e88\" data-id=\"27c6e88\" data-element_type=\"column\" data-e-type=\"column\">\n\t\t\t<div class=\"elementor-widget-wrap elementor-element-populated\">\n\t\t\t\t\t\t<div class=\"elementor-element elementor-element-ffd11f9 color-scheme-inherit text-left elementor-widget elementor-widget-text-editor\" data-id=\"ffd11f9\" data-element_type=\"widget\" data-e-type=\"widget\" data-widget_type=\"text-editor.default\">\n\t\t\t\t<div class=\"elementor-widget-container\">\n\t\t\t\t\t\t\t\t\t<p style=\"text-align: left;\"><span data-preserver-spaces=\"true\">Avni est l&rsquo;accessoire parfait pour toutes les tenues. Il est fabriqu\u00e9 en soie biologique, ce qui le rend doux et luxueux au toucher. L&rsquo;imprim\u00e9 paisley contrast\u00e9 sur les deux faces cr\u00e9e un look unique et accrocheur, vous permettant de changer de style en fonction de votre humeur ou de votre tenue.    <\/span><span data-preserver-spaces=\"true\">  Portez-la comme un foulard ou drapez-la sur l&rsquo;\u00e9paule.<br><\/span><\/p><ul><li style=\"text-align: left;\"><span data-preserver-spaces=\"true\">Mati\u00e8re : <\/span><span data-preserver-spaces=\"true\">100 %<\/span> soie de m\u00fbrier de qualit\u00e9 6A <span data-preserver-spaces=\"true\">(18 mm)<br><\/span><\/li><li style=\"text-align: left;\">Taille : 68cm x 140cm (26.7&Prime; x 55.1&Prime;)<\/li><li style=\"text-align: left;\">Poids : 50 grammes<\/li><li style=\"text-align: left;\">Forme triangulaire<\/li><li style=\"text-align: left;\">Fabriqu\u00e9 avec soin \u00e0 Hangzhou<\/li><\/ul>\t\t\t\t\t\t\t\t<\/div>\n\t\t\t\t<\/div>\n\t\t\t\t\t<\/div>\n\t\t<\/div>\n\t\t\t\t\t<\/div>\n\t\t<\/section>\n\t\t\t\t<\/div>\n\t\t","protected":false},"excerpt":{"rendered":"<p>Avni est l&rsquo;accessoire parfait pour toutes les tenues. Il est fabriqu\u00e9 en soie biologique, ce qui le rend doux et<\/p>\n","protected":false},"featured_media":256722,"comment_status":"open","ping_status":"closed","template":"","meta":[],"product_brand":[],"product_cat":[1466,1467,1143],"product_tag":[1469,1420],"class_list":{"0":"post-324911","1":"product","2":"type-product","3":"status-publish","4":"has-post-thumbnail","6":"product_cat-foulards-en-soie","7":"product_cat-foulards-en-soie-fr","8":"product_cat-foulards-et-echarpes","9":"product_tag-abstrait","10":"product_tag-raye","11":"product_shipping_class-pliable","12":"pa_color-rouge","13":"pa_color-sarcelle","14":"pa_color-vert-olive","15":"pa_material-soie","16":"pa_pattern-abstract","17":"pa_pattern-patterned","19":"first","20":"instock","21":"featured","22":"shipping-taxable","23":"purchasable","24":"product-type-variable"},"_links":{"self":[{"href":"https:\/\/peilishop.com\/fr\/wp-json\/wp\/v2\/product\/324911","targetHints":{"allow":["GET"]}}],"collection":[{"href":"https:\/\/peilishop.com\/fr\/wp-json\/wp\/v2\/product"}],"about":[{"href":"https:\/\/peilishop.com\/fr\/wp-json\/wp\/v2\/types\/product"}],"replies":[{"embeddable":true,"href":"https:\/\/peilishop.com\/fr\/wp-json\/wp\/v2\/comments?post=324911"}],"version-history":[{"count":0,"href":"https:\/\/peilishop.com\/fr\/wp-json\/wp\/v2\/product\/324911\/revisions"}],"wp:featuredmedia":[{"embeddable":true,"href":"https:\/\/peilishop.com\/fr\/wp-json\/wp\/v2\/media\/256722"}],"wp:attachment":[{"href":"https:\/\/peilishop.com\/fr\/wp-json\/wp\/v2\/media?parent=324911"}],"wp:term":[{"taxonomy":"product_brand","embeddable":true,"href":"https:\/\/peilishop.com\/fr\/wp-json\/wp\/v2\/product_brand?post=324911"},{"taxonomy":"product_cat","embeddable":true,"href":"https:\/\/peilishop.com\/fr\/wp-json\/wp\/v2\/product_cat?post=324911"},{"taxonomy":"product_tag","embeddable":true,"href":"https:\/\/peilishop.com\/fr\/wp-json\/wp\/v2\/product_tag?post=324911"}],"curies":[{"name":"wp","href":"https:\/\/api.w.org\/{rel}","templated":true}]}}