{"id":324877,"date":"2023-05-15T05:16:00","date_gmt":"2023-05-15T09:16:00","guid":{"rendered":"https:\/\/peilishop.com\/product\/zena-neckerchief-silk-scarf\/"},"modified":"2025-07-03T09:44:43","modified_gmt":"2025-07-03T13:44:43","slug":"zena-neckerchief-silk-scarf","status":"publish","type":"product","link":"https:\/\/peilishop.com\/fr\/produit\/zena-neckerchief-silk-scarf\/","title":{"rendered":"Foulard en soie Zena Neckerchief"},"content":{"rendered":"\t\t<div data-elementor-type=\"wp-post\" data-elementor-id=\"324877\" class=\"elementor elementor-324877 elementor-44774\" data-elementor-post-type=\"product\">\n\t\t\t\t\t\t<section class=\"wd-negative-gap elementor-section elementor-top-section elementor-element elementor-element-309ee49 elementor-section-boxed elementor-section-height-default elementor-section-height-default\" data-id=\"309ee49\" data-element_type=\"section\" data-e-type=\"section\">\n\t\t\t\t\t\t<div class=\"elementor-container elementor-column-gap-default\">\n\t\t\t\t\t<div class=\"elementor-column elementor-col-100 elementor-top-column elementor-element elementor-element-27c6e88\" data-id=\"27c6e88\" data-element_type=\"column\" data-e-type=\"column\">\n\t\t\t<div class=\"elementor-widget-wrap elementor-element-populated\">\n\t\t\t\t\t\t<div class=\"elementor-element elementor-element-ffd11f9 color-scheme-inherit text-left elementor-widget elementor-widget-text-editor\" data-id=\"ffd11f9\" data-element_type=\"widget\" data-e-type=\"widget\" data-widget_type=\"text-editor.default\">\n\t\t\t\t<div class=\"elementor-widget-container\">\n\t\t\t\t\t\t\t\t\t<p style=\"text-align: left;\"><span data-preserver-spaces=\"true\">Rehaussez n&rsquo;importe quelle tenue avec l&rsquo;\u00e9charpe \u00e0 mouchoir Zena. R\u00e9alis\u00e9e en soie luxueuse, cette \u00e9charpe est \u00e0 la fois douce et l\u00e9g\u00e8re. L&rsquo;imprim\u00e9 abstrait ajoute une touche de couleur et une touche artistique \u00e0 n&rsquo;importe quelle tenue, ce qui la rend parfaite pour toutes les occasions. <br><\/span><\/p><ul><li style=\"text-align: left;\"><span data-preserver-spaces=\"true\">Mati\u00e8re : <\/span><span data-preserver-spaces=\"true\">100%<\/span> soie de m\u00fbrier de qualit\u00e9 6A <span data-preserver-spaces=\"true\">(16 mm)<br><\/span><\/li><li style=\"text-align: left;\">Taille : 56cm x 170cm\/ 22&Prime; x 67&Prime;<\/li><li style=\"text-align: left;\">Forme triangulaire<\/li><li style=\"text-align: left;\">Poids : 20 grammes<\/li><li>Fabriqu\u00e9 avec soin \u00e0 Hangzhou<\/li><\/ul>\t\t\t\t\t\t\t\t<\/div>\n\t\t\t\t<\/div>\n\t\t\t\t\t<\/div>\n\t\t<\/div>\n\t\t\t\t\t<\/div>\n\t\t<\/section>\n\t\t\t\t<\/div>\n\t\t","protected":false},"excerpt":{"rendered":"<p>Rehaussez n&rsquo;importe quelle tenue avec l&rsquo;\u00e9charpe \u00e0 mouchoir Zena. R\u00e9alis\u00e9e en soie luxueuse, cette \u00e9charpe est \u00e0 la fois douce<\/p>\n","protected":false},"featured_media":257026,"comment_status":"open","ping_status":"closed","template":"","meta":[],"product_brand":[],"product_cat":[1466,1467,1143],"product_tag":[1420],"class_list":{"0":"post-324877","1":"product","2":"type-product","3":"status-publish","4":"has-post-thumbnail","6":"product_cat-foulards-en-soie","7":"product_cat-foulards-en-soie-fr","8":"product_cat-foulards-et-echarpes","9":"product_tag-raye","10":"product_shipping_class-pliable","11":"pa_color-rose-vif","12":"pa_color-rouge-bourgogne","13":"pa_color-sarcelle","14":"pa_material-soie","15":"pa_pattern-abstract","17":"first","18":"instock","19":"shipping-taxable","20":"purchasable","21":"product-type-variable"},"_links":{"self":[{"href":"https:\/\/peilishop.com\/fr\/wp-json\/wp\/v2\/product\/324877","targetHints":{"allow":["GET"]}}],"collection":[{"href":"https:\/\/peilishop.com\/fr\/wp-json\/wp\/v2\/product"}],"about":[{"href":"https:\/\/peilishop.com\/fr\/wp-json\/wp\/v2\/types\/product"}],"replies":[{"embeddable":true,"href":"https:\/\/peilishop.com\/fr\/wp-json\/wp\/v2\/comments?post=324877"}],"version-history":[{"count":0,"href":"https:\/\/peilishop.com\/fr\/wp-json\/wp\/v2\/product\/324877\/revisions"}],"wp:featuredmedia":[{"embeddable":true,"href":"https:\/\/peilishop.com\/fr\/wp-json\/wp\/v2\/media\/257026"}],"wp:attachment":[{"href":"https:\/\/peilishop.com\/fr\/wp-json\/wp\/v2\/media?parent=324877"}],"wp:term":[{"taxonomy":"product_brand","embeddable":true,"href":"https:\/\/peilishop.com\/fr\/wp-json\/wp\/v2\/product_brand?post=324877"},{"taxonomy":"product_cat","embeddable":true,"href":"https:\/\/peilishop.com\/fr\/wp-json\/wp\/v2\/product_cat?post=324877"},{"taxonomy":"product_tag","embeddable":true,"href":"https:\/\/peilishop.com\/fr\/wp-json\/wp\/v2\/product_tag?post=324877"}],"curies":[{"name":"wp","href":"https:\/\/api.w.org\/{rel}","templated":true}]}}