{"id":324841,"date":"2023-05-16T04:15:00","date_gmt":"2023-05-16T08:15:00","guid":{"rendered":"https:\/\/peilishop.com\/product\/geb-neckerchief-silk-scarf-2\/"},"modified":"2025-07-03T09:44:40","modified_gmt":"2025-07-03T13:44:40","slug":"geb-neckerchief-silk-scarf-2","status":"publish","type":"product","link":"https:\/\/peilishop.com\/fr\/produit\/geb-neckerchief-silk-scarf-2\/","title":{"rendered":"Foulard en soie Geb Neckerchief"},"content":{"rendered":"\t\t<div data-elementor-type=\"wp-post\" data-elementor-id=\"324841\" class=\"elementor elementor-324841 elementor-40661\" data-elementor-post-type=\"product\">\n\t\t\t\t\t\t<section class=\"wd-negative-gap elementor-section elementor-top-section elementor-element elementor-element-309ee49 elementor-section-boxed elementor-section-height-default elementor-section-height-default\" data-id=\"309ee49\" data-element_type=\"section\" data-e-type=\"section\">\n\t\t\t\t\t\t<div class=\"elementor-container elementor-column-gap-default\">\n\t\t\t\t\t<div class=\"elementor-column elementor-col-100 elementor-top-column elementor-element elementor-element-27c6e88\" data-id=\"27c6e88\" data-element_type=\"column\" data-e-type=\"column\">\n\t\t\t<div class=\"elementor-widget-wrap elementor-element-populated\">\n\t\t\t\t\t\t<div class=\"elementor-element elementor-element-ffd11f9 color-scheme-inherit text-left elementor-widget elementor-widget-text-editor\" data-id=\"ffd11f9\" data-element_type=\"widget\" data-e-type=\"widget\" data-widget_type=\"text-editor.default\">\n\t\t\t\t<div class=\"elementor-widget-container\">\n\t\t\t\t\t\t\t\t\t<p style=\"text-align: left;\"><span data-preserver-spaces=\"true\">Ajoutez une touche de couleur \u00e0 n&rsquo;importe quelle tenue ! Fabriqu\u00e9e en soie luxueuse de haute qualit\u00e9, cette \u00e9charpe aux couleurs contrast\u00e9es est \u00e0 la fois douce et l\u00e9g\u00e8re, ce qui permet de la porter confortablement tout au long de la journ\u00e9e.   <\/span><span data-preserver-spaces=\"true\">Portez-la comme un foulard, nouez-la autour de votre poignet ou ajoutez-la \u00e0 vos cheveux pour un look chic.  <\/span><\/p>\n<ul>\n<li style=\"text-align: left;\"><span data-preserver-spaces=\"true\">Mati\u00e8re :<\/span><span data-preserver-spaces=\"true\">100%<\/span> soie de m\u00fbrier de qualit\u00e9 6A <span data-preserver-spaces=\"true\">(8 momme) <br><\/span><\/li>\n<li style=\"text-align: left;\">Taille : 58cm x 175cm (22.8&Prime; x 68.9&Prime;)<\/li>\n<li style=\"text-align: left;\">Forme de triangle<\/li>\n<li style=\"text-align: left;\">Poids : 10 grammes<\/li>\n<li style=\"text-align: left;\">Fabriqu\u00e9 avec soin \u00e0 Hangzhou<\/li>\n<\/ul>\t\t\t\t\t\t\t\t<\/div>\n\t\t\t\t<\/div>\n\t\t\t\t\t<\/div>\n\t\t<\/div>\n\t\t\t\t\t<\/div>\n\t\t<\/section>\n\t\t\t\t<\/div>\n\t\t","protected":false},"excerpt":{"rendered":"<p>Ajoutez une touche de couleur \u00e0 n&rsquo;importe quelle tenue ! Fabriqu\u00e9e en soie luxueuse de haute qualit\u00e9, cette \u00e9charpe aux<\/p>\n","protected":false},"featured_media":257190,"comment_status":"open","ping_status":"closed","template":"","meta":[],"product_brand":[],"product_cat":[1466,1467,1143],"product_tag":[1145],"class_list":{"0":"post-324841","1":"product","2":"type-product","3":"status-publish","4":"has-post-thumbnail","6":"product_cat-foulards-en-soie","7":"product_cat-foulards-en-soie-fr","8":"product_cat-foulards-et-echarpes","9":"product_tag-floral-fr","10":"product_shipping_class-pliable","11":"pa_color-air-force-blue-fr","12":"pa_color-rouge-clair","13":"pa_material-soie","14":"pa_pattern-colorblock","16":"first","17":"instock","18":"shipping-taxable","19":"purchasable","20":"product-type-variable"},"_links":{"self":[{"href":"https:\/\/peilishop.com\/fr\/wp-json\/wp\/v2\/product\/324841","targetHints":{"allow":["GET"]}}],"collection":[{"href":"https:\/\/peilishop.com\/fr\/wp-json\/wp\/v2\/product"}],"about":[{"href":"https:\/\/peilishop.com\/fr\/wp-json\/wp\/v2\/types\/product"}],"replies":[{"embeddable":true,"href":"https:\/\/peilishop.com\/fr\/wp-json\/wp\/v2\/comments?post=324841"}],"version-history":[{"count":0,"href":"https:\/\/peilishop.com\/fr\/wp-json\/wp\/v2\/product\/324841\/revisions"}],"wp:featuredmedia":[{"embeddable":true,"href":"https:\/\/peilishop.com\/fr\/wp-json\/wp\/v2\/media\/257190"}],"wp:attachment":[{"href":"https:\/\/peilishop.com\/fr\/wp-json\/wp\/v2\/media?parent=324841"}],"wp:term":[{"taxonomy":"product_brand","embeddable":true,"href":"https:\/\/peilishop.com\/fr\/wp-json\/wp\/v2\/product_brand?post=324841"},{"taxonomy":"product_cat","embeddable":true,"href":"https:\/\/peilishop.com\/fr\/wp-json\/wp\/v2\/product_cat?post=324841"},{"taxonomy":"product_tag","embeddable":true,"href":"https:\/\/peilishop.com\/fr\/wp-json\/wp\/v2\/product_tag?post=324841"}],"curies":[{"name":"wp","href":"https:\/\/api.w.org\/{rel}","templated":true}]}}