{"id":324637,"date":"2023-05-21T10:11:00","date_gmt":"2023-05-21T14:11:00","guid":{"rendered":"https:\/\/peilishop.com\/product\/ariella-triangle-line-print-square-silk-scarf\/"},"modified":"2025-07-03T05:35:29","modified_gmt":"2025-07-03T09:35:29","slug":"ariella-triangle-line-print-square-silk-scarf","status":"publish","type":"product","link":"https:\/\/peilishop.com\/fr\/produit\/ariella-triangle-line-print-square-silk-scarf\/","title":{"rendered":"Foulard en soie \u00e0 imprim\u00e9 lin\u00e9aire carr\u00e9 Ariella Triangle"},"content":{"rendered":"\t\t<div data-elementor-type=\"wp-post\" data-elementor-id=\"324637\" class=\"elementor elementor-324637 elementor-55854\" data-elementor-post-type=\"product\">\n\t\t\t\t\t\t<section class=\"wd-negative-gap elementor-section elementor-top-section elementor-element elementor-element-309ee49 elementor-section-boxed elementor-section-height-default elementor-section-height-default\" data-id=\"309ee49\" data-element_type=\"section\" data-e-type=\"section\">\n\t\t\t\t\t\t<div class=\"elementor-container elementor-column-gap-default\">\n\t\t\t\t\t<div class=\"elementor-column elementor-col-100 elementor-top-column elementor-element elementor-element-27c6e88\" data-id=\"27c6e88\" data-element_type=\"column\" data-e-type=\"column\">\n\t\t\t<div class=\"elementor-widget-wrap elementor-element-populated\">\n\t\t\t\t\t\t<div class=\"elementor-element elementor-element-ffd11f9 color-scheme-inherit text-left elementor-widget elementor-widget-text-editor\" data-id=\"ffd11f9\" data-element_type=\"widget\" data-e-type=\"widget\" data-widget_type=\"text-editor.default\">\n\t\t\t\t<div class=\"elementor-widget-container\">\n\t\t\t\t\t\t\t\t\t<p style=\"text-align: left;\"><span data-preserver-spaces=\"true\">Cette superbe \u00e9charpe en soie est un accessoire polyvalent et \u00e9l\u00e9gant qui peut \u00eatre port\u00e9 de diff\u00e9rentes mani\u00e8res. Il pr\u00e9sente un imprim\u00e9 g\u00e9om\u00e9trique \u00e0 lignes triangulaires, qui ajoutera une touche de luxe et de sophistication \u00e0 n&rsquo;importe quelle tenue.   <br><\/span><\/p><ul><li style=\"text-align: left;\"><span data-preserver-spaces=\"true\">Mati\u00e8re : <\/span><span data-preserver-spaces=\"true\">100%<\/span> soie de m\u00fbrier de qualit\u00e9 6A <span data-preserver-spaces=\"true\">(14 mm)<br><\/span><\/li><li style=\"text-align: left;\">Taille : 53cm x 53cm\/ 20.86&Prime; x 20.86&Prime;<\/li><li style=\"text-align: left;\">Forme carr\u00e9e<\/li><li style=\"text-align: left;\">Poids : 90 grammes<\/li><li>Fabriqu\u00e9 avec soin \u00e0 Hangzhou<\/li><\/ul>\t\t\t\t\t\t\t\t<\/div>\n\t\t\t\t<\/div>\n\t\t\t\t\t<\/div>\n\t\t<\/div>\n\t\t\t\t\t<\/div>\n\t\t<\/section>\n\t\t\t\t<\/div>\n\t\t","protected":false},"excerpt":{"rendered":"<p>Cette superbe \u00e9charpe en soie est un accessoire polyvalent et \u00e9l\u00e9gant qui peut \u00eatre port\u00e9 de diff\u00e9rentes mani\u00e8res. Il pr\u00e9sente<\/p>\n","protected":false},"featured_media":323234,"comment_status":"open","ping_status":"closed","template":"","meta":[],"product_brand":[],"product_cat":[1503,1466,1143],"product_tag":[],"class_list":{"0":"post-324637","1":"product","2":"type-product","3":"status-publish","4":"has-post-thumbnail","6":"product_cat-enveloppes-de-soie","7":"product_cat-foulards-en-soie","8":"product_cat-foulards-et-echarpes","9":"product_shipping_class-pliable","10":"pa_color-noir","11":"pa_color-sarcelle","12":"pa_color-tan-clair","13":"pa_material-soie","14":"pa_pattern-abstract","16":"first","17":"instock","18":"shipping-taxable","19":"purchasable","20":"product-type-variable"},"_links":{"self":[{"href":"https:\/\/peilishop.com\/fr\/wp-json\/wp\/v2\/product\/324637","targetHints":{"allow":["GET"]}}],"collection":[{"href":"https:\/\/peilishop.com\/fr\/wp-json\/wp\/v2\/product"}],"about":[{"href":"https:\/\/peilishop.com\/fr\/wp-json\/wp\/v2\/types\/product"}],"replies":[{"embeddable":true,"href":"https:\/\/peilishop.com\/fr\/wp-json\/wp\/v2\/comments?post=324637"}],"version-history":[{"count":0,"href":"https:\/\/peilishop.com\/fr\/wp-json\/wp\/v2\/product\/324637\/revisions"}],"wp:featuredmedia":[{"embeddable":true,"href":"https:\/\/peilishop.com\/fr\/wp-json\/wp\/v2\/media\/323234"}],"wp:attachment":[{"href":"https:\/\/peilishop.com\/fr\/wp-json\/wp\/v2\/media?parent=324637"}],"wp:term":[{"taxonomy":"product_brand","embeddable":true,"href":"https:\/\/peilishop.com\/fr\/wp-json\/wp\/v2\/product_brand?post=324637"},{"taxonomy":"product_cat","embeddable":true,"href":"https:\/\/peilishop.com\/fr\/wp-json\/wp\/v2\/product_cat?post=324637"},{"taxonomy":"product_tag","embeddable":true,"href":"https:\/\/peilishop.com\/fr\/wp-json\/wp\/v2\/product_tag?post=324637"}],"curies":[{"name":"wp","href":"https:\/\/api.w.org\/{rel}","templated":true}]}}