{"id":324602,"date":"2023-05-22T08:27:00","date_gmt":"2023-05-22T12:27:00","guid":{"rendered":"https:\/\/peilishop.com\/product\/avia-buffalo-fringed-silk-scarf-wrap\/"},"modified":"2025-07-03T05:35:24","modified_gmt":"2025-07-03T09:35:24","slug":"avia-buffalo-fringed-silk-scarf-wrap","status":"publish","type":"product","link":"https:\/\/peilishop.com\/fr\/produit\/avia-buffalo-fringed-silk-scarf-wrap\/","title":{"rendered":"\u00c9charpe en soie frang\u00e9e Avia Buffalo"},"content":{"rendered":"\t\t<div data-elementor-type=\"wp-post\" data-elementor-id=\"324602\" class=\"elementor elementor-324602 elementor-55942\" data-elementor-post-type=\"product\">\n\t\t\t\t\t\t<section class=\"wd-negative-gap elementor-section elementor-top-section elementor-element elementor-element-309ee49 elementor-section-boxed elementor-section-height-default elementor-section-height-default\" data-id=\"309ee49\" data-element_type=\"section\" data-e-type=\"section\">\n\t\t\t\t\t\t<div class=\"elementor-container elementor-column-gap-default\">\n\t\t\t\t\t<div class=\"elementor-column elementor-col-100 elementor-top-column elementor-element elementor-element-27c6e88\" data-id=\"27c6e88\" data-element_type=\"column\" data-e-type=\"column\">\n\t\t\t<div class=\"elementor-widget-wrap elementor-element-populated\">\n\t\t\t\t\t\t<div class=\"elementor-element elementor-element-ffd11f9 color-scheme-inherit text-left elementor-widget elementor-widget-text-editor\" data-id=\"ffd11f9\" data-element_type=\"widget\" data-e-type=\"widget\" data-widget_type=\"text-editor.default\">\n\t\t\t\t<div class=\"elementor-widget-container\">\n\t\t\t\t\t\t\t\t\t<p style=\"text-align: left;\">L&rsquo;\u00e9charpe Avia est un accessoire luxueux et \u00e9l\u00e9gant en soie de haute qualit\u00e9. Elle pr\u00e9sente un imprim\u00e9 buffle audacieux et se termine par de d\u00e9licats bords frang\u00e9s. Elle peut \u00eatre port\u00e9e comme un foulard, un ch\u00e2le ou une \u00e9charpe, ce qui en fait un accessoire polyvalent pour votre garde-robe. Le tissu de soie doux et l\u00e9ger se drape magnifiquement et est agr\u00e9able au contact de la peau, ce qui en fait un accessoire id\u00e9al en toute saison.   <\/p><ul><li style=\"text-align: left;\"><span data-preserver-spaces=\"true\">Mati\u00e8re : <\/span><span data-preserver-spaces=\"true\">100%<\/span> soie de m\u00fbrier de qualit\u00e9 6A <span data-preserver-spaces=\"true\">(9 momme)<br><\/span><\/li><li style=\"text-align: left;\">Taille : 65 cm x 200cm (25.6&Prime; x 78.7&Prime;)<\/li><li style=\"text-align: left;\">Forme rectangulaire<\/li><li style=\"text-align: left;\">Poids : 60 grammes<\/li><li style=\"text-align: left;\">Fabriqu\u00e9 avec soin \u00e0 Hangzhou<\/li><\/ul>\t\t\t\t\t\t\t\t<\/div>\n\t\t\t\t<\/div>\n\t\t\t\t\t<\/div>\n\t\t<\/div>\n\t\t\t\t\t<\/div>\n\t\t<\/section>\n\t\t\t\t<\/div>\n\t\t","protected":false},"excerpt":{"rendered":"<p>L&rsquo;\u00e9charpe Avia est un accessoire luxueux et \u00e9l\u00e9gant en soie de haute qualit\u00e9. Elle pr\u00e9sente un imprim\u00e9 buffle audacieux et<\/p>\n","protected":false},"featured_media":257734,"comment_status":"open","ping_status":"closed","template":"","meta":[],"product_brand":[],"product_cat":[1503,1466,1502,1143],"product_tag":[1524],"class_list":{"0":"post-324602","1":"product","2":"type-product","3":"status-publish","4":"has-post-thumbnail","6":"product_cat-enveloppes-de-soie","7":"product_cat-foulards-en-soie","8":"product_cat-foulards-en-soie-ultra-legers","9":"product_cat-foulards-et-echarpes","10":"product_tag-animal-fr","11":"product_shipping_class-pliable","12":"pa_color-tan-fr","13":"pa_color-vert-chasseur","14":"pa_material-soie","15":"pa_pattern-animal","16":"pa_pattern-patterned","18":"first","19":"instock","20":"shipping-taxable","21":"purchasable","22":"product-type-variable"},"_links":{"self":[{"href":"https:\/\/peilishop.com\/fr\/wp-json\/wp\/v2\/product\/324602","targetHints":{"allow":["GET"]}}],"collection":[{"href":"https:\/\/peilishop.com\/fr\/wp-json\/wp\/v2\/product"}],"about":[{"href":"https:\/\/peilishop.com\/fr\/wp-json\/wp\/v2\/types\/product"}],"replies":[{"embeddable":true,"href":"https:\/\/peilishop.com\/fr\/wp-json\/wp\/v2\/comments?post=324602"}],"version-history":[{"count":0,"href":"https:\/\/peilishop.com\/fr\/wp-json\/wp\/v2\/product\/324602\/revisions"}],"wp:featuredmedia":[{"embeddable":true,"href":"https:\/\/peilishop.com\/fr\/wp-json\/wp\/v2\/media\/257734"}],"wp:attachment":[{"href":"https:\/\/peilishop.com\/fr\/wp-json\/wp\/v2\/media?parent=324602"}],"wp:term":[{"taxonomy":"product_brand","embeddable":true,"href":"https:\/\/peilishop.com\/fr\/wp-json\/wp\/v2\/product_brand?post=324602"},{"taxonomy":"product_cat","embeddable":true,"href":"https:\/\/peilishop.com\/fr\/wp-json\/wp\/v2\/product_cat?post=324602"},{"taxonomy":"product_tag","embeddable":true,"href":"https:\/\/peilishop.com\/fr\/wp-json\/wp\/v2\/product_tag?post=324602"}],"curies":[{"name":"wp","href":"https:\/\/api.w.org\/{rel}","templated":true}]}}