{"id":324433,"date":"2023-10-03T11:06:00","date_gmt":"2023-10-03T15:06:00","guid":{"rendered":"https:\/\/peilishop.com\/product\/cynthia-cashmere-scarf\/"},"modified":"2026-01-14T03:15:31","modified_gmt":"2026-01-14T08:15:31","slug":"cynthia-cashmere-scarf","status":"publish","type":"product","link":"https:\/\/peilishop.com\/fr\/produit\/cynthia-cashmere-scarf\/","title":{"rendered":"\u00c9charpe en cachemire Cynthia"},"content":{"rendered":"\t\t<div data-elementor-type=\"wp-post\" data-elementor-id=\"324433\" class=\"elementor elementor-324433 elementor-60186\" data-elementor-post-type=\"product\">\n\t\t\t\t\t\t<section class=\"wd-negative-gap elementor-section elementor-top-section elementor-element elementor-element-309ee49 elementor-section-boxed elementor-section-height-default elementor-section-height-default\" data-id=\"309ee49\" data-element_type=\"section\" data-e-type=\"section\">\n\t\t\t\t\t\t<div class=\"elementor-container elementor-column-gap-default\">\n\t\t\t\t\t<div class=\"elementor-column elementor-col-100 elementor-top-column elementor-element elementor-element-27c6e88\" data-id=\"27c6e88\" data-element_type=\"column\" data-e-type=\"column\">\n\t\t\t<div class=\"elementor-widget-wrap elementor-element-populated\">\n\t\t\t\t\t\t<div class=\"elementor-element elementor-element-ffd11f9 color-scheme-inherit text-left elementor-widget elementor-widget-text-editor\" data-id=\"ffd11f9\" data-element_type=\"widget\" data-e-type=\"widget\" data-widget_type=\"text-editor.default\">\n\t\t\t\t<div class=\"elementor-widget-container\">\n\t\t\t\t\t\t\t\t\t<p>Confectionn\u00e9e dans le cachemire le plus fin, l&rsquo;\u00e9charpe Cynthia est le compagnon id\u00e9al de votre garde-robe hivernale. Dot\u00e9e d&rsquo;un design long classique et de bordures \u00e0 rayures contrast\u00e9es, cette \u00e9charpe exquise deviendra facilement un favori incontournable. Les bordures finement effiloch\u00e9es ajoutent la touche finale parfaite pour un look \u00e0 la fois \u00e9l\u00e9gant et confortable.  <\/p><ul><li><span data-preserver-spaces=\"true\">Mati\u00e8re : <\/span><span data-preserver-spaces=\"true\">100 % cachemire mongol de qualit\u00e9 A <\/span> <\/li><li>Teinture naturelle, sans produits chimiques nocifs<\/li><li><span data-preserver-spaces=\"true\">  Confort : Doux et respirant, pas de d\u00e9mangeaisons ni de surchauffe.<\/span><\/li><li><span data-preserver-spaces=\"true\">Taille : <\/span><span data-preserver-spaces=\"true\">174cm (170cm+2x2cm frange ) x 30cm \/ 68.5\u2033 (67\u2033+ 2\u00d70.8\u2033 frange) x 11.8\u2033<\/span><\/li><li><span data-preserver-spaces=\"true\">Poids l\u00e9ger : 120 grammes<\/span><\/li><li><span data-preserver-spaces=\"true\">Fabriqu\u00e9 avec soin en Mongolie int\u00e9rieure<\/span><\/li><\/ul>\t\t\t\t\t\t\t\t<\/div>\n\t\t\t\t<\/div>\n\t\t\t\t\t<\/div>\n\t\t<\/div>\n\t\t\t\t\t<\/div>\n\t\t<\/section>\n\t\t\t\t<\/div>\n\t\t","protected":false},"excerpt":{"rendered":"<p>Confectionn\u00e9e dans le cachemire le plus fin, l&rsquo;\u00e9charpe Cynthia est le compagnon id\u00e9al de votre garde-robe hivernale. Dot\u00e9e d&rsquo;un design<\/p>\n","protected":false},"featured_media":263790,"comment_status":"open","ping_status":"closed","template":"","meta":[],"product_brand":[],"product_cat":[1744],"product_tag":[1216],"class_list":{"0":"post-324433","1":"product","2":"type-product","3":"status-publish","4":"has-post-thumbnail","6":"product_cat-echarpes-classiques-en-cachemire","7":"product_tag-simple","8":"product_shipping_class-pliable","9":"pa_color-brun-cacao","10":"pa_color-marron-fr","11":"pa_color-noir","12":"pa_color-rouge-rouille","13":"pa_color-vert-armee","14":"pa_material-cachemire","15":"pa_pattern-fringe","16":"pa_pattern-plain","17":"pa_pattern-striped","19":"first","20":"instock","21":"sale","22":"shipping-taxable","23":"purchasable","24":"product-type-variable"},"_links":{"self":[{"href":"https:\/\/peilishop.com\/fr\/wp-json\/wp\/v2\/product\/324433","targetHints":{"allow":["GET"]}}],"collection":[{"href":"https:\/\/peilishop.com\/fr\/wp-json\/wp\/v2\/product"}],"about":[{"href":"https:\/\/peilishop.com\/fr\/wp-json\/wp\/v2\/types\/product"}],"replies":[{"embeddable":true,"href":"https:\/\/peilishop.com\/fr\/wp-json\/wp\/v2\/comments?post=324433"}],"version-history":[{"count":0,"href":"https:\/\/peilishop.com\/fr\/wp-json\/wp\/v2\/product\/324433\/revisions"}],"wp:featuredmedia":[{"embeddable":true,"href":"https:\/\/peilishop.com\/fr\/wp-json\/wp\/v2\/media\/263790"}],"wp:attachment":[{"href":"https:\/\/peilishop.com\/fr\/wp-json\/wp\/v2\/media?parent=324433"}],"wp:term":[{"taxonomy":"product_brand","embeddable":true,"href":"https:\/\/peilishop.com\/fr\/wp-json\/wp\/v2\/product_brand?post=324433"},{"taxonomy":"product_cat","embeddable":true,"href":"https:\/\/peilishop.com\/fr\/wp-json\/wp\/v2\/product_cat?post=324433"},{"taxonomy":"product_tag","embeddable":true,"href":"https:\/\/peilishop.com\/fr\/wp-json\/wp\/v2\/product_tag?post=324433"}],"curies":[{"name":"wp","href":"https:\/\/api.w.org\/{rel}","templated":true}]}}