{"id":324408,"date":"2023-10-07T00:17:00","date_gmt":"2023-10-07T04:17:00","guid":{"rendered":"https:\/\/peilishop.com\/product\/lyla-reversible-cashmere-scarf\/"},"modified":"2025-07-16T05:01:30","modified_gmt":"2025-07-16T09:01:30","slug":"lyla-reversible-cashmere-scarf","status":"publish","type":"product","link":"https:\/\/peilishop.com\/fr\/produit\/lyla-reversible-cashmere-scarf\/","title":{"rendered":"\u00c9charpe r\u00e9versible en cachemire Lyla"},"content":{"rendered":"\t\t<div data-elementor-type=\"wp-post\" data-elementor-id=\"324408\" class=\"elementor elementor-324408 elementor-60238\" data-elementor-post-type=\"product\">\n\t\t\t\t\t\t<section class=\"wd-negative-gap elementor-section elementor-top-section elementor-element elementor-element-309ee49 elementor-section-boxed elementor-section-height-default elementor-section-height-default\" data-id=\"309ee49\" data-element_type=\"section\" data-e-type=\"section\">\n\t\t\t\t\t\t<div class=\"elementor-container elementor-column-gap-default\">\n\t\t\t\t\t<div class=\"elementor-column elementor-col-100 elementor-top-column elementor-element elementor-element-27c6e88\" data-id=\"27c6e88\" data-element_type=\"column\" data-e-type=\"column\">\n\t\t\t<div class=\"elementor-widget-wrap elementor-element-populated\">\n\t\t\t\t\t\t<div class=\"elementor-element elementor-element-ffd11f9 color-scheme-inherit text-left elementor-widget elementor-widget-text-editor\" data-id=\"ffd11f9\" data-element_type=\"widget\" data-e-type=\"widget\" data-widget_type=\"text-editor.default\">\n\t\t\t\t<div class=\"elementor-widget-container\">\n\t\t\t\t\t\t\t\t\t<p>Fabriqu\u00e9e en cachemire luxueux, chaque \u00e9charpe se d\u00e9cline en deux tons de couleurs \u00e9tonnants, ce qui vous donne plus d&rsquo;options pour coordonner vos tenues. Les jolies extr\u00e9mit\u00e9s \u00e0 pompons ajoutent la bonne dose de charme et d&rsquo;amusement. Quelle que soit l&rsquo;occasion, l&rsquo;\u00e9charpe Lyla sera le compl\u00e9ment id\u00e9al de votre look.  <\/p><ul><li><span data-preserver-spaces=\"true\">Mati\u00e8re : <\/span><span data-preserver-spaces=\"true\">100 % cachemire mongol de qualit\u00e9 A <\/span> <\/li><li>Teinture naturelle, sans produits chimiques nocifs<\/li><li><span data-preserver-spaces=\"true\">Taille : <\/span><span data-preserver-spaces=\"true\">180cm (164cm+2x8cm frange ) x 30cm \/ 70.87\u2033 (64.56\u2033+ 2\u00d73.15\u2033 frange) x 11.8\u2033<\/span><\/li><li><span data-preserver-spaces=\"true\">Poids : 125 grammes<\/span><\/li><li><span data-preserver-spaces=\"true\">Fabriqu\u00e9 avec soin en Mongolie int\u00e9rieure<\/span><\/li><\/ul>\t\t\t\t\t\t\t\t<\/div>\n\t\t\t\t<\/div>\n\t\t\t\t\t<\/div>\n\t\t<\/div>\n\t\t\t\t\t<\/div>\n\t\t<\/section>\n\t\t\t\t<\/div>\n\t\t","protected":false},"excerpt":{"rendered":"<p>Fabriqu\u00e9e en cachemire luxueux, chaque \u00e9charpe se d\u00e9cline en deux tons de couleurs \u00e9tonnants, ce qui vous donne plus d&rsquo;options<\/p>\n","protected":false},"featured_media":265426,"comment_status":"open","ping_status":"closed","template":"","meta":[],"product_brand":[],"product_cat":[1744],"product_tag":[1216],"class_list":{"0":"post-324408","1":"product","2":"type-product","3":"status-publish","4":"has-post-thumbnail","6":"product_cat-echarpes-classiques-en-cachemire","7":"product_tag-simple","8":"product_shipping_class-pliable","9":"pa_color-bleu-pigeon","10":"pa_color-bleu-poudre","11":"pa_color-chameau","12":"pa_color-kaki","13":"pa_color-pedale-rose","14":"pa_material-cachemire","15":"pa_pattern-fringe","16":"pa_pattern-plain","18":"first","19":"instock","20":"shipping-taxable","21":"purchasable","22":"product-type-variable"},"_links":{"self":[{"href":"https:\/\/peilishop.com\/fr\/wp-json\/wp\/v2\/product\/324408","targetHints":{"allow":["GET"]}}],"collection":[{"href":"https:\/\/peilishop.com\/fr\/wp-json\/wp\/v2\/product"}],"about":[{"href":"https:\/\/peilishop.com\/fr\/wp-json\/wp\/v2\/types\/product"}],"replies":[{"embeddable":true,"href":"https:\/\/peilishop.com\/fr\/wp-json\/wp\/v2\/comments?post=324408"}],"version-history":[{"count":0,"href":"https:\/\/peilishop.com\/fr\/wp-json\/wp\/v2\/product\/324408\/revisions"}],"wp:featuredmedia":[{"embeddable":true,"href":"https:\/\/peilishop.com\/fr\/wp-json\/wp\/v2\/media\/265426"}],"wp:attachment":[{"href":"https:\/\/peilishop.com\/fr\/wp-json\/wp\/v2\/media?parent=324408"}],"wp:term":[{"taxonomy":"product_brand","embeddable":true,"href":"https:\/\/peilishop.com\/fr\/wp-json\/wp\/v2\/product_brand?post=324408"},{"taxonomy":"product_cat","embeddable":true,"href":"https:\/\/peilishop.com\/fr\/wp-json\/wp\/v2\/product_cat?post=324408"},{"taxonomy":"product_tag","embeddable":true,"href":"https:\/\/peilishop.com\/fr\/wp-json\/wp\/v2\/product_tag?post=324408"}],"curies":[{"name":"wp","href":"https:\/\/api.w.org\/{rel}","templated":true}]}}