{"id":324385,"date":"2023-10-08T08:34:00","date_gmt":"2023-10-08T12:34:00","guid":{"rendered":"https:\/\/peilishop.com\/product\/rama-cashmere-scarf\/"},"modified":"2025-07-03T04:19:54","modified_gmt":"2025-07-03T08:19:54","slug":"rama-cashmere-scarf","status":"publish","type":"product","link":"https:\/\/peilishop.com\/fr\/produit\/rama-cashmere-scarf\/","title":{"rendered":"\u00c9charpe en cachemire Rama"},"content":{"rendered":"\t\t<div data-elementor-type=\"wp-post\" data-elementor-id=\"324385\" class=\"elementor elementor-324385 elementor-60497\" data-elementor-post-type=\"product\">\n\t\t\t\t\t\t<section class=\"wd-negative-gap elementor-section elementor-top-section elementor-element elementor-element-309ee49 elementor-section-boxed elementor-section-height-default elementor-section-height-default\" data-id=\"309ee49\" data-element_type=\"section\" data-e-type=\"section\">\n\t\t\t\t\t\t<div class=\"elementor-container elementor-column-gap-default\">\n\t\t\t\t\t<div class=\"elementor-column elementor-col-100 elementor-top-column elementor-element elementor-element-27c6e88\" data-id=\"27c6e88\" data-element_type=\"column\" data-e-type=\"column\">\n\t\t\t<div class=\"elementor-widget-wrap elementor-element-populated\">\n\t\t\t\t\t\t<div class=\"elementor-element elementor-element-ffd11f9 color-scheme-inherit text-left elementor-widget elementor-widget-text-editor\" data-id=\"ffd11f9\" data-element_type=\"widget\" data-e-type=\"widget\" data-widget_type=\"text-editor.default\">\n\t\t\t\t<div class=\"elementor-widget-container\">\n\t\t\t\t\t\t\t\t\t<p>L&rsquo;\u00e9charpe en cachemire Rama est l&rsquo;accessoire id\u00e9al pour rester chic et \u00e9l\u00e9gante lorsque les temp\u00e9ratures chutent. Elle est orn\u00e9e d&rsquo;un motif \u00e0 carreaux unique et creux et de bords frang\u00e9s sur tous les c\u00f4t\u00e9s, ce qui vous conf\u00e8re une allure soign\u00e9e et distingu\u00e9e \u00e0 chaque fois que vous sortez avec cette \u00e9charpe. <\/p><ul><li><span data-preserver-spaces=\"true\">Mati\u00e8re : <\/span><span data-preserver-spaces=\"true\">100 % cachemire mongol de qualit\u00e9 A <\/span> <\/li><li>Teinture naturelle, sans produits chimiques nocifs<\/li><li><span data-preserver-spaces=\"true\">  Confort : Doux et respirant, pas de d\u00e9mangeaisons ni de surchauffe.<\/span><\/li><li><span data-preserver-spaces=\"true\">Taille : <\/span><span data-preserver-spaces=\"true\">180cm x 50cm \/ 71\u2033 x 19.7\u2033<\/span><\/li><li><span data-preserver-spaces=\"true\">Poids l\u00e9ger : 100 grammes<\/span><\/li><li><span data-preserver-spaces=\"true\">Fabriqu\u00e9 avec soin en Mongolie int\u00e9rieure<\/span><\/li><\/ul>\t\t\t\t\t\t\t\t<\/div>\n\t\t\t\t<\/div>\n\t\t\t\t\t<\/div>\n\t\t<\/div>\n\t\t\t\t\t<\/div>\n\t\t<\/section>\n\t\t\t\t<\/div>\n\t\t","protected":false},"excerpt":{"rendered":"<p>L&rsquo;\u00e9charpe en cachemire Rama est l&rsquo;accessoire id\u00e9al pour rester chic et \u00e9l\u00e9gante lorsque les temp\u00e9ratures chutent. Elle est orn\u00e9e d&rsquo;un<\/p>\n","protected":false},"featured_media":265418,"comment_status":"open","ping_status":"closed","template":"","meta":[],"product_brand":[],"product_cat":[1744],"product_tag":[1216],"class_list":{"0":"post-324385","1":"product","2":"type-product","3":"status-publish","4":"has-post-thumbnail","6":"product_cat-echarpes-classiques-en-cachemire","7":"product_tag-simple","8":"product_shipping_class-pliable","9":"pa_color-blanc-ivoire","10":"pa_color-noir","11":"pa_color-rouge-bourgogne","12":"pa_material-cachemire","13":"pa_pattern-boho","14":"pa_pattern-fringe","15":"pa_pattern-open","17":"first","18":"instock","19":"sale","20":"shipping-taxable","21":"purchasable","22":"product-type-variable"},"_links":{"self":[{"href":"https:\/\/peilishop.com\/fr\/wp-json\/wp\/v2\/product\/324385","targetHints":{"allow":["GET"]}}],"collection":[{"href":"https:\/\/peilishop.com\/fr\/wp-json\/wp\/v2\/product"}],"about":[{"href":"https:\/\/peilishop.com\/fr\/wp-json\/wp\/v2\/types\/product"}],"replies":[{"embeddable":true,"href":"https:\/\/peilishop.com\/fr\/wp-json\/wp\/v2\/comments?post=324385"}],"version-history":[{"count":0,"href":"https:\/\/peilishop.com\/fr\/wp-json\/wp\/v2\/product\/324385\/revisions"}],"wp:featuredmedia":[{"embeddable":true,"href":"https:\/\/peilishop.com\/fr\/wp-json\/wp\/v2\/media\/265418"}],"wp:attachment":[{"href":"https:\/\/peilishop.com\/fr\/wp-json\/wp\/v2\/media?parent=324385"}],"wp:term":[{"taxonomy":"product_brand","embeddable":true,"href":"https:\/\/peilishop.com\/fr\/wp-json\/wp\/v2\/product_brand?post=324385"},{"taxonomy":"product_cat","embeddable":true,"href":"https:\/\/peilishop.com\/fr\/wp-json\/wp\/v2\/product_cat?post=324385"},{"taxonomy":"product_tag","embeddable":true,"href":"https:\/\/peilishop.com\/fr\/wp-json\/wp\/v2\/product_tag?post=324385"}],"curies":[{"name":"wp","href":"https:\/\/api.w.org\/{rel}","templated":true}]}}