{"id":324222,"date":"2025-11-12T12:19:00","date_gmt":"2025-11-12T17:19:00","guid":{"rendered":"https:\/\/peilishop.com\/product\/aani-pure-cashmere-featherlight-scarf-wrap\/"},"modified":"2026-05-07T10:03:44","modified_gmt":"2026-05-07T14:03:44","slug":"aani-pure-cashmere-featherlight-scarf-wrap","status":"publish","type":"product","link":"https:\/\/peilishop.com\/fr\/produit\/aani-pure-cashmere-featherlight-scarf-wrap\/","title":{"rendered":"\u00c9charpe l\u00e9g\u00e8re en cachemire pur de Aani"},"content":{"rendered":"<p>Voici l&rsquo;\u00e9charpe en cachemire Featherlight d&rsquo;Aani, l&rsquo;accessoire parfait pour toutes les occasions, \u00e0 tout moment de l&rsquo;ann\u00e9e ! Cette luxueuse \u00e9charpe est fabriqu\u00e9e \u00e0 partir du cachemire le plus fin, ce qui la rend incroyablement douce et l\u00e9g\u00e8re \u00e0 chaque fois que vous la portez. Pendant les mois les plus frais, elle est id\u00e9ale \u00e0 superposer pour vous garder au chaud, tandis que pendant les mois les plus chauds, elle est suffisamment respirante pour vous rafra\u00eechir.  <\/p>\n<ul>\n<li>Mati\u00e8re : 100% cachemire mongol de qualit\u00e9 A<\/li>\n<li>Teinture naturelle, sans produits chimiques nocifs<\/li>\n<li>Confort : Doux et respirant, pas de d\u00e9mangeaisons ni de surchauffe.<\/li>\n<li style=\"text-align: left;\">Taille : 230cm x 100cm\/ 90.5&Prime; x 39.4&Prime;<\/li>\n<li style=\"text-align: left;\">300 fils<\/li>\n<li>Featherly light : 60 grammes<\/li>\n<li>Fabriqu\u00e9 avec soin en Mongolie int\u00e9rieure<\/li>\n<li>Bo\u00eete cadeau GRATUITE incluse avec messages cadeaux optionnels<\/li>\n<\/ul>\n","protected":false},"excerpt":{"rendered":"<p>Voici l&rsquo;\u00e9charpe en cachemire Featherlight d&rsquo;Aani, l&rsquo;accessoire parfait pour toutes les occasions, \u00e0 tout moment de l&rsquo;ann\u00e9e ! Cette luxueuse<\/p>\n","protected":false},"featured_media":211451,"comment_status":"open","ping_status":"closed","template":"","meta":[],"product_brand":[],"product_cat":[1613,1143],"product_tag":[1739,1216],"class_list":{"0":"post-324222","1":"product","2":"type-product","3":"status-publish","4":"has-post-thumbnail","6":"product_cat-echarpes-en-cachemire-fr","7":"product_cat-foulards-et-echarpes","8":"product_tag-foulards-legers","9":"product_tag-simple","10":"product_shipping_class-pliable","11":"pa_color-air-force-blue-fr","12":"pa_color-amande","13":"pa_color-argent","14":"pa_color-beige-fr","15":"pa_color-blanc","16":"pa_color-blanc-ivoire","17":"pa_color-ble","18":"pa_color-bleu","19":"pa_color-bleu-ciel","20":"pa_color-bleu-clair","21":"pa_color-bleu-corail","22":"pa_color-bleu-dencre","23":"pa_color-bleu-fonce","24":"pa_color-champagne-fr","25":"pa_color-crepuscule","26":"pa_color-curry","27":"pa_color-fern-green-fr","28":"pa_color-gris-clair","29":"pa_color-gris-fonce","30":"pa_color-jaune","31":"pa_color-jaune-dor","32":"pa_color-jaune-moutarde","33":"pa_color-jaune-rose","34":"pa_color-jaune-vert","35":"pa_color-kaki","36":"pa_color-mandarine","37":"pa_color-marron-fr","38":"pa_color-marron-fonce","39":"pa_color-miel-vert","40":"pa_color-noir","41":"pa_color-nu","42":"pa_color-orange-brule","43":"pa_color-orange-vif","44":"pa_color-pedale-rose","45":"pa_color-pourpre","46":"pa_color-pourpre-nacre","47":"pa_color-rose","48":"pa_color-rose-argente","49":"pa_color-rose-corail","50":"pa_color-rose-du-desert","51":"pa_color-rose-pale","52":"pa_color-rose-rouge","53":"pa_color-rose-vif","54":"pa_color-rose-vif-clair","55":"pa_color-rouge","56":"pa_color-rouge-bourgogne","57":"pa_color-rouge-chili","58":"pa_color-saphir","59":"pa_color-tan-fr","60":"pa_color-tan-clair","61":"pa_color-vert","62":"pa_color-vert-chasseur","63":"pa_color-vert-laurier","64":"pa_color-vert-menthe","65":"pa_color-vert-olive","66":"pa_color-vert-pin","67":"pa_color-violet-clair","68":"pa_material-cachemire","69":"pa_pattern-fringe","70":"pa_pattern-plain","72":"first","73":"instock","74":"featured","75":"shipping-taxable","76":"purchasable","77":"product-type-variable","78":"has-default-attributes"},"_links":{"self":[{"href":"https:\/\/peilishop.com\/fr\/wp-json\/wp\/v2\/product\/324222","targetHints":{"allow":["GET"]}}],"collection":[{"href":"https:\/\/peilishop.com\/fr\/wp-json\/wp\/v2\/product"}],"about":[{"href":"https:\/\/peilishop.com\/fr\/wp-json\/wp\/v2\/types\/product"}],"replies":[{"embeddable":true,"href":"https:\/\/peilishop.com\/fr\/wp-json\/wp\/v2\/comments?post=324222"}],"version-history":[{"count":0,"href":"https:\/\/peilishop.com\/fr\/wp-json\/wp\/v2\/product\/324222\/revisions"}],"wp:featuredmedia":[{"embeddable":true,"href":"https:\/\/peilishop.com\/fr\/wp-json\/wp\/v2\/media\/211451"}],"wp:attachment":[{"href":"https:\/\/peilishop.com\/fr\/wp-json\/wp\/v2\/media?parent=324222"}],"wp:term":[{"taxonomy":"product_brand","embeddable":true,"href":"https:\/\/peilishop.com\/fr\/wp-json\/wp\/v2\/product_brand?post=324222"},{"taxonomy":"product_cat","embeddable":true,"href":"https:\/\/peilishop.com\/fr\/wp-json\/wp\/v2\/product_cat?post=324222"},{"taxonomy":"product_tag","embeddable":true,"href":"https:\/\/peilishop.com\/fr\/wp-json\/wp\/v2\/product_tag?post=324222"}],"curies":[{"name":"wp","href":"https:\/\/api.w.org\/{rel}","templated":true}]}}