{"id":324141,"date":"2024-06-05T06:12:00","date_gmt":"2024-06-05T10:12:00","guid":{"rendered":"https:\/\/peilishop.com\/product\/lilia-square-featherlight-cashmere-scarf-scarf\/"},"modified":"2025-07-03T04:19:50","modified_gmt":"2025-07-03T08:19:50","slug":"lilia-square-featherlight-cashmere-scarf-scarf","status":"publish","type":"product","link":"https:\/\/peilishop.com\/fr\/produit\/lilia-square-featherlight-cashmere-scarf-scarf\/","title":{"rendered":"\u00c9charpe en cachemire Lilia Square Featherlight"},"content":{"rendered":"\t\t<div data-elementor-type=\"wp-post\" data-elementor-id=\"324141\" class=\"elementor elementor-324141 elementor-64856\" data-elementor-post-type=\"product\">\n\t\t\t\t\t\t<section class=\"wd-negative-gap elementor-section elementor-top-section elementor-element elementor-element-309ee49 elementor-section-boxed elementor-section-height-default elementor-section-height-default\" data-id=\"309ee49\" data-element_type=\"section\" data-e-type=\"section\">\n\t\t\t\t\t\t<div class=\"elementor-container elementor-column-gap-default\">\n\t\t\t\t\t<div class=\"elementor-column elementor-col-100 elementor-top-column elementor-element elementor-element-27c6e88\" data-id=\"27c6e88\" data-element_type=\"column\" data-e-type=\"column\">\n\t\t\t<div class=\"elementor-widget-wrap elementor-element-populated\">\n\t\t\t\t\t\t<div class=\"elementor-element elementor-element-ffd11f9 color-scheme-inherit text-left elementor-widget elementor-widget-text-editor\" data-id=\"ffd11f9\" data-element_type=\"widget\" data-e-type=\"widget\" data-widget_type=\"text-editor.default\">\n\t\t\t\t<div class=\"elementor-widget-container\">\n\t\t\t\t\t\t\t\t\t<p>Voici l&rsquo;\u00e9charpe Lilian &#8211; l&rsquo;accessoire parfait pour toutes les occasions, \u00e0 tout moment de l&rsquo;ann\u00e9e ! Fabriqu\u00e9e \u00e0 partir du cachemire le plus fin, cette petite \u00e9charpe l\u00e9g\u00e8re est le compagnon id\u00e9al en toute saison. Elle apporte juste ce qu&rsquo;il faut de chaleur pendant les mois les plus frais, tout en restant l\u00e9g\u00e8re et respirante pendant la chaleur de l&rsquo;\u00e9t\u00e9.    <\/p><ul><li><span data-preserver-spaces=\"true\">Mati\u00e8re : <\/span><span data-preserver-spaces=\"true\">100 % cachemire mongol de qualit\u00e9 A <\/span> <\/li><li>Teinture naturelle, sans produits chimiques nocifs<\/li><li><span data-preserver-spaces=\"true\">  Confort : Doux et respirant, pas de d\u00e9mangeaisons ni de surchauffe.<\/span><\/li><li><span data-preserver-spaces=\"true\"><span data-preserver-spaces=\"true\">Taille : 100cm x 100cm\/ 39.4\u2033 x 39.4\u2033<br><\/span><\/span><\/li><li><span data-preserver-spaces=\"true\"><span data-preserver-spaces=\"true\"><span data-preserver-spaces=\"true\"><span data-preserver-spaces=\"true\">Featherly light : 30 grammes<\/span><\/span><\/span><\/span><\/li><li><span data-preserver-spaces=\"true\"><span data-preserver-spaces=\"true\"><span data-preserver-spaces=\"true\"><span data-preserver-spaces=\"true\"><span data-preserver-spaces=\"true\">Fabriqu\u00e9 avec soin en Mongolie int\u00e9rieure<\/span><\/span><\/span><\/span><\/span><\/li><\/ul>\t\t\t\t\t\t\t\t<\/div>\n\t\t\t\t<\/div>\n\t\t\t\t\t<\/div>\n\t\t<\/div>\n\t\t\t\t\t<\/div>\n\t\t<\/section>\n\t\t\t\t<\/div>\n\t\t","protected":false},"excerpt":{"rendered":"<p>Voici l&rsquo;\u00e9charpe Lilian &#8211; l&rsquo;accessoire parfait pour toutes les occasions, \u00e0 tout moment de l&rsquo;ann\u00e9e ! Fabriqu\u00e9e \u00e0 partir du<\/p>\n","protected":false},"featured_media":211445,"comment_status":"open","ping_status":"closed","template":"","meta":[],"product_brand":[],"product_cat":[1613,1143],"product_tag":[1739,1725,1216],"class_list":{"0":"post-324141","1":"product","2":"type-product","3":"status-publish","4":"has-post-thumbnail","6":"product_cat-echarpes-en-cachemire-fr","7":"product_cat-foulards-et-echarpes","8":"product_tag-foulards-legers","9":"product_tag-lightweight-scarves","10":"product_tag-simple","11":"product_shipping_class-pliable","12":"pa_color-air-force-blue-fr","13":"pa_color-blanc","14":"pa_color-blanc-ivoire","15":"pa_color-champagne-fr","16":"pa_color-gris-clair","17":"pa_color-jaune-moutarde","18":"pa_color-kaki","19":"pa_color-nu","20":"pa_color-pedale-rose","21":"pa_color-pourpre-nacre","22":"pa_color-rouge-bourgogne","23":"pa_color-tan-clair","24":"pa_color-the-vert","25":"pa_color-vert-chasseur","26":"pa_material-cachemire","27":"pa_pattern-fringe","28":"pa_pattern-plain","30":"first","31":"instock","32":"shipping-taxable","33":"purchasable","34":"product-type-variable"},"_links":{"self":[{"href":"https:\/\/peilishop.com\/fr\/wp-json\/wp\/v2\/product\/324141","targetHints":{"allow":["GET"]}}],"collection":[{"href":"https:\/\/peilishop.com\/fr\/wp-json\/wp\/v2\/product"}],"about":[{"href":"https:\/\/peilishop.com\/fr\/wp-json\/wp\/v2\/types\/product"}],"replies":[{"embeddable":true,"href":"https:\/\/peilishop.com\/fr\/wp-json\/wp\/v2\/comments?post=324141"}],"version-history":[{"count":0,"href":"https:\/\/peilishop.com\/fr\/wp-json\/wp\/v2\/product\/324141\/revisions"}],"wp:featuredmedia":[{"embeddable":true,"href":"https:\/\/peilishop.com\/fr\/wp-json\/wp\/v2\/media\/211445"}],"wp:attachment":[{"href":"https:\/\/peilishop.com\/fr\/wp-json\/wp\/v2\/media?parent=324141"}],"wp:term":[{"taxonomy":"product_brand","embeddable":true,"href":"https:\/\/peilishop.com\/fr\/wp-json\/wp\/v2\/product_brand?post=324141"},{"taxonomy":"product_cat","embeddable":true,"href":"https:\/\/peilishop.com\/fr\/wp-json\/wp\/v2\/product_cat?post=324141"},{"taxonomy":"product_tag","embeddable":true,"href":"https:\/\/peilishop.com\/fr\/wp-json\/wp\/v2\/product_tag?post=324141"}],"curies":[{"name":"wp","href":"https:\/\/api.w.org\/{rel}","templated":true}]}}